{"id":647,"date":"2021-03-29T02:13:52","date_gmt":"2021-03-29T02:13:52","guid":{"rendered":"http:\/\/localhost\/nuss\/?page_id=647"},"modified":"2026-02-08T06:49:05","modified_gmt":"2026-02-08T06:49:05","slug":"services","status":"publish","type":"page","link":"https:\/\/chimelonggiraffecastle.com\/fr\/services\/","title":{"rendered":"Services"},"content":{"rendered":"<div data-elementor-type=\"wp-page\" data-elementor-id=\"647\" class=\"elementor elementor-647\">\n\t\t\t\t\t\t<section class=\"elementor-section elementor-top-section elementor-element elementor-element-3353bc8 elementor-section-boxed elementor-section-gap-beside-yes elementor-section-height-default elementor-section-height-default elementor-section-column-vertical-align-stretch\" data-id=\"3353bc8\" data-element_type=\"section\" data-e-type=\"section\">\n\t\t\t\t\t\t<div class=\"elementor-container elementor-column-gap-extended\">\n\t\t\t\t\t<div class=\"elementor-column elementor-col-100 elementor-top-column elementor-element elementor-element-0a2bc64\" data-id=\"0a2bc64\" data-element_type=\"column\" data-e-type=\"column\">\n\t\t\t<div class=\"elementor-widget-wrap elementor-element-populated\">\n\t\t\t\t\t\t<div class=\"elementor-element elementor-element-447e3ef elementor-widget__width-initial elementor-invisible elementor-widget elementor-widget-text-editor\" data-id=\"447e3ef\" data-element_type=\"widget\" data-e-type=\"widget\" data-settings=\"{&quot;_animation&quot;:&quot;nussFadeInUp&quot;}\" data-widget_type=\"text-editor.default\">\n\t\t\t\t<div class=\"elementor-widget-container\">\n\t\t\t\t\t\t\t\t\t<p>Nous faisons de notre mieux pour offrir \u00e0 tous nos clients les services et installations n\u00e9cessaires pour rendre leur s\u00e9jour m\u00e9morable.<\/p>\t\t\t\t\t\t\t\t<\/div>\n\t\t\t\t<\/div>\n\t\t\t\t\t<\/div>\n\t\t<\/div>\n\t\t\t\t\t<\/div>\n\t\t<\/section>\n\t\t<div class=\"elementor-element elementor-element-5036240 e-flex e-con-boxed e-con e-parent\" data-id=\"5036240\" data-element_type=\"container\" data-e-type=\"container\">\n\t\t\t\t\t<div class=\"e-con-inner\">\n\t\t\t\t<div class=\"elementor-element elementor-element-d3f5073 elementor-widget elementor-widget-text-editor\" data-id=\"d3f5073\" data-element_type=\"widget\" data-e-type=\"widget\" data-widget_type=\"text-editor.default\">\n\t\t\t\t<div class=\"elementor-widget-container\">\n\t\t\t\t\t\t\t\t\t<h3 class=\"qwen-markdown-heading\"><strong class=\"qwen-markdown-strong\"><span class=\"qwen-markdown-text\" data-spm-anchor-id=\"a2ty_o01.29997173.0.i2.6c715171pF1Lc2\">Une symphonie de s\u00e9r\u00e9nit\u00e9 et de service : l&#039;art de l&#039;hospitalit\u00e9 au ch\u00e2teau des girafes de Chimelong<\/span><\/strong><\/h3><div class=\"qwen-markdown-paragraph\"><span class=\"qwen-markdown-text\">Nich\u00e9 le long de la paisible avenue Changlong n\u00b0 1 dans le district de Qingcheng, Qingyuan, une r\u00e9gion r\u00e9put\u00e9e pour ses paysages karstiques luxuriants, ses montagnes envelopp\u00e9es de brume et ses traditions Lingnan s\u00e9culaires, se dresse <\/span><strong class=\"qwen-markdown-strong\"><span class=\"qwen-markdown-text\">Ch\u00e2teau des girafes de Chimelong<\/span><\/strong><span class=\"qwen-markdown-text\">, non pas simplement comme un h\u00f4tel, mais comme un <\/span><em><span class=\"qwen-markdown-text\">fable vivante<\/span><\/em><span class=\"qwen-markdown-text\"> Ce lieu prend vie gr\u00e2ce \u00e0 l&#039;architecture, la nature et un service exceptionnel. Plus qu&#039;un simple lieu de repos, c&#039;est un sanctuaire d&#039;exp\u00e9riences o\u00f9 la fantaisie rencontre le raffinement, et o\u00f9 chaque interaction est orchestr\u00e9e avec la pr\u00e9cision d&#039;un chef d&#039;orchestre et la chaleur d&#039;un h\u00f4te attentionn\u00e9.<\/span><\/div><div class=\"qwen-markdown-space\">\u00a0<\/div><div class=\"qwen-markdown-paragraph\"><span class=\"qwen-markdown-text\">Au c\u0153ur de ce refuge enchanteur r\u00e9side un engagement envers <\/span><strong class=\"qwen-markdown-strong\"><span class=\"qwen-markdown-text\">hospitalit\u00e9 holistique<\/span><\/strong><span class=\"qwen-markdown-text\">Les services propos\u00e9s ici ne sont pas list\u00e9s sous forme de points dans une brochure\u00a0; ils sont\u2026 <\/span><em><span class=\"qwen-markdown-text\">tiss\u00e9 dans le tissu m\u00eame du voyage du client<\/span><\/em><span class=\"qwen-markdown-text\">, Depuis la premi\u00e8re vision de la silhouette cr\u00e9nel\u00e9e du ch\u00e2teau se dressant au-dessus de jardins verdoyants, jusqu&#039;aux adieux murmur\u00e9s sous la vo\u00fbte \u00e9toil\u00e9e de la cour \u00e0 ciel ouvert du complexe h\u00f4telier, l&#039;exp\u00e9rience est unique. Inspir\u00e9 par la gr\u00e2ce et la douce majest\u00e9 de la girafe \u2013 animal v\u00e9n\u00e9r\u00e9 dans toutes les cultures pour sa vision, sa patience et sa noblesse discr\u00e8te \u2013, le complexe incarne une \u00e9l\u00e9gance \u00e0 la fois raffin\u00e9e et accessible, o\u00f9 le luxe ne se d\u00e9finit pas seulement par l&#039;opulence, mais par\u2026 <\/span><em><span class=\"qwen-markdown-text\">harmonisation<\/span><\/em><span class=\"qwen-markdown-text\">: \u00e0 vos besoins, \u00e0 votre rythme, \u00e0 votre histoire.<\/span><\/div><div class=\"qwen-markdown-space\">\u00a0<\/div><h4 class=\"qwen-markdown-heading\"><strong class=\"qwen-markdown-strong\"><span class=\"qwen-markdown-text\">La philosophie qui sous-tend le service<\/span><\/strong><\/h4><div class=\"qwen-markdown-paragraph\"><span class=\"qwen-markdown-text\">Le ch\u00e2teau de la girafe de Chimelong fonctionne selon ce que l&#039;on pourrait appeler le <\/span><strong class=\"qwen-markdown-strong\"><span class=\"qwen-markdown-text\">\u201c Principe de la girafe \u201d<\/span><\/strong><span class=\"qwen-markdown-text\">Voir au-del\u00e0 de l&#039;horizon imm\u00e9diat, se mettre \u00e0 la port\u00e9e de chaque client et offrir un point de vue sans pr\u00e9tention : cette philosophie impr\u00e8gne tous les services, de la r\u00e9ception \u00e0 l&#039;entretien m\u00e9nager, de la restauration aux loisirs, et se traduit par des prestations anticipatives, personnalis\u00e9es et profond\u00e9ment respectueuses des nuances culturelles. Le personnel b\u00e9n\u00e9ficie d&#039;une formation rigoureuse, non seulement aux protocoles et \u00e0 l&#039;efficacit\u00e9, mais aussi \u00e0 l&#039;intelligence \u00e9motionnelle, \u00e0 l&#039;art de raconter des histoires et \u00e0 la communication interculturelle, afin que, que vous parliez mandarin, cantonais, anglais ou japonais, vous vous sentiez comme chez vous. <\/span><em><span class=\"qwen-markdown-text\">compris<\/span><\/em><span class=\"qwen-markdown-text\">, et pas seulement accueillis.<\/span><\/div><div class=\"qwen-markdown-space\">\u00a0<\/div><h4 class=\"qwen-markdown-heading\"><strong class=\"qwen-markdown-strong\"><span class=\"qwen-markdown-text\">Piliers de service signature<\/span><\/strong><\/h4><ol class=\"qwen-markdown-list\" dir=\"auto\" start=\"1\"><li><strong class=\"qwen-markdown-strong\"><span class=\"qwen-markdown-text\">Rituels d&#039;arriv\u00e9e et de transition<\/span><\/strong><br \/><span class=\"qwen-markdown-text\">Votre voyage commence bien avant l&#039;enregistrement. \u00c0 leur arriv\u00e9e, les clients sont accueillis non pas par une r\u00e9ception classique, mais par un <\/span><em><span class=\"qwen-markdown-text\">Bienvenue Grove<\/span><\/em><span class=\"qwen-markdown-text\">\u2014un pavillon ombrag\u00e9, bord\u00e9 de bambous sculpt\u00e9s et de fleurs de saison, o\u00f9 l&#039;on d\u00e9guste un th\u00e9 au jasmin glac\u00e9 ou des produits locaux <\/span><em><span class=\"qwen-markdown-text\">Miel et agrumes de Qingyuan<\/span><\/em><span class=\"qwen-markdown-text\"> Un jus vous est offert accompagn\u00e9 d&#039;un sachet de soie brod\u00e9 \u00e0 la main, infus\u00e9 d&#039;osmanthus et de santal. Un Ambassadeur de l&#039;Exp\u00e9rience Client (AEC) d\u00e9di\u00e9 vous accompagne tout au long de votre s\u00e9jour, faisant office de concierge personnel, de guide culturel et de gardien de vos souvenirs. Il vous aide \u00e0 d\u00e9couvrir les recoins secrets du complexe, \u00e0 r\u00e9server des exp\u00e9riences exclusives ou simplement \u00e0 partager un moment de calme autour d&#039;un th\u00e9 sur la terrasse panoramique surplombant le Chimelong Wildlife World.<\/span><\/li><li><strong class=\"qwen-markdown-strong\"><span class=\"qwen-markdown-text\">L&#039;excellence en mati\u00e8re d&#039;h\u00e9bergement : au-del\u00e0 de la chambre<\/span><\/strong><br \/><span class=\"qwen-markdown-text\">Chacune des plus de 380 chambres et suites, y compris l&#039;embl\u00e9matique <\/span><em><span class=\"qwen-markdown-text\">Suites avec vue sur la girafe<\/span><\/em><span class=\"qwen-markdown-text\"> avec des balcons priv\u00e9s donnant sur le parc animalier \u2014 est con\u00e7u comme un <\/span><em><span class=\"qwen-markdown-text\">sanctuaire d&#039;harmonie sensorielle<\/span><\/em><span class=\"qwen-markdown-text\">. Mais le vrai luxe r\u00e9side dans les d\u00e9tails invisibles\u00a0: <\/span><ul class=\"qwen-markdown-list\" dir=\"auto\"><li><strong class=\"qwen-markdown-strong\"><span class=\"qwen-markdown-text\">Intelligence ambiante intelligente<\/span><\/strong><span class=\"qwen-markdown-text\">: Contr\u00f4le vocal de l&#039;\u00e9clairage, de la climatisation et des rideaux, calibr\u00e9 selon votre rythme circadien pr\u00e9f\u00e9r\u00e9 (par exemple, le \u201c mode lever de soleil \u201d \u00e9claircit doucement la pi\u00e8ce 30 minutes avant le r\u00e9veil). <\/span><\/li><li><strong class=\"qwen-markdown-strong\"><span class=\"qwen-markdown-text\">Alchimie du lin<\/span><\/strong><span class=\"qwen-markdown-text\">M\u00e9langes de coton et de lin tiss\u00e9s sur mesure, provenant de la province du Jiangsu, lav\u00e9s avec des d\u00e9tergents \u00e0 base de plantes et repass\u00e9s \u00e0 la vapeur infus\u00e9e de lavande. <\/span><\/li><li><strong class=\"qwen-markdown-strong\"><span class=\"qwen-markdown-text\">Kit de rituel nocturne<\/span><\/strong><span class=\"qwen-markdown-text\">Les prestations nocturnes soigneusement s\u00e9lectionn\u00e9es comprennent un diffuseur en verre souffl\u00e9 \u00e0 la main avec des m\u00e9langes d&#039;huiles essentielles sur mesure (par exemple, <\/span><em><span class=\"qwen-markdown-text\">Pin et th\u00e9 blanc de Qingyuan<\/span><\/em><span class=\"qwen-markdown-text\">), un masque de nuit en soie brod\u00e9 d&#039;un minuscule motif de girafe, et une note manuscrite de la responsable du service d&#039;entretien m\u00e9nager, citant souvent un po\u00e8me classique chinois sur le calme ou l&#039;observation.<\/span><\/li><\/ul><\/li><li><strong class=\"qwen-markdown-strong\"><span class=\"qwen-markdown-text\">R\u00e9cits culinaires<\/span><\/strong><br \/><span class=\"qwen-markdown-text\">D\u00eener au Chimelong Giraffe Castle va bien au-del\u00e0 de la simple subsistance \u2014 c&#039;est <\/span><em><span class=\"qwen-markdown-text\">gastronomie narrative<\/span><\/em><span class=\"qwen-markdown-text\">. Le complexe h\u00f4telier comprend quatre restaurants distincts, chacun incarnant une facette du patrimoine Lingnan et du raffinement international\u00a0:<\/span><ul class=\"qwen-markdown-list\" dir=\"auto\"><li><strong class=\"qwen-markdown-strong\"><span class=\"qwen-markdown-text\">Terrasse en herbe haute<\/span><\/strong><span class=\"qwen-markdown-text\"> (Restauration toute la journ\u00e9e)\u00a0: Une v\u00e9randa baign\u00e9e de lumi\u00e8re o\u00f9 le petit-d\u00e9jeuner est servi au milieu d\u2019orchid\u00e9es suspendues et de musique de harpe en direct\u00a0; les menus de saison proposent <\/span><em><span class=\"qwen-markdown-text\">Poisson de la rivi\u00e8re Qingyuan<\/span><\/em><span class=\"qwen-markdown-text\">, <\/span><em><span class=\"qwen-markdown-text\">Poulet noir du Yangjiang<\/span><\/em><span class=\"qwen-markdown-text\">, et <\/span><em><span class=\"qwen-markdown-text\">Rouleaux de riz vapeur \u00e0 la mode du Guangdong<\/span><\/em><span class=\"qwen-markdown-text\"> avec une sauce soja maison vieillie dans des bocaux en c\u00e9ramique.<\/span><\/li><li><strong class=\"qwen-markdown-strong\"><span class=\"qwen-markdown-text\">Cou et nectar<\/span><\/strong><span class=\"qwen-markdown-text\"> (Gastronomie raffin\u00e9e) : Un restaurant intimiste de 24 couverts dirig\u00e9 par le chef Li Wei, prot\u00e9g\u00e9 de chefs \u00e9toil\u00e9s Michelin, proposant une cuisine raffin\u00e9e. <\/span><em><span class=\"qwen-markdown-text\">\u201c Menu d\u00e9gustation vertical \u201d<\/span><\/em><span class=\"qwen-markdown-text\"> Inspir\u00e9 par le voyage de la girafe de la terre au ciel \u2014 commen\u00e7ant par des l\u00e9gumes-racines (terre), remontant \u00e0 travers les champignons de la for\u00eat et les d\u00e9lices de la rivi\u00e8re (niveau interm\u00e9diaire), culminant dans des desserts semblables \u00e0 des nuages, faits de fleurs comestibles et d&#039;une mousse d&#039;igname a\u00e9r\u00e9e (ciel).<\/span><\/li><li><strong class=\"qwen-markdown-strong\"><span class=\"qwen-markdown-text\">Salon Savanna<\/span><\/strong><span class=\"qwen-markdown-text\"> (Th\u00e9 de l&#039;apr\u00e8s-midi et cocktails)\u00a0: Le th\u00e9 de l&#039;apr\u00e8s-midi est servi sur des pr\u00e9sentoirs en bois \u00e0 plusieurs niveaux en forme d&#039;acacia, accompagn\u00e9 de cocktails, tels que le <\/span><em><span class=\"qwen-markdown-text\">Spritz de l&#039;Heure Dor\u00e9e<\/span><\/em><span class=\"qwen-markdown-text\"> (avec liqueur d&#039;osmanthus, yuzu et litchi p\u00e9tillant) \u2014 sont accompagn\u00e9s de s\u00e9ances de contes en direct sur l&#039;\u00e9cologie de la savane africaine et les efforts de conservation chinois.<\/span><\/li><li><strong class=\"qwen-markdown-strong\"><span class=\"qwen-markdown-text\">Bistro au clair de lune<\/span><\/strong><span class=\"qwen-markdown-text\"> (Piscine et grillades nocturnes)\u00a0: Ouvert jusqu\u2019\u00e0 minuit, avec au menu des viandes grill\u00e9es au charbon de bois, du tofu fum\u00e9 et\u2026 <\/span><em><span class=\"qwen-markdown-text\">Brochettes de champignons sauvages de Qingyuan<\/span><\/em><span class=\"qwen-markdown-text\">, tous pr\u00e9par\u00e9s de fa\u00e7on traditionnelle <\/span><em><span class=\"qwen-markdown-text\">Zeng<\/span><\/em><span class=\"qwen-markdown-text\"> cuiseurs vapeur et pots en argile.<\/span><\/li><\/ul><\/li><li><strong class=\"qwen-markdown-strong\"><span class=\"qwen-markdown-text\">Le bien-\u00eatre comme mode de vie<\/span><\/strong><br \/><span class=\"qwen-markdown-text\">Le <\/span><strong class=\"qwen-markdown-strong\"><span class=\"qwen-markdown-text\">Pavillon de spa et de bien-\u00eatre Giraffe<\/span><\/strong><span class=\"qwen-markdown-text\"> est un sanctuaire enracin\u00e9 dans <\/span><em><span class=\"qwen-markdown-text\">M\u00e9decine traditionnelle chinoise (MTC)<\/span><\/em><span class=\"qwen-markdown-text\"> des principes r\u00e9invent\u00e9s pour une vitalit\u00e9 moderne :<\/span><ul class=\"qwen-markdown-list\" dir=\"auto\"><li><span class=\"qwen-markdown-text\">Les soins signature comprennent les <\/span><em><span class=\"qwen-markdown-text\">\u201c R\u00e9\u00e9quilibrage des longs cous \u201d<\/span><\/em><span class=\"qwen-markdown-text\"> (un massage lymphatique complet du corps utilisant des rouleaux de jade chauds et <\/span><em><span class=\"qwen-markdown-text\">Du Zhong<\/span><\/em><span class=\"qwen-markdown-text\"> huile \u00e0 base de plantes pour soulager les tensions dans la colonne cervicale), et le <\/span><em><span class=\"qwen-markdown-text\">\u201c Bain d\u00e9tox de la savane \u201d<\/span><\/em><span class=\"qwen-markdown-text\"> (un bain riche en min\u00e9raux infus\u00e9 de feuilles s\u00e9ch\u00e9es <\/span><em><span class=\"qwen-markdown-text\">Huang Qi<\/span><\/em><span class=\"qwen-markdown-text\">, baies de goji et graines de lotus concass\u00e9es).<\/span><\/li><li><span class=\"qwen-markdown-text\">Les offres quotidiennes comprennent <\/span><em><span class=\"qwen-markdown-text\">Qi Gong \u00e0 l&#039;aube<\/span><\/em><span class=\"qwen-markdown-text\"> s\u00e9ances sur la pelouse de m\u00e9ditation, promenades guid\u00e9es en for\u00eat pour des bains de for\u00eat dans la for\u00eat indig\u00e8ne du complexe <\/span><em><span class=\"qwen-markdown-text\">Ficus microcarpa<\/span><\/em><span class=\"qwen-markdown-text\"> bosquet, et <\/span><em><span class=\"qwen-markdown-text\">Immersion dans un bain sonore<\/span><\/em><span class=\"qwen-markdown-text\"> en utilisant des bols chantants tib\u00e9tains et des carillons \u00e9oliens en bambou accord\u00e9s \u00e0 la fr\u00e9quence de r\u00e9sonance naturelle.<\/span><\/li><\/ul><\/li><li><strong class=\"qwen-markdown-strong\"><span class=\"qwen-markdown-text\">Int\u00e9gration de la famille et de l&#039;aventure<\/span><\/strong><br \/><span class=\"qwen-markdown-text\">Sachant que de nombreux visiteurs arrivent avec des enfants \u2014 ou avec leur \u00e2me d&#039;enfant intacte \u2014, le ch\u00e2teau de la girafe Chimelong propose des services familiaux immersifs\u00a0:<\/span><ul class=\"qwen-markdown-list\" dir=\"auto\"><li><span class=\"qwen-markdown-text\">Le <\/span><strong class=\"qwen-markdown-strong\"><span class=\"qwen-markdown-text\">Club des enfants Girafe<\/span><\/strong><span class=\"qwen-markdown-text\"> n&#039;est pas une salle de jeux, mais une <\/span><em><span class=\"qwen-markdown-text\">\u00e9cosyst\u00e8me miniature<\/span><\/em><span class=\"qwen-markdown-text\">: avec une biblioth\u00e8que dans une cabane perch\u00e9e dans les arbres, un jardin potager en terre et un programme de chasse au tr\u00e9sor \u201c Track &amp; Trace \u201d o\u00f9 les enfants apprennent les techniques de pistage animalier utilis\u00e9es par les gardes forestiers du Chimelong Wildlife World.<\/span><\/li><li><span class=\"qwen-markdown-text\">Exclusif <\/span><em><span class=\"qwen-markdown-text\">Pass safari en coulisses<\/span><\/em><span class=\"qwen-markdown-text\"> accorder l&#039;acc\u00e8s \u00e0 des s\u00e9ances de nourrissage dirig\u00e9es par les soigneurs, \u00e0 des cliniques v\u00e9t\u00e9rinaires (observ\u00e9es avec respect), et m\u00eame \u00e0 la possibilit\u00e9 d&#039;aider \u00e0 pr\u00e9parer des jouets d&#039;enrichissement pour les girafes, favorisant ainsi l&#039;empathie, la curiosit\u00e9 et l&#039;\u00e9merveillement.<\/span><\/li><li><span class=\"qwen-markdown-text\">Pour les adolescents et les adultes en qu\u00eate d&#039;adr\u00e9naline, le complexe s&#039;associe \u00e0 la branche aventure de Chimelong pour proposer des activit\u00e9s vari\u00e9es. <\/span><em><span class=\"qwen-markdown-text\">Parcours de tyrolienne dans la canop\u00e9e<\/span><\/em><span class=\"qwen-markdown-text\">, <\/span><em><span class=\"qwen-markdown-text\">Safaris nocturnes d&#039;observation des animaux<\/span><\/em><span class=\"qwen-markdown-text\">, et <\/span><em><span class=\"qwen-markdown-text\">Journ\u00e9es de b\u00e9n\u00e9volat en conservation<\/span><\/em><span class=\"qwen-markdown-text\">\u2014le tout coordonn\u00e9 avec un transport sans faille et une s\u00e9ance d&#039;information anim\u00e9e par des experts.<\/span><\/li><\/ul><\/li><li><strong class=\"qwen-markdown-strong\"><span class=\"qwen-markdown-text\">Le d\u00e9veloppement durable en tant que service<\/span><\/strong><br \/><span class=\"qwen-markdown-text\">Au ch\u00e2teau de la girafe de Chimelong, le v\u00e9ritable luxe est indissociable de la responsabilit\u00e9. Chaque service est \u00e9valu\u00e9 selon une approche \u00e0 triple impact :<\/span><ul class=\"qwen-markdown-list\" dir=\"auto\"><li><strong class=\"qwen-markdown-strong\"><span class=\"qwen-markdown-text\">Repas z\u00e9ro d\u00e9chet<\/span><\/strong><span class=\"qwen-markdown-text\">Les d\u00e9chets alimentaires sont compost\u00e9s sur place et utilis\u00e9s pour alimenter le potager biologique du complexe\u00a0; les emballages sont enti\u00e8rement biod\u00e9gradables ou r\u00e9utilisables (par exemple, couverts en bambou, serviettes en lin estampill\u00e9es de codes QR renvoyant \u00e0 l\u2019origine des ingr\u00e9dients).<\/span><\/li><li><strong class=\"qwen-markdown-strong\"><span class=\"qwen-markdown-text\">Gestion responsable de l&#039;eau<\/span><\/strong><span class=\"qwen-markdown-text\">: La r\u00e9cup\u00e9ration des eaux de pluie irrigue les terrains am\u00e9nag\u00e9s de 12 hectares ; la blanchisserie pour les clients utilise des syst\u00e8mes \u00e0 base d&#039;ozone r\u00e9duisant la consommation d&#039;eau de 60%.<\/span><\/li><li><strong class=\"qwen-markdown-strong\"><span class=\"qwen-markdown-text\">Int\u00e9gration communautaire<\/span><\/strong><span class=\"qwen-markdown-text\">Le personnel est principalement recrut\u00e9 dans les villages environnants ; le complexe h\u00f4telier g\u00e8re un <\/span><em><span class=\"qwen-markdown-text\">\u201c Programme des artisans du patrimoine \u201d<\/span><\/em><span class=\"qwen-markdown-text\">, en invitant des artisans locaux (par exemple, des vanniers de Qingyuan, des c\u00e9ramistes de Foshan) \u00e0 animer des ateliers pour les clients, transformant ainsi le service en \u00e9change culturel.<\/span><\/li><\/ul><\/li><li><strong class=\"qwen-markdown-strong\"><span class=\"qwen-markdown-text\">Occasions sp\u00e9ciales, raffin\u00e9es<\/span><\/strong><br \/><span class=\"qwen-markdown-text\">Qu&#039;il s&#039;agisse d&#039;une demande en mariage au sommet de la tour d&#039;observation \u00e0 l&#039;heure dor\u00e9e, ou de retrouvailles multig\u00e9n\u00e9rationnelles dans un cadre priv\u00e9 <\/span><em><span class=\"qwen-markdown-text\">Villa Acacia<\/span><\/em><span class=\"qwen-markdown-text\">, ou une retraite d&#039;entreprise alliant strat\u00e9gie et s\u00e9r\u00e9nit\u00e9, le complexe h\u00f4telier <\/span><strong class=\"qwen-markdown-strong\"><span class=\"qwen-markdown-text\">Studio d&#039;\u00e9v\u00e9nements et de c\u00e9l\u00e9brations<\/span><\/strong><span class=\"qwen-markdown-text\"> cr\u00e9e des r\u00e9cits sur mesure :<\/span><ul class=\"qwen-markdown-list\" dir=\"auto\"><li><span class=\"qwen-markdown-text\">Article sur les mariages <\/span><em><span class=\"qwen-markdown-text\">\u201c Deux arbres, une racine \u201d<\/span><\/em><span class=\"qwen-markdown-text\"> des c\u00e9r\u00e9monies \u2013 symbolisant l\u2019unit\u00e9 \u2013 au cours desquelles les couples plantent de jeunes arbres dans le Jardin de la Continuit\u00e9.<\/span><\/li><li><span class=\"qwen-markdown-text\">Les anniversaires sont marqu\u00e9s par <\/span><em><span class=\"qwen-markdown-text\">\u201c Tableaux de taille des girafes \u201d<\/span><\/em><span class=\"qwen-markdown-text\">: un parchemin peint \u00e0 la main mesurant la croissance de l&#039;invit\u00e9 au fil du temps, offert avec un g\u00e2teau personnalis\u00e9 en forme de tourelle de ch\u00e2teau miniature.<\/span><\/li><li><span class=\"qwen-markdown-text\">Les r\u00e9unions d&#039;affaires int\u00e8grent <\/span><em><span class=\"qwen-markdown-text\">S\u00e9ances de leadership conscient<\/span><\/em><span class=\"qwen-markdown-text\"> Anim\u00e9es par des consultants en bien-\u00eatre issus de la m\u00e9decine traditionnelle chinoise et des sp\u00e9cialistes de l&#039;\u00e9co-\u00e9thique, ces r\u00e9unions se transforment en moments de r\u00e9flexion et de ressourcement.<\/span><\/li><\/ul><\/li><\/ol><div class=\"qwen-markdown-space\">\u00a0<\/div><h4 class=\"qwen-markdown-heading\"><strong class=\"qwen-markdown-strong\"><span class=\"qwen-markdown-text\">La promesse tacite<\/span><\/strong><\/h4><div class=\"qwen-markdown-paragraph\"><span class=\"qwen-markdown-text\">Ce qui distingue v\u00e9ritablement le ch\u00e2teau de la girafe de Chimelong, ce n&#039;est pas ce qu&#039;il est. <\/span><em><span class=\"qwen-markdown-text\">offres<\/span><\/em><span class=\"qwen-markdown-text\">, mais comment <\/span><em><span class=\"qwen-markdown-text\">occupe l&#039;espace<\/span><\/em><span class=\"qwen-markdown-text\"> pour vous. \u00c0 l&#039;\u00e8re du voyage transactionnel, ce complexe h\u00f4telier ose \u00eatre <\/span><em><span class=\"qwen-markdown-text\">relationnel<\/span><\/em><span class=\"qwen-markdown-text\">. Ses services sont con\u00e7us non pas pour \u00e9blouir, mais pour <\/span><em><span class=\"qwen-markdown-text\">approfondir<\/span><\/em><span class=\"qwen-markdown-text\">\u2014pour vous inviter \u00e0 ralentir, \u00e0 lever les yeux (comme le fait la girafe) et \u00e0 vous souvenir que les luxes les plus profonds sont souvent silencieux\u00a0: un silence parfaitement opportun apr\u00e8s une conversation sinc\u00e8re, le parfum de la pluie sur la pierre chaude, le regard complice d\u2019un membre du personnel qui se souvient de votre pr\u00e9f\u00e9rence pour un th\u00e9 l\u00e9ger et des couvertures suppl\u00e9mentaires.<\/span><\/div><div class=\"qwen-markdown-space\">\u00a0<\/div><div class=\"qwen-markdown-paragraph\"><span class=\"qwen-markdown-text\">Ici, le service n&#039;est pas effectu\u00e9, il est <\/span><em><span class=\"qwen-markdown-text\">v\u00e9cu<\/span><\/em><span class=\"qwen-markdown-text\">. Et en vivant cette exp\u00e9rience, vous ne faites pas que s\u00e9journer au ch\u00e2teau de la girafe de Chimelong\u00a0; vous devenez partie int\u00e9grante de son histoire qui perdure.<\/span><\/div><div class=\"qwen-markdown-space\">\u00a0<\/div><div class=\"qwen-markdown-hr\"><hr \/><\/div><div class=\"qwen-markdown-space\">\u00a0<\/div><div class=\"qwen-markdown-paragraph\" data-spm-anchor-id=\"a2ty_o01.29997173.0.i1.6c715171pF1Lc2\"><em><span class=\"qwen-markdown-text\">Situ\u00e9 au n\u00b0 1 de l&#039;avenue Changlong, district de Qingcheng, Qingyuan, province du Guangdong, Chine \u2014 \u00e0 seulement 45 minutes de l&#039;a\u00e9roport international de Guangzhou Baiyun \u2014, le ch\u00e2teau de la girafe Chimelong vous invite \u00e0 entrer dans un monde o\u00f9 l&#039;hospitalit\u00e9 est \u00e0 la fois un art et un point d&#039;ancrage, et o\u00f9 chaque h\u00f4te repart non seulement repos\u00e9, mais aussi ressourc\u00e9.<\/span><\/em><\/div>\t\t\t\t\t\t\t\t<\/div>\n\t\t\t\t<\/div>\n\t\t\t\t\t<\/div>\n\t\t\t\t<\/div>\n\t\t\t\t<\/div>","protected":false},"excerpt":{"rendered":"<p>We do our best to offer all our guests the services and facilities to make their stay a memorable one. A Symphony of Serenity and Service: The Art of Hospitality at Chimelong Giraffe Castle Nestled along the tranquil No. 1 Changlong Avenue in Qingcheng District, Qingyuan\u2014a region celebrated for its lush karst landscapes, mist-draped mountains, [&hellip;]<\/p>\n","protected":false},"author":1,"featured_media":0,"parent":0,"menu_order":0,"comment_status":"closed","ping_status":"closed","template":"","meta":{"footnotes":""},"class_list":["post-647","page","type-page","status-publish","hentry","post-no-thumbnail"],"_links":{"self":[{"href":"https:\/\/chimelonggiraffecastle.com\/fr\/wp-json\/wp\/v2\/pages\/647","targetHints":{"allow":["GET"]}}],"collection":[{"href":"https:\/\/chimelonggiraffecastle.com\/fr\/wp-json\/wp\/v2\/pages"}],"about":[{"href":"https:\/\/chimelonggiraffecastle.com\/fr\/wp-json\/wp\/v2\/types\/page"}],"author":[{"embeddable":true,"href":"https:\/\/chimelonggiraffecastle.com\/fr\/wp-json\/wp\/v2\/users\/1"}],"replies":[{"embeddable":true,"href":"https:\/\/chimelonggiraffecastle.com\/fr\/wp-json\/wp\/v2\/comments?post=647"}],"version-history":[{"count":0,"href":"https:\/\/chimelonggiraffecastle.com\/fr\/wp-json\/wp\/v2\/pages\/647\/revisions"}],"wp:attachment":[{"href":"https:\/\/chimelonggiraffecastle.com\/fr\/wp-json\/wp\/v2\/media?parent=647"}],"curies":[{"name":"wp","href":"https:\/\/api.w.org\/{rel}","templated":true}]}}