{"id":2108,"date":"2021-03-26T06:46:16","date_gmt":"2021-03-26T06:46:16","guid":{"rendered":"http:\/\/localhost\/nuss\/?page_id=437"},"modified":"2025-05-19T15:28:51","modified_gmt":"2025-05-19T15:28:51","slug":"spa","status":"publish","type":"page","link":"https:\/\/chimelonggiraffecastle.com\/fr\/spa\/","title":{"rendered":"Spa"},"content":{"rendered":"<div data-elementor-type=\"wp-page\" data-elementor-id=\"2108\" class=\"elementor elementor-2108\">\n\t\t\t\t\t\t<section class=\"elementor-section elementor-top-section elementor-element elementor-element-e56a0cd elementor-section-boxed elementor-section-gap-beside-yes elementor-section-height-default elementor-section-height-default elementor-section-column-vertical-align-stretch\" data-id=\"e56a0cd\" data-element_type=\"section\" data-e-type=\"section\">\n\t\t\t\t\t\t<div class=\"elementor-container elementor-column-gap-extended\">\n\t\t\t\t\t<div class=\"elementor-column elementor-col-100 elementor-top-column elementor-element elementor-element-0b4465f\" data-id=\"0b4465f\" data-element_type=\"column\" data-e-type=\"column\">\n\t\t\t<div class=\"elementor-widget-wrap elementor-element-populated\">\n\t\t\t\t\t\t<div class=\"elementor-element elementor-element-c5bfb65 elementor-widget__width-initial elementor-invisible elementor-widget elementor-widget-text-editor\" data-id=\"c5bfb65\" data-element_type=\"widget\" data-e-type=\"widget\" data-settings=\"{&quot;_animation&quot;:&quot;nussFadeInUp&quot;}\" data-widget_type=\"text-editor.default\">\n\t\t\t\t<div class=\"elementor-widget-container\">\n\t\t\t\t\t\t\t\t\t<p>\u00c9vadez-vous dans un monde de tranquillit\u00e9 et de rajeunissement dans les luxueuses installations de spa et de bien-\u00eatre du Chimelong Hotel, parfaitement situ\u00e9 dans le cadre enchanteur du Guangzhou Chimelong Safari Park.<\/p>\t\t\t\t\t\t\t\t<\/div>\n\t\t\t\t<\/div>\n\t\t\t\t\t<\/div>\n\t\t<\/div>\n\t\t\t\t\t<\/div>\n\t\t<\/section>\n\t\t<div class=\"elementor-element elementor-element-03661e1 e-flex e-con-boxed e-con e-parent\" data-id=\"03661e1\" data-element_type=\"container\" data-e-type=\"container\">\n\t\t\t\t\t<div class=\"e-con-inner\">\n\t\t<div class=\"elementor-element elementor-element-dabecee e-con-full e-flex e-con e-child\" data-id=\"dabecee\" data-element_type=\"container\" data-e-type=\"container\">\n\t\t\t\t<div class=\"elementor-element elementor-element-fb7eb9b elementor-widget elementor-widget-image\" data-id=\"fb7eb9b\" data-element_type=\"widget\" data-e-type=\"widget\" data-widget_type=\"image.default\">\n\t\t\t\t<div class=\"elementor-widget-container\">\n\t\t\t\t\t\t\t\t\t\t\t\t\t\t\t<img decoding=\"async\" src=\"http:\/\/chimelongsafaripark.com\/wp-content\/uploads\/2025\/05\/chimelongsafaripark-32.webp\" title=\"\" alt=\"\" loading=\"lazy\" \/>\t\t\t\t\t\t\t\t\t\t\t\t\t\t\t<\/div>\n\t\t\t\t<\/div>\n\t\t\t\t<\/div>\n\t\t<div class=\"elementor-element elementor-element-e7df689 e-con-full e-flex e-con e-child\" data-id=\"e7df689\" data-element_type=\"container\" data-e-type=\"container\">\n\t\t\t\t<div class=\"elementor-element elementor-element-5deba31 elementor-widget elementor-widget-text-editor\" data-id=\"5deba31\" data-element_type=\"widget\" data-e-type=\"widget\" data-widget_type=\"text-editor.default\">\n\t\t\t\t<div class=\"elementor-widget-container\">\n\t\t\t\t\t\t\t\t\t<p>Nich\u00e9 au c\u0153ur d&#039;un \u00e9crin de verdure luxuriante et de l&#039;ambiance sereine de l&#039;une des principales destinations animali\u00e8res de Chine, notre spa ultramoderne offre un havre de paix o\u00f9 vous pourrez vous d\u00e9tendre, vous ressourcer et renouer avec votre harmonie int\u00e9rieure apr\u00e8s une journ\u00e9e de safari palpitante. Que vous soyez un voyageur fatigu\u00e9, un amoureux de la nature ou simplement en qu\u00eate d&#039;une escapade cocooning, notre centre de bien-\u00eatre est con\u00e7u pour vous offrir une exp\u00e9rience incomparable de d\u00e9tente et de bien-\u00eatre holistique.<\/p><p>Au spa et centre de bien-\u00eatre de l&#039;h\u00f4tel Chimelong, nous croyons au pouvoir transformateur du bien-\u00eatre. Notre vaste spa s&#039;\u00e9tend sur un espace magnifiquement con\u00e7u, alliant \u00e9l\u00e9gance moderne et \u00e9l\u00e9ments naturels apaisants, cr\u00e9ant une oasis de calme qui dissipe instantan\u00e9ment le stress. D\u00e8s votre arriv\u00e9e, vous serez accueilli par le doux parfum des huiles essentielles, une musique apaisante et une atmosph\u00e8re chaleureuse et accueillante, propice au pur bien-\u00eatre. Nos th\u00e9rapeutes hautement qualifi\u00e9s, experts en techniques de gu\u00e9rison anciennes et contemporaines, s&#039;engagent \u00e0 adapter chaque soin \u00e0 vos besoins sp\u00e9cifiques, vous garantissant un parcours de bien-\u00eatre personnalis\u00e9.<\/p>\t\t\t\t\t\t\t\t<\/div>\n\t\t\t\t<\/div>\n\t\t\t\t<\/div>\n\t\t\t\t\t<\/div>\n\t\t\t\t<\/div>\n\t\t<div class=\"elementor-element elementor-element-5f002a2 e-flex e-con-boxed e-con e-parent\" data-id=\"5f002a2\" data-element_type=\"container\" data-e-type=\"container\">\n\t\t\t\t\t<div class=\"e-con-inner\">\n\t\t<div class=\"elementor-element elementor-element-b5e7ce1 e-con-full e-flex e-con e-child\" data-id=\"b5e7ce1\" data-element_type=\"container\" data-e-type=\"container\">\n\t\t\t\t<div class=\"elementor-element elementor-element-923e6f1 elementor-widget elementor-widget-text-editor\" data-id=\"923e6f1\" data-element_type=\"widget\" data-e-type=\"widget\" data-widget_type=\"text-editor.default\">\n\t\t\t\t<div class=\"elementor-widget-container\">\n\t\t\t\t\t\t\t\t\t<p>Notre vaste gamme de services s&#039;adresse \u00e0 tous, des massages revitalisants et soins du visage rajeunissants aux soins corporels sp\u00e9cialis\u00e9s inspir\u00e9s de la m\u00e9decine traditionnelle chinoise et des pratiques de bien-\u00eatre internationales. Offrez-vous un massage signature aux pierres chaudes pour rel\u00e2cher les tensions, d\u00e9couvrez les bienfaits d\u00e9toxifiants d&#039;un enveloppement corporel aux herbes, ou offrez-vous un soin du visage sur mesure pour une peau \u00e9clatante de vitalit\u00e9. Pour ceux qui recherchent une relaxation plus profonde, nos s\u00e9ances d&#039;aromath\u00e9rapie et nos cours de m\u00e9ditation offrent une \u00e9vasion parfaite, harmonisant corps et esprit.<\/p><p>Au-del\u00e0 des soins individuels, nos installations bien-\u00eatre proposent une gamme d&#039;\u00e9quipements con\u00e7us pour sublimer votre exp\u00e9rience. D\u00e9tendez-vous dans nos suites thermales paisibles, \u00e9quip\u00e9es de saunas, de hammams et de bassins d&#039;hydroth\u00e9rapie revigorants qui apaisent les muscles fatigu\u00e9s et favorisent la circulation. Plongez dans notre piscine int\u00e9rieure de relaxation avec une vue imprenable sur les paysages environnants, ou trouvez le r\u00e9confort dans nos paisibles jardins de m\u00e9ditation, o\u00f9 les sons lointains de la nature se m\u00ealent harmonieusement \u00e0 votre qu\u00eate de paix int\u00e9rieure. Pour les amateurs de fitness, notre salle de sport enti\u00e8rement \u00e9quip\u00e9e propose des \u00e9quipements de pointe et des s\u00e9ances d&#039;entra\u00eenement personnalis\u00e9es pour vous maintenir en forme pendant votre s\u00e9jour.<\/p>\t\t\t\t\t\t\t\t<\/div>\n\t\t\t\t<\/div>\n\t\t\t\t<\/div>\n\t\t<div class=\"elementor-element elementor-element-6406e30 e-con-full e-flex e-con e-child\" data-id=\"6406e30\" data-element_type=\"container\" data-e-type=\"container\">\n\t\t\t\t<div class=\"elementor-element elementor-element-7c7fea9 elementor-widget elementor-widget-image\" data-id=\"7c7fea9\" data-element_type=\"widget\" data-e-type=\"widget\" data-widget_type=\"image.default\">\n\t\t\t\t<div class=\"elementor-widget-container\">\n\t\t\t\t\t\t\t\t\t\t\t\t\t\t\t<img decoding=\"async\" src=\"http:\/\/chimelongsafaripark.com\/wp-content\/uploads\/2025\/05\/chimelongsafaripark-7.webp\" title=\"\" alt=\"\" loading=\"lazy\" \/>\t\t\t\t\t\t\t\t\t\t\t\t\t\t\t<\/div>\n\t\t\t\t<\/div>\n\t\t\t\t<\/div>\n\t\t\t\t\t<\/div>\n\t\t\t\t<\/div>\n\t\t<div class=\"elementor-element elementor-element-94692c6 e-flex e-con-boxed e-con e-parent\" data-id=\"94692c6\" data-element_type=\"container\" data-e-type=\"container\">\n\t\t\t\t\t<div class=\"e-con-inner\">\n\t\t\t\t<div class=\"elementor-element elementor-element-c697a7f elementor-widget elementor-widget-text-editor\" data-id=\"c697a7f\" data-element_type=\"widget\" data-e-type=\"widget\" data-widget_type=\"text-editor.default\">\n\t\t\t\t<div class=\"elementor-widget-container\">\n\t\t\t\t\t\t\t\t\t<p>Au Chimelong Hotel, nous nous engageons en faveur du d\u00e9veloppement durable et d&#039;une sant\u00e9 holistique, int\u00e9grant autant que possible des produits \u00e9cologiques et des ingr\u00e9dients biologiques \u00e0 nos soins. Nos programmes bien-\u00eatre incluent \u00e9galement des conseils nutritionnels et des ateliers bien-\u00eatre, vous permettant d&#039;adopter un mode de vie \u00e9quilibr\u00e9 longtemps apr\u00e8s votre s\u00e9jour. Que vous soyez ici pour une escapade rapide ou une retraite bien-\u00eatre prolong\u00e9e, nos installations de spa et de bien-\u00eatre compl\u00e8tent parfaitement l&#039;exp\u00e9rience passionnante du Chimelong Safari Park, alliant aventure et d\u00e9tente.<\/p><p>Id\u00e9alement situ\u00e9 au sein du Chimelong Resort, notre spa est facilement accessible aux clients de l&#039;h\u00f4tel comme aux visiteurs d&#039;un jour, ce qui en fait une \u00e9tape id\u00e9ale lors de votre escapade \u00e0 Guangzhou. Offrez-vous une journ\u00e9e de d\u00e9tente ou offrez un forfait spa \u00e0 l&#039;un de vos proches pour une exp\u00e9rience inoubliable. R\u00e9servez votre s\u00e9ance d\u00e8s aujourd&#039;hui et d\u00e9couvrez pourquoi les installations Spa &amp; Bien-\u00eatre du Chimelong Hotel sont r\u00e9put\u00e9es pour \u00eatre un havre de s\u00e9r\u00e9nit\u00e9 au c\u0153ur d&#039;un \u00e9crin de nature. Laissez-vous guider dans un voyage de ressourcement, o\u00f9 le stress du quotidien s&#039;estompe et la beaut\u00e9 du bien-\u00eatre prend le dessus. Venez vous d\u00e9tendre et vous red\u00e9couvrir au Chimelong Hotel, votre destination ultime pour le luxe et le bien-\u00eatre pr\u00e8s du Chimelong Safari Park de Guangzhou\u00a0!<\/p>\t\t\t\t\t\t\t\t<\/div>\n\t\t\t\t<\/div>\n\t\t\t\t\t<\/div>\n\t\t\t\t<\/div>\n\t\t<div class=\"elementor-element elementor-element-70bd3e6 e-flex e-con-boxed e-con e-parent\" data-id=\"70bd3e6\" data-element_type=\"container\" data-e-type=\"container\">\n\t\t\t\t\t<div class=\"e-con-inner\">\n\t\t\t\t<div class=\"elementor-element elementor-element-908b4a8 elementor-widget elementor-widget-nuss-image-gallery\" data-id=\"908b4a8\" data-element_type=\"widget\" data-e-type=\"widget\" data-widget_type=\"nuss-image-gallery.default\">\n\t\t\t\t<div class=\"elementor-widget-container\">\n\t\t\t\t\t\t\t<div class=\"nuss-grid-wrapper\" data-grid=\"{&quot;type&quot;:&quot;grid&quot;,&quot;ratio&quot;:null,&quot;columns&quot;:3,&quot;gutter&quot;:30}\">\r\n\t\t\t<div class=\"nuss-grid lazy-grid\">\r\n\t\t\t\t<div class=\"grid-sizer\"><\/div>\r\n\r\n\t\t\t\t\t\t\t\t\t\t\t\t<div class=\"grid-item\">\r\n\t\t\t\t\t\t<div class=\"nuss-box\">\t\t<div class=\"nuss-image image\">\r\n\t\t\t\t\t<\/div>\r\n\t\t\t\t<\/div>\t\t\t\t\t<\/div>\r\n\t\t\t\t\t\t<div class=\"grid-item\">\r\n\t\t\t\t\t\t<div class=\"nuss-box\">\t\t<div class=\"nuss-image image\">\r\n\t\t\t\t\t<\/div>\r\n\t\t\t\t<\/div>\t\t\t\t\t<\/div>\r\n\t\t\t\t\t\t<div class=\"grid-item\">\r\n\t\t\t\t\t\t<div class=\"nuss-box\">\t\t<div class=\"nuss-image image\">\r\n\t\t\t\t\t<\/div>\r\n\t\t\t\t<\/div>\t\t\t\t\t<\/div>\r\n\t\t\t\t\t\t<div class=\"grid-item\">\r\n\t\t\t\t\t\t<div class=\"nuss-box\">\t\t<div class=\"nuss-image image\">\r\n\t\t\t\t\t<\/div>\r\n\t\t\t\t<\/div>\t\t\t\t\t<\/div>\r\n\t\t\t\t\t\t<div class=\"grid-item\">\r\n\t\t\t\t\t\t<div class=\"nuss-box\">\t\t<div class=\"nuss-image image\">\r\n\t\t\t\t\t<\/div>\r\n\t\t\t\t<\/div>\t\t\t\t\t<\/div>\r\n\t\t\t\t\t\t<div class=\"grid-item\">\r\n\t\t\t\t\t\t<div class=\"nuss-box\">\t\t<div class=\"nuss-image image\">\r\n\t\t\t\t\t<\/div>\r\n\t\t\t\t<\/div>\t\t\t\t\t<\/div>\r\n\t\t\t\t\t\t<div class=\"grid-item\">\r\n\t\t\t\t\t\t<div class=\"nuss-box\">\t\t<div class=\"nuss-image image\">\r\n\t\t\t\t\t<\/div>\r\n\t\t\t\t<\/div>\t\t\t\t\t<\/div>\r\n\t\t\t\t\t\t<div class=\"grid-item\">\r\n\t\t\t\t\t\t<div class=\"nuss-box\">\t\t<div class=\"nuss-image image\">\r\n\t\t\t\t\t<\/div>\r\n\t\t\t\t<\/div>\t\t\t\t\t<\/div>\r\n\t\t\t\t\t\t<div class=\"grid-item\">\r\n\t\t\t\t\t\t<div class=\"nuss-box\">\t\t<div class=\"nuss-image image\">\r\n\t\t\t\t\t<\/div>\r\n\t\t\t\t<\/div>\t\t\t\t\t<\/div>\r\n\t\t\t\t\t\t\t\r\n\t\t\t<\/div>\r\n\t\t<\/div>\r\n\t\t\t\t\t\t<\/div>\n\t\t\t\t<\/div>\n\t\t\t\t\t<\/div>\n\t\t\t\t<\/div>\n\t\t<div class=\"elementor-element elementor-element-73867ef3 e-flex e-con-boxed e-con e-parent\" data-id=\"73867ef3\" data-element_type=\"container\" data-e-type=\"container\">\n\t\t\t\t\t<div class=\"e-con-inner\">\n\t\t\t\t<div class=\"elementor-element elementor-element-71c2f960 elementor-widget elementor-widget-heading\" data-id=\"71c2f960\" data-element_type=\"widget\" data-e-type=\"widget\" data-widget_type=\"heading.default\">\n\t\t\t\t<div class=\"elementor-widget-container\">\n\t\t\t\t\t<h2 class=\"elementor-heading-title elementor-size-default\">Ch\u00e8que disponible <\/h2>\t\t\t\t<\/div>\n\t\t\t\t<\/div>\n\t\t\t\t<div class=\"elementor-element elementor-element-770a259d elementor-widget elementor-widget-text-editor\" data-id=\"770a259d\" data-element_type=\"widget\" data-e-type=\"widget\" data-widget_type=\"text-editor.default\">\n\t\t\t\t<div class=\"elementor-widget-container\">\n\t\t\t\t\t\t\t\t\t<iframe border=\"0\" src=\"https:\/\/www.trip.com\/partners\/ad\/S3711941?Allianceid=5415915&#038;SID=209793774&#038;trip_sub1=\" style=\"width:900px;height:200px\" frameborder=\"0\" scrolling=\"no\" id=\"S3711941\"><\/iframe>\t\t\t\t\t\t\t\t<\/div>\n\t\t\t\t<\/div>\n\t\t\t\t\t<\/div>\n\t\t\t\t<\/div>\n\t\t\t\t<\/div>","protected":false},"excerpt":{"rendered":"<p>Escape into a world of tranquility and rejuvenation at the luxurious Spa &amp; Wellness facilities of Chimelong Hotel, perfectly situated within the enchanting surroundings of Guangzhou Chimelong Safari Park. Nestled amidst lush greenery and the serene ambiance of one of China\u2019s premier wildlife destinations, our state-of-the-art spa offers a sanctuary of peace where you can [&hellip;]<\/p>\n","protected":false},"author":1,"featured_media":0,"parent":0,"menu_order":0,"comment_status":"closed","ping_status":"closed","template":"","meta":{"footnotes":""},"class_list":["post-2108","page","type-page","status-publish","hentry","post-no-thumbnail"],"_links":{"self":[{"href":"https:\/\/chimelonggiraffecastle.com\/fr\/wp-json\/wp\/v2\/pages\/2108","targetHints":{"allow":["GET"]}}],"collection":[{"href":"https:\/\/chimelonggiraffecastle.com\/fr\/wp-json\/wp\/v2\/pages"}],"about":[{"href":"https:\/\/chimelonggiraffecastle.com\/fr\/wp-json\/wp\/v2\/types\/page"}],"author":[{"embeddable":true,"href":"https:\/\/chimelonggiraffecastle.com\/fr\/wp-json\/wp\/v2\/users\/1"}],"replies":[{"embeddable":true,"href":"https:\/\/chimelonggiraffecastle.com\/fr\/wp-json\/wp\/v2\/comments?post=2108"}],"version-history":[{"count":0,"href":"https:\/\/chimelonggiraffecastle.com\/fr\/wp-json\/wp\/v2\/pages\/2108\/revisions"}],"wp:attachment":[{"href":"https:\/\/chimelonggiraffecastle.com\/fr\/wp-json\/wp\/v2\/media?parent=2108"}],"curies":[{"name":"wp","href":"https:\/\/api.w.org\/{rel}","templated":true}]}}