{"id":2104,"date":"2021-03-23T09:33:48","date_gmt":"2021-03-23T09:33:48","guid":{"rendered":"http:\/\/localhost\/nuss\/?page_id=167"},"modified":"2025-05-21T16:55:03","modified_gmt":"2025-05-21T16:55:03","slug":"notre-histoire","status":"publish","type":"page","link":"https:\/\/chimelonggiraffecastle.com\/fr\/our-story\/","title":{"rendered":"Notre histoire"},"content":{"rendered":"<div data-elementor-type=\"wp-page\" data-elementor-id=\"2104\" class=\"elementor elementor-2104\">\n\t\t\t\t\t\t<section class=\"elementor-section elementor-top-section elementor-element elementor-element-8f5bb9d elementor-section-boxed elementor-section-gap-beside-yes elementor-section-height-default elementor-section-height-default elementor-section-column-vertical-align-stretch\" data-id=\"8f5bb9d\" data-element_type=\"section\" data-e-type=\"section\">\n\t\t\t\t\t\t<div class=\"elementor-container elementor-column-gap-extended\">\n\t\t\t\t\t<div class=\"elementor-column elementor-col-100 elementor-top-column elementor-element elementor-element-7ec4215\" data-id=\"7ec4215\" data-element_type=\"column\" data-e-type=\"column\">\n\t\t\t<div class=\"elementor-widget-wrap elementor-element-populated\">\n\t\t\t\t\t\t<div class=\"elementor-element elementor-element-edd9d03 elementor-widget__width-initial elementor-invisible elementor-widget elementor-widget-text-editor\" data-id=\"edd9d03\" data-element_type=\"widget\" data-e-type=\"widget\" data-settings=\"{&quot;_animation&quot;:&quot;nussFadeInUp&quot;}\" data-widget_type=\"text-editor.default\">\n\t\t\t\t<div class=\"elementor-widget-container\">\n\t\t\t\t\t\t\t\t\t<p>Bienvenue dans l&#039;histoire captivante du Ch\u00e2teau des Girafes de Chimelong, un lieu o\u00f9 r\u00eaves d&#039;aventure et merveilles de la nature se m\u00ealent pour cr\u00e9er une destination v\u00e9ritablement extraordinaire. Nich\u00e9 au c\u0153ur du vaste parc safari de Chimelong \u00e0 Guangzhou, en Chine, notre h\u00f4tel t\u00e9moigne d&#039;imagination, d&#039;innovation et d&#039;une passion profonde pour la conservation de la faune et d&#039;une hospitalit\u00e9 incomparable. Notre histoire est celle d&#039;une vision, d&#039;un d\u00e9vouement et d&#039;une volont\u00e9 de cr\u00e9er des exp\u00e9riences qui transcendent l&#039;ordinaire, invitant nos clients du monde entier \u00e0 d\u00e9couvrir un univers o\u00f9 la savane africaine prend vie au c\u0153ur de la dynamique province du Guangdong.<\/p>\t\t\t\t\t\t\t\t<\/div>\n\t\t\t\t<\/div>\n\t\t\t\t\t<\/div>\n\t\t<\/div>\n\t\t\t\t\t<\/div>\n\t\t<\/section>\n\t\t\t\t<section class=\"elementor-section elementor-top-section elementor-element elementor-element-fcc2c5b elementor-section-boxed elementor-section-gap-beside-yes elementor-section-height-default elementor-section-height-default elementor-section-column-vertical-align-stretch\" data-id=\"fcc2c5b\" data-element_type=\"section\" data-e-type=\"section\">\n\t\t\t\t\t\t<div class=\"elementor-container elementor-column-gap-extended\">\n\t\t\t\t\t<div class=\"elementor-column elementor-col-100 elementor-top-column elementor-element elementor-element-2f7d653\" data-id=\"2f7d653\" data-element_type=\"column\" data-e-type=\"column\">\n\t\t\t<div class=\"elementor-widget-wrap elementor-element-populated\">\n\t\t\t\t\t\t<section class=\"elementor-section elementor-inner-section elementor-element elementor-element-6f6d8ba elementor-section-boxed elementor-section-gap-beside-yes elementor-section-height-default elementor-section-height-default elementor-section-column-vertical-align-stretch\" data-id=\"6f6d8ba\" data-element_type=\"section\" data-e-type=\"section\">\n\t\t\t\t\t\t<div class=\"elementor-container elementor-column-gap-extended\">\n\t\t\t\t\t<div class=\"elementor-column elementor-col-50 elementor-inner-column elementor-element elementor-element-0878be6\" data-id=\"0878be6\" data-element_type=\"column\" data-e-type=\"column\">\n\t\t\t<div class=\"elementor-widget-wrap elementor-element-populated\">\n\t\t\t\t\t\t<div class=\"elementor-element elementor-element-2ba7908 elementor-invisible elementor-widget elementor-widget-text-editor\" data-id=\"2ba7908\" data-element_type=\"widget\" data-e-type=\"widget\" data-settings=\"{&quot;_animation&quot;:&quot;nussFadeInUp&quot;}\" data-widget_type=\"text-editor.default\">\n\t\t\t\t<div class=\"elementor-widget-container\">\n\t\t\t\t\t\t\t\t\t<p>L&#039;aventure du Ch\u00e2teau des Girafes de Chimelong a d\u00e9but\u00e9 par une id\u00e9e audacieuse\u00a0: cr\u00e9er un sanctuaire o\u00f9 l&#039;homme et la nature pourraient cohabiter en harmonie, offrant une fen\u00eatre sur le monde majestueux de la faune sauvage tout en offrant le confort d&#039;un havre de paix luxueux. Int\u00e9gr\u00e9 au vaste complexe touristique de Chimelong, un complexe de loisirs et de divertissements pionnier en Chine, le Ch\u00e2teau des Girafes est n\u00e9 de la volont\u00e9 de repousser les limites de l&#039;hospitalit\u00e9 traditionnelle. Inspir\u00e9s par la beaut\u00e9 immens\u00e9ment sauvage des plaines africaines, les fondateurs ont imagin\u00e9 un ch\u00e2teau qui servirait non seulement de lieu de s\u00e9jour, mais aussi de porte d&#039;entr\u00e9e vers l&#039;aventure, l&#039;\u00e9ducation et l&#039;\u00e9merveillement. C&#039;est ainsi qu&#039;est n\u00e9e l&#039;id\u00e9e d&#039;un h\u00f4tel o\u00f9 les clients pourraient se r\u00e9veiller en admirant la douce pr\u00e9sence des girafes \u00e0 travers leurs fen\u00eatres\u00a0\u2013 une vision qui allait red\u00e9finir le voyage en famille et les exp\u00e9riences immersives.<\/p>\t\t\t\t\t\t\t\t<\/div>\n\t\t\t\t<\/div>\n\t\t\t\t\t<\/div>\n\t\t<\/div>\n\t\t\t\t<div class=\"elementor-column elementor-col-50 elementor-inner-column elementor-element elementor-element-6f3f021\" data-id=\"6f3f021\" data-element_type=\"column\" data-e-type=\"column\">\n\t\t\t<div class=\"elementor-widget-wrap elementor-element-populated\">\n\t\t\t\t\t\t<div class=\"elementor-element elementor-element-63d8463 elementor-invisible nuss-elementor-loading nuss-slide-in-left elementor-widget elementor-widget-image\" data-id=\"63d8463\" data-element_type=\"widget\" data-e-type=\"widget\" data-settings=\"{&quot;_animation&quot;:&quot;nussSlideInLeft&quot;}\" data-widget_type=\"image.default\">\n\t\t\t\t<div class=\"elementor-widget-container\">\n\t\t\t\t\t\t\t\t\t\t\t\t\t\t\t<img fetchpriority=\"high\" decoding=\"async\" width=\"1137\" height=\"853\" src=\"https:\/\/chimelonggiraffecastle.com\/wp-content\/uploads\/2025\/05\/Chimelong-Giraffe-Castle-2.webp\" class=\"attachment-full size-full wp-image-5964\" alt=\"\" srcset=\"https:\/\/chimelonggiraffecastle.com\/wp-content\/uploads\/2025\/05\/Chimelong-Giraffe-Castle-2.webp 1137w, https:\/\/chimelonggiraffecastle.com\/wp-content\/uploads\/2025\/05\/Chimelong-Giraffe-Castle-2-300x225.webp 300w, https:\/\/chimelonggiraffecastle.com\/wp-content\/uploads\/2025\/05\/Chimelong-Giraffe-Castle-2-1024x768.webp 1024w, https:\/\/chimelonggiraffecastle.com\/wp-content\/uploads\/2025\/05\/Chimelong-Giraffe-Castle-2-768x576.webp 768w, https:\/\/chimelonggiraffecastle.com\/wp-content\/uploads\/2025\/05\/Chimelong-Giraffe-Castle-2-16x12.webp 16w\" sizes=\"(max-width: 1137px) 100vw, 1137px\" \/>\t\t\t\t\t\t\t\t\t\t\t\t\t\t\t<\/div>\n\t\t\t\t<\/div>\n\t\t\t\t\t<\/div>\n\t\t<\/div>\n\t\t\t\t\t<\/div>\n\t\t<\/section>\n\t\t\t\t<section class=\"elementor-section elementor-inner-section elementor-element elementor-element-0ad233f elementor-section-boxed elementor-section-gap-beside-yes elementor-section-height-default elementor-section-height-default elementor-section-column-vertical-align-stretch\" data-id=\"0ad233f\" data-element_type=\"section\" data-e-type=\"section\">\n\t\t\t\t\t\t<div class=\"elementor-container elementor-column-gap-extended\">\n\t\t\t\t\t<div class=\"elementor-column elementor-col-50 elementor-inner-column elementor-element elementor-element-2cde083\" data-id=\"2cde083\" data-element_type=\"column\" data-e-type=\"column\">\n\t\t\t<div class=\"elementor-widget-wrap elementor-element-populated\">\n\t\t\t\t\t\t<div class=\"elementor-element elementor-element-88ff310 elementor-widget elementor-widget-image\" data-id=\"88ff310\" data-element_type=\"widget\" data-e-type=\"widget\" data-widget_type=\"image.default\">\n\t\t\t\t<div class=\"elementor-widget-container\">\n\t\t\t\t\t\t\t\t\t\t\t\t\t\t\t<img decoding=\"async\" width=\"1024\" height=\"768\" src=\"https:\/\/chimelonggiraffecastle.com\/wp-content\/uploads\/2025\/05\/Chimelong-Giraffe-Castle-4-1024x768.webp\" class=\"attachment-large size-large wp-image-5966\" alt=\"\" srcset=\"https:\/\/chimelonggiraffecastle.com\/wp-content\/uploads\/2025\/05\/Chimelong-Giraffe-Castle-4-1024x768.webp 1024w, https:\/\/chimelonggiraffecastle.com\/wp-content\/uploads\/2025\/05\/Chimelong-Giraffe-Castle-4-300x225.webp 300w, https:\/\/chimelonggiraffecastle.com\/wp-content\/uploads\/2025\/05\/Chimelong-Giraffe-Castle-4-768x576.webp 768w, https:\/\/chimelonggiraffecastle.com\/wp-content\/uploads\/2025\/05\/Chimelong-Giraffe-Castle-4-16x12.webp 16w, https:\/\/chimelonggiraffecastle.com\/wp-content\/uploads\/2025\/05\/Chimelong-Giraffe-Castle-4.webp 1137w\" sizes=\"(max-width: 1024px) 100vw, 1024px\" \/>\t\t\t\t\t\t\t\t\t\t\t\t\t\t\t<\/div>\n\t\t\t\t<\/div>\n\t\t\t\t\t<\/div>\n\t\t<\/div>\n\t\t\t\t<div class=\"elementor-column elementor-col-50 elementor-inner-column elementor-element elementor-element-ccbc7cc\" data-id=\"ccbc7cc\" data-element_type=\"column\" data-e-type=\"column\">\n\t\t\t<div class=\"elementor-widget-wrap elementor-element-populated\">\n\t\t\t\t\t\t<div class=\"elementor-element elementor-element-9956e21 elementor-invisible elementor-widget elementor-widget-text-editor\" data-id=\"9956e21\" data-element_type=\"widget\" data-e-type=\"widget\" data-settings=\"{&quot;_animation&quot;:&quot;nussFadeInUp&quot;}\" data-widget_type=\"text-editor.default\">\n\t\t\t\t<div class=\"elementor-widget-container\">\n\t\t\t\t\t\t\t\t\t<p>La construction du Chimelong Giraffe Castle a \u00e9t\u00e9 un travail de passion, alliant une architecture complexe \u00e0 l&#039;essence m\u00eame du parc safari environnant. Chaque d\u00e9tail, des tourelles fantaisistes du ch\u00e2teau \u00e0 la d\u00e9coration d&#039;inspiration africaine, en passant par les chambres judicieusement positionn\u00e9es offrant une vue imprenable sur la faune sauvage, a \u00e9t\u00e9 pens\u00e9 pour transporter les clients dans un d\u00e9cor digne d&#039;un conte de f\u00e9es. L&#039;h\u00f4tel, v\u00e9ritable joyau du Chimelong Resort, a ouvert ses portes et est rapidement devenu un symbole d&#039;innovation dans le secteur de l&#039;h\u00f4tellerie. Il ne s&#039;agissait pas seulement de construire un lieu de repos\u00a0; il s&#039;agissait de cr\u00e9er un lien vivant et dynamique entre nos clients et la nature, favorisant ainsi l&#039;\u00e9merveillement et le respect des cr\u00e9atures qui partagent notre plan\u00e8te.<\/p>\t\t\t\t\t\t\t\t<\/div>\n\t\t\t\t<\/div>\n\t\t\t\t\t<\/div>\n\t\t<\/div>\n\t\t\t\t\t<\/div>\n\t\t<\/section>\n\t\t\t\t<section class=\"elementor-section elementor-inner-section elementor-element elementor-element-c127b44 elementor-section-boxed elementor-section-gap-beside-yes elementor-section-height-default elementor-section-height-default elementor-section-column-vertical-align-stretch\" data-id=\"c127b44\" data-element_type=\"section\" data-e-type=\"section\">\n\t\t\t\t\t\t<div class=\"elementor-container elementor-column-gap-extended\">\n\t\t\t\t\t<div class=\"elementor-column elementor-col-50 elementor-inner-column elementor-element elementor-element-e050279\" data-id=\"e050279\" data-element_type=\"column\" data-e-type=\"column\">\n\t\t\t<div class=\"elementor-widget-wrap elementor-element-populated\">\n\t\t\t\t\t\t<div class=\"elementor-element elementor-element-818ffa2 elementor-invisible elementor-widget elementor-widget-text-editor\" data-id=\"818ffa2\" data-element_type=\"widget\" data-e-type=\"widget\" data-settings=\"{&quot;_animation&quot;:&quot;nussFadeInUp&quot;}\" data-widget_type=\"text-editor.default\">\n\t\t\t\t<div class=\"elementor-widget-container\">\n\t\t\t\t\t\t\t\t\t<p>Au c\u0153ur de notre histoire se trouve un engagement profond en faveur de la conservation et de l&#039;\u00e9ducation. Le Chimelong Giraffe Castle est plus qu&#039;un h\u00f4tel\u00a0: c&#039;est une plateforme de sensibilisation \u00e0 la pr\u00e9servation de la faune sauvage. Gr\u00e2ce \u00e0 des partenariats avec le Chimelong Safari Park, qui abrite l&#039;une des plus grandes collections d&#039;animaux exotiques de Chine, nous offrons \u00e0 nos visiteurs la possibilit\u00e9 d&#039;en apprendre davantage sur les esp\u00e8ces qui peuplent notre plan\u00e8te, des imposantes girafes qui ornent nos jardins aux innombrables autres cr\u00e9atures qui y vivent. Nos visites guid\u00e9es, nos programmes interactifs et nos rencontres privil\u00e9gi\u00e9es sont con\u00e7us non seulement pour divertir, mais aussi pour inspirer une appr\u00e9ciation durable de la beaut\u00e9 et de la fragilit\u00e9 de la nature.<\/p>\t\t\t\t\t\t\t\t<\/div>\n\t\t\t\t<\/div>\n\t\t\t\t\t<\/div>\n\t\t<\/div>\n\t\t\t\t<div class=\"elementor-column elementor-col-50 elementor-inner-column elementor-element elementor-element-6cab6d3\" data-id=\"6cab6d3\" data-element_type=\"column\" data-e-type=\"column\">\n\t\t\t<div class=\"elementor-widget-wrap elementor-element-populated\">\n\t\t\t\t\t\t<div class=\"elementor-element elementor-element-abc498c elementor-widget elementor-widget-image\" data-id=\"abc498c\" data-element_type=\"widget\" data-e-type=\"widget\" data-widget_type=\"image.default\">\n\t\t\t\t<div class=\"elementor-widget-container\">\n\t\t\t\t\t\t\t\t\t\t\t\t\t\t\t<img decoding=\"async\" width=\"800\" height=\"599\" src=\"https:\/\/chimelonggiraffecastle.com\/wp-content\/uploads\/2025\/05\/Chimelong-Giraffe-Castle-3.webp\" class=\"attachment-large size-large wp-image-5965\" alt=\"\" srcset=\"https:\/\/chimelonggiraffecastle.com\/wp-content\/uploads\/2025\/05\/Chimelong-Giraffe-Castle-3.webp 800w, https:\/\/chimelonggiraffecastle.com\/wp-content\/uploads\/2025\/05\/Chimelong-Giraffe-Castle-3-300x225.webp 300w, https:\/\/chimelonggiraffecastle.com\/wp-content\/uploads\/2025\/05\/Chimelong-Giraffe-Castle-3-768x575.webp 768w, https:\/\/chimelonggiraffecastle.com\/wp-content\/uploads\/2025\/05\/Chimelong-Giraffe-Castle-3-16x12.webp 16w\" sizes=\"(max-width: 800px) 100vw, 800px\" \/>\t\t\t\t\t\t\t\t\t\t\t\t\t\t\t<\/div>\n\t\t\t\t<\/div>\n\t\t\t\t\t<\/div>\n\t\t<\/div>\n\t\t\t\t\t<\/div>\n\t\t<\/section>\n\t\t\t\t<section class=\"elementor-section elementor-inner-section elementor-element elementor-element-50a736d elementor-section-boxed elementor-section-gap-beside-yes elementor-section-height-default elementor-section-height-default elementor-section-column-vertical-align-stretch\" data-id=\"50a736d\" data-element_type=\"section\" data-e-type=\"section\">\n\t\t\t\t\t\t<div class=\"elementor-container elementor-column-gap-extended\">\n\t\t\t\t\t<div class=\"elementor-column elementor-col-50 elementor-inner-column elementor-element elementor-element-51b015f\" data-id=\"51b015f\" data-element_type=\"column\" data-e-type=\"column\">\n\t\t\t<div class=\"elementor-widget-wrap elementor-element-populated\">\n\t\t\t\t\t\t<div class=\"elementor-element elementor-element-b7f530c elementor-widget elementor-widget-image\" data-id=\"b7f530c\" data-element_type=\"widget\" data-e-type=\"widget\" data-widget_type=\"image.default\">\n\t\t\t\t<div class=\"elementor-widget-container\">\n\t\t\t\t\t\t\t\t\t\t\t\t\t\t\t<img loading=\"lazy\" decoding=\"async\" width=\"1024\" height=\"819\" src=\"https:\/\/chimelonggiraffecastle.com\/wp-content\/uploads\/2025\/05\/Chimelong-Giraffe-Castle-11-1024x819.webp\" class=\"attachment-large size-large wp-image-5974\" alt=\"\" srcset=\"https:\/\/chimelonggiraffecastle.com\/wp-content\/uploads\/2025\/05\/Chimelong-Giraffe-Castle-11-1024x819.webp 1024w, https:\/\/chimelonggiraffecastle.com\/wp-content\/uploads\/2025\/05\/Chimelong-Giraffe-Castle-11-300x240.webp 300w, https:\/\/chimelonggiraffecastle.com\/wp-content\/uploads\/2025\/05\/Chimelong-Giraffe-Castle-11-768x615.webp 768w, https:\/\/chimelonggiraffecastle.com\/wp-content\/uploads\/2025\/05\/Chimelong-Giraffe-Castle-11-15x12.webp 15w, https:\/\/chimelonggiraffecastle.com\/wp-content\/uploads\/2025\/05\/Chimelong-Giraffe-Castle-11.webp 1066w\" sizes=\"(max-width: 1024px) 100vw, 1024px\" \/>\t\t\t\t\t\t\t\t\t\t\t\t\t\t\t<\/div>\n\t\t\t\t<\/div>\n\t\t\t\t\t<\/div>\n\t\t<\/div>\n\t\t\t\t<div class=\"elementor-column elementor-col-50 elementor-inner-column elementor-element elementor-element-5e2554e\" data-id=\"5e2554e\" data-element_type=\"column\" data-e-type=\"column\">\n\t\t\t<div class=\"elementor-widget-wrap elementor-element-populated\">\n\t\t\t\t\t\t<div class=\"elementor-element elementor-element-435cbb2 elementor-invisible elementor-widget elementor-widget-text-editor\" data-id=\"435cbb2\" data-element_type=\"widget\" data-e-type=\"widget\" data-settings=\"{&quot;_animation&quot;:&quot;nussFadeInUp&quot;}\" data-widget_type=\"text-editor.default\">\n\t\t\t\t<div class=\"elementor-widget-container\">\n\t\t\t\t\t\t\t\t\t<p>Au fil des ans, le Chimelong Giraffe Castle est devenu un havre de paix appr\u00e9ci\u00e9 des familles, des aventuriers et des r\u00eaveurs. Nous avons accueilli d&#039;innombrables h\u00f4tes qui sont repartis avec des souvenirs de matin\u00e9es magiques pass\u00e9es \u00e0 observer les girafes brouter, de rires d&#039;enfants r\u00e9sonnant dans nos couloirs et de moments dignes d&#039;un conte de f\u00e9es. Notre engagement envers un service exceptionnel, des exp\u00e9riences innovantes et une gestion responsable de l&#039;environnement nous a valu une place de choix dans le c\u0153ur des voyageurs du monde entier. Chaque h\u00f4te qui franchit nos portes devient un acteur de notre histoire, ajoutant ainsi un chapitre \u00e0 l&#039;h\u00e9ritage toujours croissant de ce ch\u00e2teau extraordinaire.<\/p>\t\t\t\t\t\t\t\t<\/div>\n\t\t\t\t<\/div>\n\t\t\t\t\t<\/div>\n\t\t<\/div>\n\t\t\t\t\t<\/div>\n\t\t<\/section>\n\t\t\t\t\t<\/div>\n\t\t<\/div>\n\t\t\t\t\t<\/div>\n\t\t<\/section>\n\t\t<div class=\"elementor-element elementor-element-6480432 e-flex e-con-boxed e-con e-parent\" data-id=\"6480432\" data-element_type=\"container\" data-e-type=\"container\">\n\t\t\t\t\t<div class=\"e-con-inner\">\n\t\t\t\t<div class=\"elementor-element elementor-element-bb72332 elementor-widget elementor-widget-text-editor\" data-id=\"bb72332\" data-element_type=\"widget\" data-e-type=\"widget\" data-widget_type=\"text-editor.default\">\n\t\t\t\t<div class=\"elementor-widget-container\">\n\t\t\t\t\t\t\t\t\t<p>Alors que nous continuons d&#039;\u00e9crire l&#039;avenir du Ch\u00e2teau des Girafes de Chimelong, notre mission reste inchang\u00e9e\u00a0: cr\u00e9er des souvenirs qui perdurent longtemps apr\u00e8s la fin du voyage, combler le foss\u00e9 entre l&#039;humanit\u00e9 et la nature sauvage, et offrir un sanctuaire o\u00f9 l&#039;impossible semble \u00e0 port\u00e9e de main. Notre histoire ne se r\u00e9sume pas \u00e0 un h\u00f4tel\u00a0: elle \u00e9voque la magie qui se produit lorsque l&#039;imagination rencontre la r\u00e9alit\u00e9, lorsqu&#039;un aper\u00e7u de la d\u00e9marche gracieuse d&#039;une girafe peut inspirer un r\u00eave d&#039;enfant, et lorsqu&#039;un s\u00e9jour parmi nous devient un r\u00e9cit pr\u00e9cieux \u00e0 raconter pour des g\u00e9n\u00e9rations. Nous vous invitons \u00e0 nous rejoindre pour ce voyage remarquable, \u00e0 explorer les merveilles du Ch\u00e2teau des Girafes de Chimelong et \u00e0 faire partie de notre histoire, une histoire aussi sauvage, belle et infinie que la savane elle-m\u00eame.<\/p>\t\t\t\t\t\t\t\t<\/div>\n\t\t\t\t<\/div>\n\t\t\t\t\t<\/div>\n\t\t\t\t<\/div>\n\t\t<div class=\"elementor-element elementor-element-1912033b e-flex e-con-boxed e-con e-parent\" data-id=\"1912033b\" data-element_type=\"container\" data-e-type=\"container\">\n\t\t\t\t\t<div class=\"e-con-inner\">\n\t\t\t\t<div class=\"elementor-element elementor-element-558beeb elementor-widget elementor-widget-heading\" data-id=\"558beeb\" data-element_type=\"widget\" data-e-type=\"widget\" data-widget_type=\"heading.default\">\n\t\t\t\t<div class=\"elementor-widget-container\">\n\t\t\t\t\t<h2 class=\"elementor-heading-title elementor-size-default\">Ch\u00e8que disponible <\/h2>\t\t\t\t<\/div>\n\t\t\t\t<\/div>\n\t\t\t\t<div class=\"elementor-element elementor-element-5913fc06 elementor-widget elementor-widget-text-editor\" data-id=\"5913fc06\" data-element_type=\"widget\" data-e-type=\"widget\" data-widget_type=\"text-editor.default\">\n\t\t\t\t<div class=\"elementor-widget-container\">\n\t\t\t\t\t\t\t\t\t<iframe border=\"0\" src=\"https:\/\/www.trip.com\/partners\/ad\/S3756223?Allianceid=5415915&#038;SID=209983229&#038;trip_sub1=\" style=\"width:1200px;height:200px\" frameborder=\"0\" scrolling=\"no\" id=\"S3756223\"><\/iframe>\t\t\t\t\t\t\t\t<\/div>\n\t\t\t\t<\/div>\n\t\t\t\t\t<\/div>\n\t\t\t\t<\/div>\n\t\t\t\t<\/div>","protected":false},"excerpt":{"rendered":"<p>Welcome to the captivating tale of Chimelong Giraffe Castle, a place where dreams of adventure and the wonders of the natural world intertwine to create a truly extraordinary destination. Nestled within the sprawling Chimelong Safari Park in Guangzhou, China, our hotel stands as a testament to imagination, innovation, and a deep-rooted passion for wildlife conservation [&hellip;]<\/p>\n","protected":false},"author":1,"featured_media":0,"parent":0,"menu_order":0,"comment_status":"closed","ping_status":"closed","template":"","meta":{"footnotes":""},"class_list":["post-2104","page","type-page","status-publish","hentry","post-no-thumbnail"],"_links":{"self":[{"href":"https:\/\/chimelonggiraffecastle.com\/fr\/wp-json\/wp\/v2\/pages\/2104","targetHints":{"allow":["GET"]}}],"collection":[{"href":"https:\/\/chimelonggiraffecastle.com\/fr\/wp-json\/wp\/v2\/pages"}],"about":[{"href":"https:\/\/chimelonggiraffecastle.com\/fr\/wp-json\/wp\/v2\/types\/page"}],"author":[{"embeddable":true,"href":"https:\/\/chimelonggiraffecastle.com\/fr\/wp-json\/wp\/v2\/users\/1"}],"replies":[{"embeddable":true,"href":"https:\/\/chimelonggiraffecastle.com\/fr\/wp-json\/wp\/v2\/comments?post=2104"}],"version-history":[{"count":0,"href":"https:\/\/chimelonggiraffecastle.com\/fr\/wp-json\/wp\/v2\/pages\/2104\/revisions"}],"wp:attachment":[{"href":"https:\/\/chimelonggiraffecastle.com\/fr\/wp-json\/wp\/v2\/media?parent=2104"}],"curies":[{"name":"wp","href":"https:\/\/api.w.org\/{rel}","templated":true}]}}