{"id":5266,"date":"2021-07-18T08:03:35","date_gmt":"2021-07-18T08:03:35","guid":{"rendered":"https:\/\/nuss.uxper.co\/luxury-resort\/?page_id=5266"},"modified":"2025-05-21T16:09:06","modified_gmt":"2025-05-21T16:09:06","slug":"sobre-nosotros","status":"publish","type":"page","link":"https:\/\/chimelonggiraffecastle.com\/es\/about-us\/","title":{"rendered":"Sobre nosotros"},"content":{"rendered":"<div data-elementor-type=\"wp-page\" data-elementor-id=\"5266\" class=\"elementor elementor-5266\">\n\t\t\t\t\t\t<section class=\"elementor-section elementor-top-section elementor-element elementor-element-10416953 elementor-section-boxed elementor-section-gap-beside-yes elementor-section-height-default elementor-section-height-default elementor-section-column-vertical-align-stretch\" data-id=\"10416953\" data-element_type=\"section\" data-e-type=\"section\">\n\t\t\t\t\t\t<div class=\"elementor-container elementor-column-gap-extended\">\n\t\t\t\t\t<div class=\"elementor-column elementor-col-100 elementor-top-column elementor-element elementor-element-29c6aa8\" data-id=\"29c6aa8\" data-element_type=\"column\" data-e-type=\"column\">\n\t\t\t<div class=\"elementor-widget-wrap elementor-element-populated\">\n\t\t\t\t\t\t<div class=\"elementor-element elementor-element-7be18fe7 elementor-widget__width-initial elementor-invisible elementor-widget elementor-widget-text-editor\" data-id=\"7be18fe7\" data-element_type=\"widget\" data-e-type=\"widget\" data-settings=\"{&quot;_animation&quot;:&quot;nussFadeInUp&quot;}\" data-widget_type=\"text-editor.default\">\n\t\t\t\t<div class=\"elementor-widget-container\">\n\t\t\t\t\t\t\t\t\t<p>Bienvenido a un mundo de maravillas y fantas\u00eda en Chimelong Giraffe Castle, un alojamiento tem\u00e1tico extraordinario ubicado en el coraz\u00f3n del Chimelong Hotel en Guangzhou Chimelong Safari Park.<\/p>\t\t\t\t\t\t\t\t<\/div>\n\t\t\t\t<\/div>\n\t\t\t\t\t<\/div>\n\t\t<\/div>\n\t\t\t\t\t<\/div>\n\t\t<\/section>\n\t\t\t\t<section class=\"elementor-section elementor-top-section elementor-element elementor-element-7d18327f elementor-section-boxed elementor-section-gap-beside-yes elementor-section-height-default elementor-section-height-default elementor-section-column-vertical-align-stretch\" data-id=\"7d18327f\" data-element_type=\"section\" data-e-type=\"section\">\n\t\t\t\t\t\t<div class=\"elementor-container elementor-column-gap-extended\">\n\t\t\t\t\t<div class=\"elementor-column elementor-col-50 elementor-top-column elementor-element elementor-element-56533670\" data-id=\"56533670\" data-element_type=\"column\" data-e-type=\"column\">\n\t\t\t<div class=\"elementor-widget-wrap elementor-element-populated\">\n\t\t\t\t\t\t<div class=\"elementor-element elementor-element-19c3f543 elementor-invisible elementor-widget elementor-widget-text-editor\" data-id=\"19c3f543\" data-element_type=\"widget\" data-e-type=\"widget\" data-settings=\"{&quot;_animation&quot;:&quot;nussFadeInUp&quot;}\" data-widget_type=\"text-editor.default\">\n\t\t\t\t<div class=\"elementor-widget-container\">\n\t\t\t\t\t\t\t\t\t<p>Este castillo \u00fanico te transporta a un reino m\u00e1gico donde la elegancia de las jirafas y el encanto de una fortaleza de cuento de hadas se fusionan a la perfecci\u00f3n para crear una estancia inolvidable. Perfecto para familias, parejas y aventureros, el Castillo de Jirafas de Chimelong ofrece una escapada \u00fanica que combina la comodidad de lujo con la emoci\u00f3n de estar rodeado de los gigantes m\u00e1s elegantes de la naturaleza.<\/p>\t\t\t\t\t\t\t\t<\/div>\n\t\t\t\t<\/div>\n\t\t\t\t\t<\/div>\n\t\t<\/div>\n\t\t\t\t<div class=\"elementor-column elementor-col-50 elementor-top-column elementor-element elementor-element-30f14127\" data-id=\"30f14127\" data-element_type=\"column\" data-e-type=\"column\">\n\t\t\t<div class=\"elementor-widget-wrap elementor-element-populated\">\n\t\t\t\t\t\t<div class=\"elementor-element elementor-element-350da02e elementor-invisible nuss-elementor-loading nuss-slide-in-left elementor-widget elementor-widget-image\" data-id=\"350da02e\" data-element_type=\"widget\" data-e-type=\"widget\" data-settings=\"{&quot;_animation&quot;:&quot;nussSlideInLeft&quot;}\" data-widget_type=\"image.default\">\n\t\t\t\t<div class=\"elementor-widget-container\">\n\t\t\t\t\t\t\t\t\t\t\t\t\t\t\t<img fetchpriority=\"high\" decoding=\"async\" width=\"1137\" height=\"853\" src=\"https:\/\/chimelonggiraffecastle.com\/wp-content\/uploads\/2025\/05\/Chimelong-Giraffe-Castle-8.webp\" class=\"attachment-full size-full wp-image-5971\" alt=\"\" srcset=\"https:\/\/chimelonggiraffecastle.com\/wp-content\/uploads\/2025\/05\/Chimelong-Giraffe-Castle-8.webp 1137w, https:\/\/chimelonggiraffecastle.com\/wp-content\/uploads\/2025\/05\/Chimelong-Giraffe-Castle-8-300x225.webp 300w, https:\/\/chimelonggiraffecastle.com\/wp-content\/uploads\/2025\/05\/Chimelong-Giraffe-Castle-8-1024x768.webp 1024w, https:\/\/chimelonggiraffecastle.com\/wp-content\/uploads\/2025\/05\/Chimelong-Giraffe-Castle-8-768x576.webp 768w, https:\/\/chimelonggiraffecastle.com\/wp-content\/uploads\/2025\/05\/Chimelong-Giraffe-Castle-8-16x12.webp 16w\" sizes=\"(max-width: 1137px) 100vw, 1137px\" \/>\t\t\t\t\t\t\t\t\t\t\t\t\t\t\t<\/div>\n\t\t\t\t<\/div>\n\t\t\t\t\t<\/div>\n\t\t<\/div>\n\t\t\t\t\t<\/div>\n\t\t<\/section>\n\t\t\t\t<section class=\"elementor-section elementor-top-section elementor-element elementor-element-29fb8578 elementor-section-height-min-height elementor-section-stretched elementor-section-full_width elementor-section-items-stretch elementor-section-height-default elementor-section-column-vertical-align-stretch\" data-id=\"29fb8578\" data-element_type=\"section\" data-e-type=\"section\" data-settings=\"{&quot;stretch_section&quot;:&quot;section-stretched&quot;}\">\n\t\t\t\t\t\t<div class=\"elementor-container elementor-column-gap-no\">\n\t\t\t\t\t<div class=\"elementor-column elementor-col-50 elementor-top-column elementor-element elementor-element-40ac270b\" data-id=\"40ac270b\" data-element_type=\"column\" data-e-type=\"column\">\n\t\t\t<div class=\"elementor-widget-wrap elementor-element-populated\">\n\t\t\t\t\t\t<div class=\"elementor-element elementor-element-20872773 elementor-widget__width-initial elementor-widget-mobile__width-inherit elementor-invisible nuss-elementor-loading nuss-slide-in-right elementor-widget elementor-widget-image\" data-id=\"20872773\" data-element_type=\"widget\" data-e-type=\"widget\" data-settings=\"{&quot;_animation&quot;:&quot;nussSlideInRight&quot;}\" data-widget_type=\"image.default\">\n\t\t\t\t<div class=\"elementor-widget-container\">\n\t\t\t\t\t\t\t\t\t\t\t\t\t\t\t<img decoding=\"async\" width=\"800\" height=\"599\" src=\"https:\/\/chimelonggiraffecastle.com\/wp-content\/uploads\/2025\/05\/Chimelong-Giraffe-Castle-3.webp\" class=\"attachment-full size-full wp-image-5965\" alt=\"\" srcset=\"https:\/\/chimelonggiraffecastle.com\/wp-content\/uploads\/2025\/05\/Chimelong-Giraffe-Castle-3.webp 800w, https:\/\/chimelonggiraffecastle.com\/wp-content\/uploads\/2025\/05\/Chimelong-Giraffe-Castle-3-300x225.webp 300w, https:\/\/chimelonggiraffecastle.com\/wp-content\/uploads\/2025\/05\/Chimelong-Giraffe-Castle-3-768x575.webp 768w, https:\/\/chimelonggiraffecastle.com\/wp-content\/uploads\/2025\/05\/Chimelong-Giraffe-Castle-3-16x12.webp 16w\" sizes=\"(max-width: 800px) 100vw, 800px\" \/>\t\t\t\t\t\t\t\t\t\t\t\t\t\t\t<\/div>\n\t\t\t\t<\/div>\n\t\t\t\t\t<\/div>\n\t\t<\/div>\n\t\t\t\t<div class=\"elementor-column elementor-col-50 elementor-top-column elementor-element elementor-element-2dac103\" data-id=\"2dac103\" data-element_type=\"column\" data-e-type=\"column\">\n\t\t\t<div class=\"elementor-widget-wrap elementor-element-populated\">\n\t\t\t\t\t\t<div class=\"elementor-element elementor-element-6f1b8966 elementor-invisible elementor-widget elementor-widget-text-editor\" data-id=\"6f1b8966\" data-element_type=\"widget\" data-e-type=\"widget\" data-settings=\"{&quot;_animation&quot;:&quot;nussFadeInUp&quot;}\" data-widget_type=\"text-editor.default\">\n\t\t\t\t<div class=\"elementor-widget-container\">\n\t\t\t\t\t\t\t\t\t<p>Imagine despertar con la vista de imponentes jirafas deambulando con gracia justo al otro lado de su ventana. Su serena presencia le brinda una sensaci\u00f3n de tranquilidad y asombro a su ma\u00f1ana. El dise\u00f1o del castillo est\u00e1 inspirado en la majestuosa belleza de estos ic\u00f3nicos animales, con una intrincada decoraci\u00f3n con tem\u00e1tica de jirafas y elementos divertidos que cautivan a hu\u00e9spedes de todas las edades. Cada rinc\u00f3n del Castillo de Jirafas de Chimelong cuenta una historia, desde su extravagante arquitectura hasta sus interiores cuidadosamente seleccionados que reflejan el esp\u00edritu de la sabana africana.<\/p><p>Ubicado en los extensos terrenos del Parque Safari Chimelong de Guangzhou, uno de los principales destinos de vida silvestre de China, este encantador castillo ofrece un acceso inigualable a un mundo de aventuras. Pase sus d\u00edas explorando la amplia variedad de animales ex\u00f3ticos, emocionantes atracciones y exhibiciones inmersivas del parque, y luego regrese al castillo para una noche de relajaci\u00f3n en un entorno de ensue\u00f1o. Ya sea que busque una escapada familiar o un retiro rom\u00e1ntico con un toque extraordinario, el Castillo de Jirafas de Chimelong le promete una estancia tan memorable como m\u00e1gica.<\/p>\t\t\t\t\t\t\t\t<\/div>\n\t\t\t\t<\/div>\n\t\t\t\t\t<\/div>\n\t\t<\/div>\n\t\t\t\t\t<\/div>\n\t\t<\/section>\n\t\t\t\t<section class=\"elementor-section elementor-top-section elementor-element elementor-element-9c66b57 elementor-section-height-min-height elementor-section-stretched elementor-section-full_width elementor-section-items-stretch elementor-section-height-default elementor-section-column-vertical-align-stretch\" data-id=\"9c66b57\" data-element_type=\"section\" data-e-type=\"section\" data-settings=\"{&quot;stretch_section&quot;:&quot;section-stretched&quot;}\">\n\t\t\t\t\t\t<div class=\"elementor-container elementor-column-gap-no\">\n\t\t\t\t\t<div class=\"elementor-column elementor-col-50 elementor-top-column elementor-element elementor-element-6aad332\" data-id=\"6aad332\" data-element_type=\"column\" data-e-type=\"column\">\n\t\t\t<div class=\"elementor-widget-wrap elementor-element-populated\">\n\t\t\t\t\t\t<div class=\"elementor-element elementor-element-56bb326 elementor-invisible elementor-widget elementor-widget-text-editor\" data-id=\"56bb326\" data-element_type=\"widget\" data-e-type=\"widget\" data-settings=\"{&quot;_animation&quot;:&quot;nussFadeInUp&quot;}\" data-widget_type=\"text-editor.default\">\n\t\t\t\t<div class=\"elementor-widget-container\">\n\t\t\t\t\t\t\t\t\t<p>M\u00e1s all\u00e1 de su cautivadora tem\u00e1tica, el Castillo de Jirafas de Chimelong est\u00e1 dise\u00f1ado pensando en su comodidad. Cada habitaci\u00f3n est\u00e1 cuidadosamente equipada con comodidades modernas para garantizar una combinaci\u00f3n perfecta de lujo y comodidad, convirti\u00e9ndola en la base perfecta para su aventura de safari. Desde lujosa ropa de cama hasta impresionantes vistas, cada detalle est\u00e1 pensado para mejorar su experiencia. Adem\u00e1s, con la excepcional hospitalidad del Hotel Chimelong, disfrutar\u00e1 de un servicio de primera clase que le har\u00e1 sentir como en casa en este fant\u00e1stico entorno.<\/p><p>Para quienes buscan una experiencia vacacional verdaderamente \u00fanica en Cant\u00f3n, el Castillo de Jirafas de Chimelong es un destino imprescindible. Es m\u00e1s que un simple alojamiento: es un viaje inmersivo a un mundo donde la naturaleza y la imaginaci\u00f3n se fusionan. Reserve su estancia hoy mismo y sum\u00e9rjase en la magia del Castillo de Jirafas de Chimelong, donde la maravilla de la naturaleza se fusiona con el encanto de una escapada de cuento de hadas. Ya sea que est\u00e9 planeando unas vacaciones en familia, una celebraci\u00f3n especial o simplemente una escapada \u00fanica, este extraordinario castillo en el Parque Safari de Chimelong le espera con los brazos abiertos y un encanto infinito.<\/p>\t\t\t\t\t\t\t\t<\/div>\n\t\t\t\t<\/div>\n\t\t\t\t\t<\/div>\n\t\t<\/div>\n\t\t\t\t<div class=\"elementor-column elementor-col-50 elementor-top-column elementor-element elementor-element-1de6838\" data-id=\"1de6838\" data-element_type=\"column\" data-e-type=\"column\">\n\t\t\t<div class=\"elementor-widget-wrap elementor-element-populated\">\n\t\t\t\t\t\t<div class=\"elementor-element elementor-element-c3cce95 elementor-widget__width-initial elementor-widget-mobile__width-inherit elementor-invisible nuss-elementor-loading nuss-slide-in-right elementor-widget elementor-widget-image\" data-id=\"c3cce95\" data-element_type=\"widget\" data-e-type=\"widget\" data-settings=\"{&quot;_animation&quot;:&quot;nussSlideInRight&quot;}\" data-widget_type=\"image.default\">\n\t\t\t\t<div class=\"elementor-widget-container\">\n\t\t\t\t\t\t\t\t\t\t\t\t\t\t\t<img decoding=\"async\" width=\"1137\" height=\"853\" src=\"https:\/\/chimelonggiraffecastle.com\/wp-content\/uploads\/2025\/05\/Chimelong-Giraffe-Castle-9.webp\" class=\"attachment-full size-full wp-image-5972\" alt=\"\" srcset=\"https:\/\/chimelonggiraffecastle.com\/wp-content\/uploads\/2025\/05\/Chimelong-Giraffe-Castle-9.webp 1137w, https:\/\/chimelonggiraffecastle.com\/wp-content\/uploads\/2025\/05\/Chimelong-Giraffe-Castle-9-300x225.webp 300w, https:\/\/chimelonggiraffecastle.com\/wp-content\/uploads\/2025\/05\/Chimelong-Giraffe-Castle-9-1024x768.webp 1024w, https:\/\/chimelonggiraffecastle.com\/wp-content\/uploads\/2025\/05\/Chimelong-Giraffe-Castle-9-768x576.webp 768w, https:\/\/chimelonggiraffecastle.com\/wp-content\/uploads\/2025\/05\/Chimelong-Giraffe-Castle-9-16x12.webp 16w\" sizes=\"(max-width: 1137px) 100vw, 1137px\" \/>\t\t\t\t\t\t\t\t\t\t\t\t\t\t\t<\/div>\n\t\t\t\t<\/div>\n\t\t\t\t\t<\/div>\n\t\t<\/div>\n\t\t\t\t\t<\/div>\n\t\t<\/section>\n\t\t\t\t<section class=\"elementor-section elementor-top-section elementor-element elementor-element-2092b7d0 elementor-section-stretched elementor-section-boxed elementor-section-gap-beside-yes elementor-section-height-default elementor-section-height-default elementor-section-column-vertical-align-stretch\" data-id=\"2092b7d0\" data-element_type=\"section\" data-e-type=\"section\" data-settings=\"{&quot;background_background&quot;:&quot;classic&quot;,&quot;stretch_section&quot;:&quot;section-stretched&quot;}\">\n\t\t\t\t\t\t<div class=\"elementor-container elementor-column-gap-extended\">\n\t\t\t\t\t<div class=\"elementor-column elementor-col-100 elementor-top-column elementor-element elementor-element-be69d75\" data-id=\"be69d75\" data-element_type=\"column\" data-e-type=\"column\">\n\t\t\t<div class=\"elementor-widget-wrap elementor-element-populated\">\n\t\t\t\t\t\t<div class=\"elementor-element elementor-element-3562ee5 elementor-widget elementor-widget-text-editor\" data-id=\"3562ee5\" data-element_type=\"widget\" data-e-type=\"widget\" data-widget_type=\"text-editor.default\">\n\t\t\t\t<div class=\"elementor-widget-container\">\n\t\t\t\t\t\t\t\t\t<iframe border=\"0\" src=\"https:\/\/www.trip.com\/partners\/ad\/S3756223?Allianceid=5415915&#038;SID=209983229&#038;trip_sub1=\" style=\"width:1200px;height:200px\" frameborder=\"0\" scrolling=\"no\" id=\"S3756223\"><\/iframe>\t\t\t\t\t\t\t\t<\/div>\n\t\t\t\t<\/div>\n\t\t\t\t\t<\/div>\n\t\t<\/div>\n\t\t\t\t\t<\/div>\n\t\t<\/section>\n\t\t<div class=\"elementor-element elementor-element-7009371 e-flex e-con-boxed e-con e-parent\" data-id=\"7009371\" data-element_type=\"container\" data-e-type=\"container\">\n\t\t\t\t\t<div class=\"e-con-inner\">\n\t\t\t\t<div class=\"elementor-element elementor-element-fb8286d elementor-widget elementor-widget-text-editor\" data-id=\"fb8286d\" data-element_type=\"widget\" data-e-type=\"widget\" data-widget_type=\"text-editor.default\">\n\t\t\t\t<div class=\"elementor-widget-container\">\n\t\t\t\t\t\t\t\t\t<p><strong>\u00bfPor qu\u00e9 elegir Chimelong Giraffe Castle?<\/strong><\/p><ul><li>Alojamiento \u00fanico con tem\u00e1tica de jirafas para una estancia inolvidable.<\/li><li>Cercan\u00eda a las principales atracciones del Parque Safari Chimelong de Guangzhou.<\/li><li>Perfecto para vacaciones familiares, escapadas rom\u00e1nticas y buscadores de aventuras.<\/li><li>Comodidades de lujo combinadas con un ambiente m\u00e1gico inspirado en la naturaleza.<\/li><\/ul><p>Emb\u00e1rcate en un viaje al Castillo de Jirafas de Chimelong y crea recuerdos inolvidables. \u00a1Tu aventura de cuento de hadas te espera en el coraz\u00f3n de Cant\u00f3n!<\/p>\t\t\t\t\t\t\t\t<\/div>\n\t\t\t\t<\/div>\n\t\t\t\t\t<\/div>\n\t\t\t\t<\/div>\n\t\t\t\t<\/div>","protected":false},"excerpt":{"rendered":"<p>Welcome to a world of wonder and whimsy at Chimelong Giraffe Castle, an extraordinary themed accommodation nestled within the heart of Chimelong Hotel at Guangzhou Chimelong Safari Park. This one-of-a-kind castle transports you into a magical realm where the elegance of giraffes and the charm of a fairytale fortress blend seamlessly to create an unforgettable [&hellip;]<\/p>\n","protected":false},"author":1,"featured_media":0,"parent":0,"menu_order":0,"comment_status":"closed","ping_status":"closed","template":"","meta":{"footnotes":""},"class_list":["post-5266","page","type-page","status-publish","hentry","post-no-thumbnail"],"_links":{"self":[{"href":"https:\/\/chimelonggiraffecastle.com\/es\/wp-json\/wp\/v2\/pages\/5266","targetHints":{"allow":["GET"]}}],"collection":[{"href":"https:\/\/chimelonggiraffecastle.com\/es\/wp-json\/wp\/v2\/pages"}],"about":[{"href":"https:\/\/chimelonggiraffecastle.com\/es\/wp-json\/wp\/v2\/types\/page"}],"author":[{"embeddable":true,"href":"https:\/\/chimelonggiraffecastle.com\/es\/wp-json\/wp\/v2\/users\/1"}],"replies":[{"embeddable":true,"href":"https:\/\/chimelonggiraffecastle.com\/es\/wp-json\/wp\/v2\/comments?post=5266"}],"version-history":[{"count":0,"href":"https:\/\/chimelonggiraffecastle.com\/es\/wp-json\/wp\/v2\/pages\/5266\/revisions"}],"wp:attachment":[{"href":"https:\/\/chimelonggiraffecastle.com\/es\/wp-json\/wp\/v2\/media?parent=5266"}],"curies":[{"name":"gracias","href":"https:\/\/api.w.org\/{rel}","templated":true}]}}