{"id":2109,"date":"2021-03-26T08:35:58","date_gmt":"2021-03-26T08:35:58","guid":{"rendered":"http:\/\/localhost\/nuss\/?page_id=536"},"modified":"2025-05-21T16:47:12","modified_gmt":"2025-05-21T16:47:12","slug":"sala-de-reuniones","status":"publish","type":"page","link":"https:\/\/chimelonggiraffecastle.com\/es\/meeting-room\/","title":{"rendered":"Sala de reuniones"},"content":{"rendered":"<div data-elementor-type=\"wp-page\" data-elementor-id=\"2109\" class=\"elementor elementor-2109\">\n\t\t\t\t\t\t<section class=\"elementor-section elementor-top-section elementor-element elementor-element-bb2901b elementor-section-boxed elementor-section-gap-beside-yes elementor-section-height-default elementor-section-height-default elementor-section-column-vertical-align-stretch\" data-id=\"bb2901b\" data-element_type=\"section\" data-e-type=\"section\">\n\t\t\t\t\t\t<div class=\"elementor-container elementor-column-gap-extended\">\n\t\t\t\t\t<div class=\"elementor-column elementor-col-100 elementor-top-column elementor-element elementor-element-1919db9\" data-id=\"1919db9\" data-element_type=\"column\" data-e-type=\"column\">\n\t\t\t<div class=\"elementor-widget-wrap elementor-element-populated\">\n\t\t\t\t\t\t<div class=\"elementor-element elementor-element-41a7b9c elementor-widget__width-initial elementor-invisible elementor-widget elementor-widget-text-editor\" data-id=\"41a7b9c\" data-element_type=\"widget\" data-e-type=\"widget\" data-settings=\"{&quot;_animation&quot;:&quot;nussFadeInUp&quot;}\" data-widget_type=\"text-editor.default\">\n\t\t\t\t<div class=\"elementor-widget-container\">\n\t\t\t\t\t\t\t\t\t<p>Bienvenido a la excelencia profesional en las Salas de Reuniones del Hotel Chimelong, estrat\u00e9gicamente ubicadas en el cautivador Complejo Tur\u00edstico Chimelong, cerca del Parque Safari Chimelong de Guangzhou. Dise\u00f1adas para inspirar la productividad y fomentar la innovaci\u00f3n, nuestras modernas instalaciones para reuniones combinan a la perfecci\u00f3n la sofisticaci\u00f3n moderna con el encanto \u00fanico de estar rodeado de la naturaleza. Ya sea que organice una conferencia corporativa, una reuni\u00f3n estrat\u00e9gica de negocios, un retiro para fomentar el esp\u00edritu de equipo o un evento especial, el Hotel Chimelong le ofrece el entorno ideal para llevar sus reuniones a otro nivel.<\/p>\t\t\t\t\t\t\t\t<\/div>\n\t\t\t\t<\/div>\n\t\t\t\t\t<\/div>\n\t\t<\/div>\n\t\t\t\t\t<\/div>\n\t\t<\/section>\n\t\t<div class=\"elementor-element elementor-element-a85cb2b e-flex e-con-boxed e-con e-parent\" data-id=\"a85cb2b\" data-element_type=\"container\" data-e-type=\"container\">\n\t\t\t\t\t<div class=\"e-con-inner\">\n\t\t\t\t<div class=\"elementor-element elementor-element-a86ab8f elementor-widget elementor-widget-nuss-image-gallery\" data-id=\"a86ab8f\" data-element_type=\"widget\" data-e-type=\"widget\" data-widget_type=\"nuss-image-gallery.default\">\n\t\t\t\t<div class=\"elementor-widget-container\">\n\t\t\t\t\t\t\t<div class=\"nuss-grid-wrapper\" data-grid=\"{&quot;type&quot;:&quot;grid&quot;,&quot;ratio&quot;:null,&quot;columns&quot;:3,&quot;columnsTablet&quot;:2,&quot;columnsMobile&quot;:1,&quot;gutter&quot;:30}\">\r\n\t\t\t<div class=\"nuss-grid lazy-grid\">\r\n\t\t\t\t<div class=\"grid-sizer\"><\/div>\r\n\r\n\t\t\t\t\t\t\t\t\t\t\t\t<div class=\"grid-item\">\r\n\t\t\t\t\t\t<div class=\"nuss-box\">\t\t<div class=\"nuss-image image\">\r\n\t\t\t<img decoding=\"async\"  src=\"https:\/\/chimelonggiraffecastle.com\/wp-content\/uploads\/2025\/05\/Business-facilities-1.webp\" alt=\"Instalaciones comerciales (1)\" \/>\t\t<\/div>\r\n\t\t\t\t<\/div>\t\t\t\t\t<\/div>\r\n\t\t\t\t\t\t<div class=\"grid-item\">\r\n\t\t\t\t\t\t<div class=\"nuss-box\">\t\t<div class=\"nuss-image image\">\r\n\t\t\t<img decoding=\"async\"  src=\"https:\/\/chimelonggiraffecastle.com\/wp-content\/uploads\/2025\/05\/Business-facilities-2.webp\" alt=\"Instalaciones comerciales (2)\" \/>\t\t<\/div>\r\n\t\t\t\t<\/div>\t\t\t\t\t<\/div>\r\n\t\t\t\t\t\t<div class=\"grid-item\">\r\n\t\t\t\t\t\t<div class=\"nuss-box\">\t\t<div class=\"nuss-image image\">\r\n\t\t\t<img decoding=\"async\"  src=\"https:\/\/chimelonggiraffecastle.com\/wp-content\/uploads\/2025\/05\/Business-facilities-3.webp\" alt=\"Instalaciones comerciales (3)\" \/>\t\t<\/div>\r\n\t\t\t\t<\/div>\t\t\t\t\t<\/div>\r\n\t\t\t\t\t\t<div class=\"grid-item\">\r\n\t\t\t\t\t\t<div class=\"nuss-box\">\t\t<div class=\"nuss-image image\">\r\n\t\t\t<img decoding=\"async\"  src=\"https:\/\/chimelonggiraffecastle.com\/wp-content\/uploads\/2025\/05\/Business-facilities-4.webp\" alt=\"Instalaciones para negocios (4)\" \/>\t\t<\/div>\r\n\t\t\t\t<\/div>\t\t\t\t\t<\/div>\r\n\t\t\t\t\t\t<div class=\"grid-item\">\r\n\t\t\t\t\t\t<div class=\"nuss-box\">\t\t<div class=\"nuss-image image\">\r\n\t\t\t<img decoding=\"async\"  src=\"https:\/\/chimelonggiraffecastle.com\/wp-content\/uploads\/2025\/05\/Business-facilities-6.webp\" alt=\"Instalaciones comerciales (6)\" \/>\t\t<\/div>\r\n\t\t\t\t<\/div>\t\t\t\t\t<\/div>\r\n\t\t\t\t\t\t<div class=\"grid-item\">\r\n\t\t\t\t\t\t<div class=\"nuss-box\">\t\t<div class=\"nuss-image image\">\r\n\t\t\t<img decoding=\"async\"  src=\"https:\/\/chimelonggiraffecastle.com\/wp-content\/uploads\/2025\/05\/Business-facilities-7.webp\" alt=\"Instalaciones para negocios (7)\" \/>\t\t<\/div>\r\n\t\t\t\t<\/div>\t\t\t\t\t<\/div>\r\n\t\t\t\t\t\t\t\r\n\t\t\t<\/div>\r\n\t\t<\/div>\r\n\t\t\t\t\t\t<\/div>\n\t\t\t\t<\/div>\n\t\t\t\t\t<\/div>\n\t\t\t\t<\/div>\n\t\t\t\t<section class=\"elementor-section elementor-top-section elementor-element elementor-element-fad87ed elementor-section-boxed elementor-section-gap-beside-yes elementor-section-height-default elementor-section-height-default elementor-section-column-vertical-align-stretch\" data-id=\"fad87ed\" data-element_type=\"section\" data-e-type=\"section\">\n\t\t\t\t\t\t<div class=\"elementor-container elementor-column-gap-extended\">\n\t\t\t\t\t<div class=\"elementor-column elementor-col-50 elementor-top-column elementor-element elementor-element-9b3c6b5\" data-id=\"9b3c6b5\" data-element_type=\"column\" data-e-type=\"column\">\n\t\t\t<div class=\"elementor-widget-wrap elementor-element-populated\">\n\t\t\t\t\t\t<div class=\"elementor-element elementor-element-ce91d58 elementor-invisible nuss-elementor-loading nuss-slide-in-right elementor-widget elementor-widget-image\" data-id=\"ce91d58\" data-element_type=\"widget\" data-e-type=\"widget\" data-settings=\"{&quot;_animation&quot;:&quot;nussSlideInRight&quot;}\" data-widget_type=\"image.default\">\n\t\t\t\t<div class=\"elementor-widget-container\">\n\t\t\t\t\t\t\t\t\t\t\t\t\t\t\t<img fetchpriority=\"high\" decoding=\"async\" width=\"1280\" height=\"853\" src=\"https:\/\/chimelonggiraffecastle.com\/wp-content\/uploads\/2025\/05\/Business-facilities-5.webp\" class=\"attachment-full size-full wp-image-6015\" alt=\"\" srcset=\"https:\/\/chimelonggiraffecastle.com\/wp-content\/uploads\/2025\/05\/Business-facilities-5.webp 1280w, https:\/\/chimelonggiraffecastle.com\/wp-content\/uploads\/2025\/05\/Business-facilities-5-300x200.webp 300w, https:\/\/chimelonggiraffecastle.com\/wp-content\/uploads\/2025\/05\/Business-facilities-5-1024x682.webp 1024w, https:\/\/chimelonggiraffecastle.com\/wp-content\/uploads\/2025\/05\/Business-facilities-5-768x512.webp 768w, https:\/\/chimelonggiraffecastle.com\/wp-content\/uploads\/2025\/05\/Business-facilities-5-18x12.webp 18w\" sizes=\"(max-width: 1280px) 100vw, 1280px\" \/>\t\t\t\t\t\t\t\t\t\t\t\t\t\t\t<\/div>\n\t\t\t\t<\/div>\n\t\t\t\t\t<\/div>\n\t\t<\/div>\n\t\t\t\t<div class=\"elementor-column elementor-col-50 elementor-top-column elementor-element elementor-element-27e1142\" data-id=\"27e1142\" data-element_type=\"column\" data-e-type=\"column\">\n\t\t\t<div class=\"elementor-widget-wrap elementor-element-populated\">\n\t\t\t\t\t\t<div class=\"elementor-element elementor-element-46af239 elementor-invisible elementor-widget elementor-widget-text-editor\" data-id=\"46af239\" data-element_type=\"widget\" data-e-type=\"widget\" data-settings=\"{&quot;_animation&quot;:&quot;nussFadeInUp&quot;}\" data-widget_type=\"text-editor.default\">\n\t\t\t\t<div class=\"elementor-widget-container\">\n\t\t\t\t\t\t\t\t\t<p>Bienvenido al excepcional mundo de Chimelong Giraffe Castle, donde las maravillas de la sabana africana se fusionan con la sofisticaci\u00f3n de las necesidades empresariales modernas. Ubicado en el impresionante Parque Safari Chimelong en Cant\u00f3n, China, nuestro hotel es reconocido no solo por sus inigualables experiencias con la vida silvestre, sino tambi\u00e9n por su dedicaci\u00f3n a brindar instalaciones de primer nivel para viajeros corporativos y organizadores de eventos. En Chimelong Giraffe Castle, creemos que los negocios y la inspiraci\u00f3n van de la mano, y nuestras modernas instalaciones de negocios est\u00e1n dise\u00f1adas para impulsar sus proyectos profesionales en un entorno de belleza natural y encanto ex\u00f3tico.<\/p>\t\t\t\t\t\t\t\t<\/div>\n\t\t\t\t<\/div>\n\t\t\t\t\t<\/div>\n\t\t<\/div>\n\t\t\t\t\t<\/div>\n\t\t<\/section>\n\t\t\t\t<section class=\"elementor-section elementor-top-section elementor-element elementor-element-9645f63 elementor-section-boxed elementor-section-gap-beside-yes elementor-section-height-default elementor-section-height-default elementor-section-column-vertical-align-stretch\" data-id=\"9645f63\" data-element_type=\"section\" data-e-type=\"section\">\n\t\t\t\t\t\t<div class=\"elementor-container elementor-column-gap-extended\">\n\t\t\t\t\t<div class=\"elementor-column elementor-col-50 elementor-top-column elementor-element elementor-element-1855656\" data-id=\"1855656\" data-element_type=\"column\" data-e-type=\"column\">\n\t\t\t<div class=\"elementor-widget-wrap elementor-element-populated\">\n\t\t\t\t\t\t<div class=\"elementor-element elementor-element-e29928c elementor-invisible elementor-widget elementor-widget-text-editor\" data-id=\"e29928c\" data-element_type=\"widget\" data-e-type=\"widget\" data-settings=\"{&quot;_animation&quot;:&quot;nussFadeInUp&quot;}\" data-widget_type=\"text-editor.default\">\n\t\t\t\t<div class=\"elementor-widget-container\">\n\t\t\t\t\t\t\t\t\t<p>Ya sea que organice una reuni\u00f3n corporativa importante, planifique un retiro \u00fanico para fomentar el esp\u00edritu de equipo o organice una conferencia memorable, nuestros espacios vers\u00e1tiles y bien equipados ofrecen la combinaci\u00f3n perfecta de funcionalidad y creatividad. Imagine celebrar sus reuniones de negocios con la serena vista de las jirafas deambulando al otro lado de la ventana, o generar ideas innovadoras en un entorno que despierta la imaginaci\u00f3n. Nuestro compromiso con la excelencia va m\u00e1s all\u00e1 del ocio, garantizando que cada evento profesional cuente con tecnolog\u00eda de vanguardia, servicio personalizado y un ambiente que transforma lo ordinario en extraordinario.<\/p>\t\t\t\t\t\t\t\t<\/div>\n\t\t\t\t<\/div>\n\t\t\t\t\t<\/div>\n\t\t<\/div>\n\t\t\t\t<div class=\"elementor-column elementor-col-50 elementor-top-column elementor-element elementor-element-ec6e38d\" data-id=\"ec6e38d\" data-element_type=\"column\" data-e-type=\"column\">\n\t\t\t<div class=\"elementor-widget-wrap elementor-element-populated\">\n\t\t\t\t\t\t<div class=\"elementor-element elementor-element-477bc87 elementor-invisible nuss-elementor-loading nuss-slide-in-left elementor-widget elementor-widget-image\" data-id=\"477bc87\" data-element_type=\"widget\" data-e-type=\"widget\" data-settings=\"{&quot;_animation&quot;:&quot;nussSlideInLeft&quot;}\" data-widget_type=\"image.default\">\n\t\t\t\t<div class=\"elementor-widget-container\">\n\t\t\t\t\t\t\t\t\t\t\t\t\t\t\t<img decoding=\"async\" width=\"1280\" height=\"853\" src=\"https:\/\/chimelonggiraffecastle.com\/wp-content\/uploads\/2025\/05\/Business-facilities-6.webp\" class=\"attachment-full size-full wp-image-6016\" alt=\"\" srcset=\"https:\/\/chimelonggiraffecastle.com\/wp-content\/uploads\/2025\/05\/Business-facilities-6.webp 1280w, https:\/\/chimelonggiraffecastle.com\/wp-content\/uploads\/2025\/05\/Business-facilities-6-300x200.webp 300w, https:\/\/chimelonggiraffecastle.com\/wp-content\/uploads\/2025\/05\/Business-facilities-6-1024x682.webp 1024w, https:\/\/chimelonggiraffecastle.com\/wp-content\/uploads\/2025\/05\/Business-facilities-6-768x512.webp 768w, https:\/\/chimelonggiraffecastle.com\/wp-content\/uploads\/2025\/05\/Business-facilities-6-18x12.webp 18w\" sizes=\"(max-width: 1280px) 100vw, 1280px\" \/>\t\t\t\t\t\t\t\t\t\t\t\t\t\t\t<\/div>\n\t\t\t\t<\/div>\n\t\t\t\t\t<\/div>\n\t\t<\/div>\n\t\t\t\t\t<\/div>\n\t\t<\/section>\n\t\t\t\t<section class=\"elementor-section elementor-top-section elementor-element elementor-element-e2023fc elementor-section-boxed elementor-section-gap-beside-yes elementor-section-height-default elementor-section-height-default elementor-section-column-vertical-align-stretch\" data-id=\"e2023fc\" data-element_type=\"section\" data-e-type=\"section\">\n\t\t\t\t\t\t<div class=\"elementor-container elementor-column-gap-extended\">\n\t\t\t\t\t<div class=\"elementor-column elementor-col-50 elementor-top-column elementor-element elementor-element-2bd4bb7\" data-id=\"2bd4bb7\" data-element_type=\"column\" data-e-type=\"column\">\n\t\t\t<div class=\"elementor-widget-wrap elementor-element-populated\">\n\t\t\t\t\t\t<div class=\"elementor-element elementor-element-5f9203c elementor-invisible nuss-elementor-loading nuss-slide-in-right elementor-widget elementor-widget-image\" data-id=\"5f9203c\" data-element_type=\"widget\" data-e-type=\"widget\" data-settings=\"{&quot;_animation&quot;:&quot;nussSlideInRight&quot;}\" data-widget_type=\"image.default\">\n\t\t\t\t<div class=\"elementor-widget-container\">\n\t\t\t\t\t\t\t\t\t\t\t\t\t\t\t<img decoding=\"async\" width=\"1280\" height=\"853\" src=\"https:\/\/chimelonggiraffecastle.com\/wp-content\/uploads\/2025\/05\/Business-facilities-1.webp\" class=\"attachment-full size-full wp-image-6011\" alt=\"\" srcset=\"https:\/\/chimelonggiraffecastle.com\/wp-content\/uploads\/2025\/05\/Business-facilities-1.webp 1280w, https:\/\/chimelonggiraffecastle.com\/wp-content\/uploads\/2025\/05\/Business-facilities-1-300x200.webp 300w, https:\/\/chimelonggiraffecastle.com\/wp-content\/uploads\/2025\/05\/Business-facilities-1-1024x682.webp 1024w, https:\/\/chimelonggiraffecastle.com\/wp-content\/uploads\/2025\/05\/Business-facilities-1-768x512.webp 768w, https:\/\/chimelonggiraffecastle.com\/wp-content\/uploads\/2025\/05\/Business-facilities-1-18x12.webp 18w\" sizes=\"(max-width: 1280px) 100vw, 1280px\" \/>\t\t\t\t\t\t\t\t\t\t\t\t\t\t\t<\/div>\n\t\t\t\t<\/div>\n\t\t\t\t\t<\/div>\n\t\t<\/div>\n\t\t\t\t<div class=\"elementor-column elementor-col-50 elementor-top-column elementor-element elementor-element-f2cf712\" data-id=\"f2cf712\" data-element_type=\"column\" data-e-type=\"column\">\n\t\t\t<div class=\"elementor-widget-wrap elementor-element-populated\">\n\t\t\t\t\t\t<div class=\"elementor-element elementor-element-8997853 elementor-invisible elementor-widget elementor-widget-text-editor\" data-id=\"8997853\" data-element_type=\"widget\" data-e-type=\"widget\" data-settings=\"{&quot;_animation&quot;:&quot;nussFadeInUp&quot;}\" data-widget_type=\"text-editor.default\">\n\t\t\t\t<div class=\"elementor-widget-container\">\n\t\t\t\t\t\t\t\t\t<p>En esta secci\u00f3n dedicada a Instalaciones Empresariales, le invitamos a explorar la variedad de opciones disponibles para satisfacer sus necesidades corporativas en Chimelong Jirafa Castle. Desde modernas salas de reuniones y amplios salones de conferencias hasta servicios de catering a medida y apoyo especializado para eventos, estamos aqu\u00ed para garantizar que sus objetivos empresariales se cumplan con precisi\u00f3n y estilo. Descubra c\u00f3mo redefinimos el concepto de lugar de trabajo, combinando la productividad con la magia de la naturaleza, y perm\u00edtanos ayudarle a crear experiencias profesionales tan inolvidables como la vida silvestre que nos rodea.<\/p>\t\t\t\t\t\t\t\t<\/div>\n\t\t\t\t<\/div>\n\t\t\t\t\t<\/div>\n\t\t<\/div>\n\t\t\t\t\t<\/div>\n\t\t<\/section>\n\t\t<div class=\"elementor-element elementor-element-57b996c3 e-flex e-con-boxed e-con e-parent\" data-id=\"57b996c3\" data-element_type=\"container\" data-e-type=\"container\">\n\t\t\t\t\t<div class=\"e-con-inner\">\n\t\t\t\t<div class=\"elementor-element elementor-element-13eafd2e elementor-widget elementor-widget-heading\" data-id=\"13eafd2e\" data-element_type=\"widget\" data-e-type=\"widget\" data-widget_type=\"heading.default\">\n\t\t\t\t<div class=\"elementor-widget-container\">\n\t\t\t\t\t<h2 class=\"elementor-heading-title elementor-size-default\">Consultar disponibilidad <\/h2>\t\t\t\t<\/div>\n\t\t\t\t<\/div>\n\t\t\t\t<div class=\"elementor-element elementor-element-7028e56e elementor-widget elementor-widget-text-editor\" data-id=\"7028e56e\" data-element_type=\"widget\" data-e-type=\"widget\" data-widget_type=\"text-editor.default\">\n\t\t\t\t<div class=\"elementor-widget-container\">\n\t\t\t\t\t\t\t\t\t<iframe border=\"0\" src=\"https:\/\/www.trip.com\/partners\/ad\/S3756223?Allianceid=5415915&#038;SID=209983229&#038;trip_sub1=\" style=\"width:1200px;height:200px\" frameborder=\"0\" scrolling=\"no\" id=\"S3756223\"><\/iframe>\t\t\t\t\t\t\t\t<\/div>\n\t\t\t\t<\/div>\n\t\t\t\t\t<\/div>\n\t\t\t\t<\/div>\n\t\t\t\t<\/div>","protected":false},"excerpt":{"rendered":"<p>Welcome to the epitome of professional excellence at the Meeting Rooms of Chimelong Hotel, strategically located within the captivating Chimelong Tourist Resort near Guangzhou Chimelong Safari Park. Designed to inspire productivity and foster innovation, our state-of-the-art meeting facilities offer a perfect blend of modern sophistication and the unique charm of being surrounded by nature\u2019s wonders. [&hellip;]<\/p>\n","protected":false},"author":1,"featured_media":0,"parent":0,"menu_order":0,"comment_status":"closed","ping_status":"closed","template":"","meta":{"footnotes":""},"class_list":["post-2109","page","type-page","status-publish","hentry","post-no-thumbnail"],"_links":{"self":[{"href":"https:\/\/chimelonggiraffecastle.com\/es\/wp-json\/wp\/v2\/pages\/2109","targetHints":{"allow":["GET"]}}],"collection":[{"href":"https:\/\/chimelonggiraffecastle.com\/es\/wp-json\/wp\/v2\/pages"}],"about":[{"href":"https:\/\/chimelonggiraffecastle.com\/es\/wp-json\/wp\/v2\/types\/page"}],"author":[{"embeddable":true,"href":"https:\/\/chimelonggiraffecastle.com\/es\/wp-json\/wp\/v2\/users\/1"}],"replies":[{"embeddable":true,"href":"https:\/\/chimelonggiraffecastle.com\/es\/wp-json\/wp\/v2\/comments?post=2109"}],"version-history":[{"count":0,"href":"https:\/\/chimelonggiraffecastle.com\/es\/wp-json\/wp\/v2\/pages\/2109\/revisions"}],"wp:attachment":[{"href":"https:\/\/chimelonggiraffecastle.com\/es\/wp-json\/wp\/v2\/media?parent=2109"}],"curies":[{"name":"gracias","href":"https:\/\/api.w.org\/{rel}","templated":true}]}}