{"id":2108,"date":"2021-03-26T06:46:16","date_gmt":"2021-03-26T06:46:16","guid":{"rendered":"http:\/\/localhost\/nuss\/?page_id=437"},"modified":"2025-05-19T15:28:51","modified_gmt":"2025-05-19T15:28:51","slug":"spa","status":"publish","type":"page","link":"https:\/\/chimelonggiraffecastle.com\/es\/spa\/","title":{"rendered":"Spa"},"content":{"rendered":"<div data-elementor-type=\"wp-page\" data-elementor-id=\"2108\" class=\"elementor elementor-2108\">\n\t\t\t\t\t\t<section class=\"elementor-section elementor-top-section elementor-element elementor-element-e56a0cd elementor-section-boxed elementor-section-gap-beside-yes elementor-section-height-default elementor-section-height-default elementor-section-column-vertical-align-stretch\" data-id=\"e56a0cd\" data-element_type=\"section\" data-e-type=\"section\">\n\t\t\t\t\t\t<div class=\"elementor-container elementor-column-gap-extended\">\n\t\t\t\t\t<div class=\"elementor-column elementor-col-100 elementor-top-column elementor-element elementor-element-0b4465f\" data-id=\"0b4465f\" data-element_type=\"column\" data-e-type=\"column\">\n\t\t\t<div class=\"elementor-widget-wrap elementor-element-populated\">\n\t\t\t\t\t\t<div class=\"elementor-element elementor-element-c5bfb65 elementor-widget__width-initial elementor-invisible elementor-widget elementor-widget-text-editor\" data-id=\"c5bfb65\" data-element_type=\"widget\" data-e-type=\"widget\" data-settings=\"{&quot;_animation&quot;:&quot;nussFadeInUp&quot;}\" data-widget_type=\"text-editor.default\">\n\t\t\t\t<div class=\"elementor-widget-container\">\n\t\t\t\t\t\t\t\t\t<p>Esc\u00e1pese a un mundo de tranquilidad y rejuvenecimiento en las lujosas instalaciones de Spa y Bienestar del Chimelong Hotel, perfectamente situado dentro del encantador entorno del Guangzhou Chimelong Safari Park.<\/p>\t\t\t\t\t\t\t\t<\/div>\n\t\t\t\t<\/div>\n\t\t\t\t\t<\/div>\n\t\t<\/div>\n\t\t\t\t\t<\/div>\n\t\t<\/section>\n\t\t<div class=\"elementor-element elementor-element-03661e1 e-flex e-con-boxed e-con e-parent\" data-id=\"03661e1\" data-element_type=\"container\" data-e-type=\"container\">\n\t\t\t\t\t<div class=\"e-con-inner\">\n\t\t<div class=\"elementor-element elementor-element-dabecee e-con-full e-flex e-con e-child\" data-id=\"dabecee\" data-element_type=\"container\" data-e-type=\"container\">\n\t\t\t\t<div class=\"elementor-element elementor-element-fb7eb9b elementor-widget elementor-widget-image\" data-id=\"fb7eb9b\" data-element_type=\"widget\" data-e-type=\"widget\" data-widget_type=\"image.default\">\n\t\t\t\t<div class=\"elementor-widget-container\">\n\t\t\t\t\t\t\t\t\t\t\t\t\t\t\t<img decoding=\"async\" src=\"http:\/\/chimelongsafaripark.com\/wp-content\/uploads\/2025\/05\/chimelongsafaripark-32.webp\" title=\"\" alt=\"\" loading=\"lazy\" \/>\t\t\t\t\t\t\t\t\t\t\t\t\t\t\t<\/div>\n\t\t\t\t<\/div>\n\t\t\t\t<\/div>\n\t\t<div class=\"elementor-element elementor-element-e7df689 e-con-full e-flex e-con e-child\" data-id=\"e7df689\" data-element_type=\"container\" data-e-type=\"container\">\n\t\t\t\t<div class=\"elementor-element elementor-element-5deba31 elementor-widget elementor-widget-text-editor\" data-id=\"5deba31\" data-element_type=\"widget\" data-e-type=\"widget\" data-widget_type=\"text-editor.default\">\n\t\t\t\t<div class=\"elementor-widget-container\">\n\t\t\t\t\t\t\t\t\t<p>Enclavado en la exuberante vegetaci\u00f3n y la serenidad de uno de los principales destinos de vida silvestre de China, nuestro spa de vanguardia ofrece un remanso de paz donde podr\u00e1 relajarse, recargar energ\u00edas y reconectar con su ser interior tras un emocionante d\u00eda de safari. Ya sea un viajero cansado, un amante de la naturaleza o simplemente buscando un retiro para consentirse, nuestro centro de bienestar est\u00e1 dise\u00f1ado para brindar una experiencia inigualable de relajaci\u00f3n y bienestar hol\u00edstico.<\/p><p>En las instalaciones de Spa y Bienestar del Hotel Chimelong, creemos en el poder transformador del autocuidado. Nuestro amplio spa abarca un espacio de hermoso dise\u00f1o que combina la elegancia moderna con relajantes elementos naturales, creando un oasis de calma que disipa el estr\u00e9s al instante. Desde el momento en que entra, le recibe el delicado aroma de aceites esenciales, m\u00fasica relajante y un ambiente c\u00e1lido y acogedor que crea el ambiente perfecto para la relajaci\u00f3n. Nuestros terapeutas altamente capacitados, expertos en t\u00e9cnicas curativas antiguas y contempor\u00e1neas, se dedican a adaptar cada tratamiento a sus necesidades \u00fanicas, garantizando un viaje personalizado hacia el bienestar.<\/p>\t\t\t\t\t\t\t\t<\/div>\n\t\t\t\t<\/div>\n\t\t\t\t<\/div>\n\t\t\t\t\t<\/div>\n\t\t\t\t<\/div>\n\t\t<div class=\"elementor-element elementor-element-5f002a2 e-flex e-con-boxed e-con e-parent\" data-id=\"5f002a2\" data-element_type=\"container\" data-e-type=\"container\">\n\t\t\t\t\t<div class=\"e-con-inner\">\n\t\t<div class=\"elementor-element elementor-element-b5e7ce1 e-con-full e-flex e-con e-child\" data-id=\"b5e7ce1\" data-element_type=\"container\" data-e-type=\"container\">\n\t\t\t\t<div class=\"elementor-element elementor-element-923e6f1 elementor-widget elementor-widget-text-editor\" data-id=\"923e6f1\" data-element_type=\"widget\" data-e-type=\"widget\" data-widget_type=\"text-editor.default\">\n\t\t\t\t<div class=\"elementor-widget-container\">\n\t\t\t\t\t\t\t\t\t<p>Nuestra amplia gama de servicios ofrece opciones para todos los gustos, desde masajes revitalizantes y faciales rejuvenecedores hasta tratamientos corporales especializados inspirados en la medicina tradicional china y pr\u00e1cticas de bienestar global. Disfrute de un masaje exclusivo con piedras calientes para liberar tensiones, experimente los beneficios desintoxicantes de una envoltura corporal herbal o consi\u00e9ntase con un facial personalizado que le dejar\u00e1 la piel radiante y llena de vitalidad. Para quienes buscan una relajaci\u00f3n m\u00e1s profunda, nuestras sesiones de aromaterapia y clases de meditaci\u00f3n ofrecen la escapada perfecta, armonizando mente, cuerpo y esp\u00edritu.<\/p><p>Adem\u00e1s de los tratamientos individuales, nuestras instalaciones de bienestar ofrecen una variedad de servicios dise\u00f1ados para mejorar su experiencia. Rel\u00e1jese en nuestras tranquilas suites termales, equipadas con saunas, ba\u00f1os de vapor y vigorizantes piscinas de hidroterapia que alivian los m\u00fasculos cansados y estimulan la circulaci\u00f3n. Dese un chapuz\u00f3n en nuestra piscina interior de relajaci\u00f3n con impresionantes vistas a los paisajes circundantes, o encuentre consuelo en nuestros tranquilos jardines de meditaci\u00f3n, donde los sonidos distantes de la naturaleza se combinan a la perfecci\u00f3n con su b\u00fasqueda de paz interior. Para los amantes del fitness, nuestro gimnasio totalmente equipado ofrece equipos de \u00faltima generaci\u00f3n y sesiones de entrenamiento personalizadas para mantener la energ\u00eda durante su estancia.<\/p>\t\t\t\t\t\t\t\t<\/div>\n\t\t\t\t<\/div>\n\t\t\t\t<\/div>\n\t\t<div class=\"elementor-element elementor-element-6406e30 e-con-full e-flex e-con e-child\" data-id=\"6406e30\" data-element_type=\"container\" data-e-type=\"container\">\n\t\t\t\t<div class=\"elementor-element elementor-element-7c7fea9 elementor-widget elementor-widget-image\" data-id=\"7c7fea9\" data-element_type=\"widget\" data-e-type=\"widget\" data-widget_type=\"image.default\">\n\t\t\t\t<div class=\"elementor-widget-container\">\n\t\t\t\t\t\t\t\t\t\t\t\t\t\t\t<img decoding=\"async\" src=\"http:\/\/chimelongsafaripark.com\/wp-content\/uploads\/2025\/05\/chimelongsafaripark-7.webp\" title=\"\" alt=\"\" loading=\"lazy\" \/>\t\t\t\t\t\t\t\t\t\t\t\t\t\t\t<\/div>\n\t\t\t\t<\/div>\n\t\t\t\t<\/div>\n\t\t\t\t\t<\/div>\n\t\t\t\t<\/div>\n\t\t<div class=\"elementor-element elementor-element-94692c6 e-flex e-con-boxed e-con e-parent\" data-id=\"94692c6\" data-element_type=\"container\" data-e-type=\"container\">\n\t\t\t\t\t<div class=\"e-con-inner\">\n\t\t\t\t<div class=\"elementor-element elementor-element-c697a7f elementor-widget elementor-widget-text-editor\" data-id=\"c697a7f\" data-element_type=\"widget\" data-e-type=\"widget\" data-widget_type=\"text-editor.default\">\n\t\t\t\t<div class=\"elementor-widget-container\">\n\t\t\t\t\t\t\t\t\t<p>En el Hotel Chimelong, nos comprometemos con la sostenibilidad y la salud hol\u00edstica, incorporando productos ecol\u00f3gicos e ingredientes org\u00e1nicos en nuestros tratamientos siempre que sea posible. Nuestros programas de bienestar tambi\u00e9n incluyen orientaci\u00f3n nutricional y talleres de bienestar, que le permitir\u00e1n adoptar un estilo de vida equilibrado mucho despu\u00e9s de su visita. Tanto si se encuentra aqu\u00ed para una escapada r\u00e1pida como para un retiro de bienestar prolongado, nuestras instalaciones de Spa y Bienestar son el complemento perfecto para la emoci\u00f3n del Parque Safari Chimelong, ofreciendo una combinaci\u00f3n perfecta de aventura y relajaci\u00f3n.<\/p><p>Convenientemente ubicado dentro del Chimelong Resort, nuestro spa es f\u00e1cilmente accesible tanto para hu\u00e9spedes del hotel como para visitantes, lo que lo convierte en una parada ideal durante su escapada a Guangzhou. Reg\u00e1lese un d\u00eda de mimos o regale a un ser querido un paquete de spa para una experiencia verdaderamente memorable. Reserve su sesi\u00f3n hoy mismo y descubra por qu\u00e9 las instalaciones de Spa &amp; Wellness del Hotel Chimelong son un remanso de paz en plena naturaleza. Perm\u00edtanos guiarle en un viaje de renovaci\u00f3n, donde el estr\u00e9s de la vida diaria se desvanece y la belleza del bienestar cobra protagonismo. Venga, rel\u00e1jese y redesc\u00fabrase en el Hotel Chimelong, \u00a1su destino definitivo para el lujo y el bienestar cerca del Parque Safari Chimelong de Guangzhou!<\/p>\t\t\t\t\t\t\t\t<\/div>\n\t\t\t\t<\/div>\n\t\t\t\t\t<\/div>\n\t\t\t\t<\/div>\n\t\t<div class=\"elementor-element elementor-element-70bd3e6 e-flex e-con-boxed e-con e-parent\" data-id=\"70bd3e6\" data-element_type=\"container\" data-e-type=\"container\">\n\t\t\t\t\t<div class=\"e-con-inner\">\n\t\t\t\t<div class=\"elementor-element elementor-element-908b4a8 elementor-widget elementor-widget-nuss-image-gallery\" data-id=\"908b4a8\" data-element_type=\"widget\" data-e-type=\"widget\" data-widget_type=\"nuss-image-gallery.default\">\n\t\t\t\t<div class=\"elementor-widget-container\">\n\t\t\t\t\t\t\t<div class=\"nuss-grid-wrapper\" data-grid=\"{&quot;type&quot;:&quot;grid&quot;,&quot;ratio&quot;:null,&quot;columns&quot;:3,&quot;columnsTablet&quot;:2,&quot;columnsMobile&quot;:1,&quot;gutter&quot;:30}\">\r\n\t\t\t<div class=\"nuss-grid lazy-grid\">\r\n\t\t\t\t<div class=\"grid-sizer\"><\/div>\r\n\r\n\t\t\t\t\t\t\t\t\t\t\t\t<div class=\"grid-item\">\r\n\t\t\t\t\t\t<div class=\"nuss-box\">\t\t<div class=\"nuss-image image\">\r\n\t\t\t\t\t<\/div>\r\n\t\t\t\t<\/div>\t\t\t\t\t<\/div>\r\n\t\t\t\t\t\t<div class=\"grid-item\">\r\n\t\t\t\t\t\t<div class=\"nuss-box\">\t\t<div class=\"nuss-image image\">\r\n\t\t\t\t\t<\/div>\r\n\t\t\t\t<\/div>\t\t\t\t\t<\/div>\r\n\t\t\t\t\t\t<div class=\"grid-item\">\r\n\t\t\t\t\t\t<div class=\"nuss-box\">\t\t<div class=\"nuss-image image\">\r\n\t\t\t\t\t<\/div>\r\n\t\t\t\t<\/div>\t\t\t\t\t<\/div>\r\n\t\t\t\t\t\t<div class=\"grid-item\">\r\n\t\t\t\t\t\t<div class=\"nuss-box\">\t\t<div class=\"nuss-image image\">\r\n\t\t\t\t\t<\/div>\r\n\t\t\t\t<\/div>\t\t\t\t\t<\/div>\r\n\t\t\t\t\t\t<div class=\"grid-item\">\r\n\t\t\t\t\t\t<div class=\"nuss-box\">\t\t<div class=\"nuss-image image\">\r\n\t\t\t\t\t<\/div>\r\n\t\t\t\t<\/div>\t\t\t\t\t<\/div>\r\n\t\t\t\t\t\t<div class=\"grid-item\">\r\n\t\t\t\t\t\t<div class=\"nuss-box\">\t\t<div class=\"nuss-image image\">\r\n\t\t\t\t\t<\/div>\r\n\t\t\t\t<\/div>\t\t\t\t\t<\/div>\r\n\t\t\t\t\t\t<div class=\"grid-item\">\r\n\t\t\t\t\t\t<div class=\"nuss-box\">\t\t<div class=\"nuss-image image\">\r\n\t\t\t\t\t<\/div>\r\n\t\t\t\t<\/div>\t\t\t\t\t<\/div>\r\n\t\t\t\t\t\t<div class=\"grid-item\">\r\n\t\t\t\t\t\t<div class=\"nuss-box\">\t\t<div class=\"nuss-image image\">\r\n\t\t\t\t\t<\/div>\r\n\t\t\t\t<\/div>\t\t\t\t\t<\/div>\r\n\t\t\t\t\t\t<div class=\"grid-item\">\r\n\t\t\t\t\t\t<div class=\"nuss-box\">\t\t<div class=\"nuss-image image\">\r\n\t\t\t\t\t<\/div>\r\n\t\t\t\t<\/div>\t\t\t\t\t<\/div>\r\n\t\t\t\t\t\t\t\r\n\t\t\t<\/div>\r\n\t\t<\/div>\r\n\t\t\t\t\t\t<\/div>\n\t\t\t\t<\/div>\n\t\t\t\t\t<\/div>\n\t\t\t\t<\/div>\n\t\t<div class=\"elementor-element elementor-element-73867ef3 e-flex e-con-boxed e-con e-parent\" data-id=\"73867ef3\" data-element_type=\"container\" data-e-type=\"container\">\n\t\t\t\t\t<div class=\"e-con-inner\">\n\t\t\t\t<div class=\"elementor-element elementor-element-71c2f960 elementor-widget elementor-widget-heading\" data-id=\"71c2f960\" data-element_type=\"widget\" data-e-type=\"widget\" data-widget_type=\"heading.default\">\n\t\t\t\t<div class=\"elementor-widget-container\">\n\t\t\t\t\t<h2 class=\"elementor-heading-title elementor-size-default\">Consultar disponibilidad <\/h2>\t\t\t\t<\/div>\n\t\t\t\t<\/div>\n\t\t\t\t<div class=\"elementor-element elementor-element-770a259d elementor-widget elementor-widget-text-editor\" data-id=\"770a259d\" data-element_type=\"widget\" data-e-type=\"widget\" data-widget_type=\"text-editor.default\">\n\t\t\t\t<div class=\"elementor-widget-container\">\n\t\t\t\t\t\t\t\t\t<iframe border=\"0\" src=\"https:\/\/www.trip.com\/partners\/ad\/S3711941?Allianceid=5415915&#038;SID=209793774&#038;trip_sub1=\" style=\"width:900px;height:200px\" frameborder=\"0\" scrolling=\"no\" id=\"S3711941\"><\/iframe>\t\t\t\t\t\t\t\t<\/div>\n\t\t\t\t<\/div>\n\t\t\t\t\t<\/div>\n\t\t\t\t<\/div>\n\t\t\t\t<\/div>","protected":false},"excerpt":{"rendered":"<p>Escape into a world of tranquility and rejuvenation at the luxurious Spa &amp; Wellness facilities of Chimelong Hotel, perfectly situated within the enchanting surroundings of Guangzhou Chimelong Safari Park. Nestled amidst lush greenery and the serene ambiance of one of China\u2019s premier wildlife destinations, our state-of-the-art spa offers a sanctuary of peace where you can [&hellip;]<\/p>\n","protected":false},"author":1,"featured_media":0,"parent":0,"menu_order":0,"comment_status":"closed","ping_status":"closed","template":"","meta":{"footnotes":""},"class_list":["post-2108","page","type-page","status-publish","hentry","post-no-thumbnail"],"_links":{"self":[{"href":"https:\/\/chimelonggiraffecastle.com\/es\/wp-json\/wp\/v2\/pages\/2108","targetHints":{"allow":["GET"]}}],"collection":[{"href":"https:\/\/chimelonggiraffecastle.com\/es\/wp-json\/wp\/v2\/pages"}],"about":[{"href":"https:\/\/chimelonggiraffecastle.com\/es\/wp-json\/wp\/v2\/types\/page"}],"author":[{"embeddable":true,"href":"https:\/\/chimelonggiraffecastle.com\/es\/wp-json\/wp\/v2\/users\/1"}],"replies":[{"embeddable":true,"href":"https:\/\/chimelonggiraffecastle.com\/es\/wp-json\/wp\/v2\/comments?post=2108"}],"version-history":[{"count":0,"href":"https:\/\/chimelonggiraffecastle.com\/es\/wp-json\/wp\/v2\/pages\/2108\/revisions"}],"wp:attachment":[{"href":"https:\/\/chimelonggiraffecastle.com\/es\/wp-json\/wp\/v2\/media?parent=2108"}],"curies":[{"name":"gracias","href":"https:\/\/api.w.org\/{rel}","templated":true}]}}