{"id":2106,"date":"2021-03-25T04:08:26","date_gmt":"2021-03-25T04:08:26","guid":{"rendered":"http:\/\/localhost\/nuss\/?page_id=298"},"modified":"2025-05-21T16:27:30","modified_gmt":"2025-05-21T16:27:30","slug":"experiencias","status":"publish","type":"page","link":"https:\/\/chimelonggiraffecastle.com\/es\/experiences\/","title":{"rendered":"Experiencias"},"content":{"rendered":"<div data-elementor-type=\"wp-page\" data-elementor-id=\"2106\" class=\"elementor elementor-2106\">\n\t\t\t\t\t\t<section class=\"elementor-section elementor-top-section elementor-element elementor-element-1954ffc elementor-section-boxed elementor-section-gap-beside-yes elementor-section-height-default elementor-section-height-default elementor-section-column-vertical-align-stretch\" data-id=\"1954ffc\" data-element_type=\"section\" data-e-type=\"section\">\n\t\t\t\t\t\t<div class=\"elementor-container elementor-column-gap-extended\">\n\t\t\t\t\t<div class=\"elementor-column elementor-col-100 elementor-top-column elementor-element elementor-element-86aebc5\" data-id=\"86aebc5\" data-element_type=\"column\" data-e-type=\"column\">\n\t\t\t<div class=\"elementor-widget-wrap elementor-element-populated\">\n\t\t\t\t\t\t<div class=\"elementor-element elementor-element-11803d1 elementor-widget__width-initial elementor-invisible elementor-widget elementor-widget-text-editor\" data-id=\"11803d1\" data-element_type=\"widget\" data-e-type=\"widget\" data-settings=\"{&quot;_animation&quot;:&quot;nussFadeInUp&quot;}\" data-widget_type=\"text-editor.default\">\n\t\t\t\t<div class=\"elementor-widget-container\">\n\t\t\t\t\t\t\t\t\t<p>Bienvenido al encantador mundo de Chimelong Giraffe Castle, un hotel verdaderamente extraordinario ubicado en el coraz\u00f3n del Chimelong Safari Park en Guangzhou, China.<\/p>\t\t\t\t\t\t\t\t<\/div>\n\t\t\t\t<\/div>\n\t\t\t\t\t<\/div>\n\t\t<\/div>\n\t\t\t\t\t<\/div>\n\t\t<\/section>\n\t\t\t\t<section class=\"elementor-section elementor-top-section elementor-element elementor-element-b2344ff elementor-section-gap-beside-no elementor-section-boxed elementor-section-height-default elementor-section-height-default elementor-section-column-vertical-align-stretch\" data-id=\"b2344ff\" data-element_type=\"section\" data-e-type=\"section\">\n\t\t\t\t\t\t<div class=\"elementor-container elementor-column-gap-extended\">\n\t\t\t\t\t<div class=\"elementor-column elementor-col-50 elementor-top-column elementor-element elementor-element-4698ec8\" data-id=\"4698ec8\" data-element_type=\"column\" data-e-type=\"column\">\n\t\t\t<div class=\"elementor-widget-wrap elementor-element-populated\">\n\t\t\t\t\t\t<div class=\"elementor-element elementor-element-88e5290 elementor-invisible nuss-elementor-loading nuss-slide-in-right elementor-widget elementor-widget-image\" data-id=\"88e5290\" data-element_type=\"widget\" data-e-type=\"widget\" data-settings=\"{&quot;_animation&quot;:&quot;nussSlideInRight&quot;}\" data-widget_type=\"image.default\">\n\t\t\t\t<div class=\"elementor-widget-container\">\n\t\t\t\t\t\t\t\t\t\t\t\t\t\t\t<img fetchpriority=\"high\" decoding=\"async\" width=\"1066\" height=\"853\" src=\"https:\/\/chimelonggiraffecastle.com\/wp-content\/uploads\/2025\/05\/Chimelong-Giraffe-Castle-11.webp\" class=\"attachment-full size-full wp-image-5974\" alt=\"\" srcset=\"https:\/\/chimelonggiraffecastle.com\/wp-content\/uploads\/2025\/05\/Chimelong-Giraffe-Castle-11.webp 1066w, https:\/\/chimelonggiraffecastle.com\/wp-content\/uploads\/2025\/05\/Chimelong-Giraffe-Castle-11-300x240.webp 300w, https:\/\/chimelonggiraffecastle.com\/wp-content\/uploads\/2025\/05\/Chimelong-Giraffe-Castle-11-1024x819.webp 1024w, https:\/\/chimelonggiraffecastle.com\/wp-content\/uploads\/2025\/05\/Chimelong-Giraffe-Castle-11-768x615.webp 768w, https:\/\/chimelonggiraffecastle.com\/wp-content\/uploads\/2025\/05\/Chimelong-Giraffe-Castle-11-15x12.webp 15w\" sizes=\"(max-width: 1066px) 100vw, 1066px\" \/>\t\t\t\t\t\t\t\t\t\t\t\t\t\t\t<\/div>\n\t\t\t\t<\/div>\n\t\t\t\t\t<\/div>\n\t\t<\/div>\n\t\t\t\t<div class=\"elementor-column elementor-col-50 elementor-top-column elementor-element elementor-element-4b9e677\" data-id=\"4b9e677\" data-element_type=\"column\" data-e-type=\"column\">\n\t\t\t<div class=\"elementor-widget-wrap elementor-element-populated\">\n\t\t\t\t\t\t<div class=\"elementor-element elementor-element-bc0b7e2 elementor-invisible elementor-widget elementor-widget-text-editor\" data-id=\"bc0b7e2\" data-element_type=\"widget\" data-e-type=\"widget\" data-settings=\"{&quot;_animation&quot;:&quot;nussFadeInUp&quot;}\" data-widget_type=\"text-editor.default\">\n\t\t\t\t<div class=\"elementor-widget-container\">\n\t\t\t\t\t\t\t\t\t<p>Como uno de los alojamientos m\u00e1s singulares e inmersivos del mundo, este encantador castillo ofrece a sus hu\u00e9spedes una oportunidad inigualable para conectar con la naturaleza y la vida silvestre de una forma m\u00e1gica e inolvidable. Dise\u00f1ado pensando en familias y aventureros, el Castillo de Jirafas de Chimelong te transporta a un entorno de cuento de hadas donde las jirafas deambulan justo al otro lado de tu ventana y el esp\u00edritu de la sabana africana cobra vida en cada detalle de la arquitectura y el ambiente del hotel.<\/p>\t\t\t\t\t\t\t\t<\/div>\n\t\t\t\t<\/div>\n\t\t\t\t\t<\/div>\n\t\t<\/div>\n\t\t\t\t\t<\/div>\n\t\t<\/section>\n\t\t\t\t<section class=\"elementor-section elementor-top-section elementor-element elementor-element-575fc68 elementor-section-gap-beside-no elementor-section-boxed elementor-section-height-default elementor-section-height-default elementor-section-column-vertical-align-stretch\" data-id=\"575fc68\" data-element_type=\"section\" data-e-type=\"section\">\n\t\t\t\t\t\t<div class=\"elementor-container elementor-column-gap-extended\">\n\t\t\t\t\t<div class=\"elementor-column elementor-col-50 elementor-top-column elementor-element elementor-element-dd03a56\" data-id=\"dd03a56\" data-element_type=\"column\" data-e-type=\"column\">\n\t\t\t<div class=\"elementor-widget-wrap elementor-element-populated\">\n\t\t\t\t\t\t<div class=\"elementor-element elementor-element-78ab5be elementor-invisible nuss-elementor-loading nuss-slide-in-right elementor-widget elementor-widget-image\" data-id=\"78ab5be\" data-element_type=\"widget\" data-e-type=\"widget\" data-settings=\"{&quot;_animation&quot;:&quot;nussSlideInRight&quot;}\" data-widget_type=\"image.default\">\n\t\t\t\t<div class=\"elementor-widget-container\">\n\t\t\t\t\t\t\t\t\t\t\t\t\t\t\t<img decoding=\"async\" width=\"1138\" height=\"853\" src=\"https:\/\/chimelonggiraffecastle.com\/wp-content\/uploads\/2025\/05\/Chimelong-Giraffe-Castle-6.webp\" class=\"attachment-full size-full wp-image-5968\" alt=\"\" srcset=\"https:\/\/chimelonggiraffecastle.com\/wp-content\/uploads\/2025\/05\/Chimelong-Giraffe-Castle-6.webp 1138w, https:\/\/chimelonggiraffecastle.com\/wp-content\/uploads\/2025\/05\/Chimelong-Giraffe-Castle-6-300x225.webp 300w, https:\/\/chimelonggiraffecastle.com\/wp-content\/uploads\/2025\/05\/Chimelong-Giraffe-Castle-6-1024x768.webp 1024w, https:\/\/chimelonggiraffecastle.com\/wp-content\/uploads\/2025\/05\/Chimelong-Giraffe-Castle-6-768x576.webp 768w, https:\/\/chimelonggiraffecastle.com\/wp-content\/uploads\/2025\/05\/Chimelong-Giraffe-Castle-6-16x12.webp 16w\" sizes=\"(max-width: 1138px) 100vw, 1138px\" \/>\t\t\t\t\t\t\t\t\t\t\t\t\t\t\t<\/div>\n\t\t\t\t<\/div>\n\t\t\t\t\t<\/div>\n\t\t<\/div>\n\t\t\t\t<div class=\"elementor-column elementor-col-50 elementor-top-column elementor-element elementor-element-364a6b2\" data-id=\"364a6b2\" data-element_type=\"column\" data-e-type=\"column\">\n\t\t\t<div class=\"elementor-widget-wrap elementor-element-populated\">\n\t\t\t\t\t\t<div class=\"elementor-element elementor-element-ccbb94d elementor-invisible elementor-widget elementor-widget-text-editor\" data-id=\"ccbb94d\" data-element_type=\"widget\" data-e-type=\"widget\" data-settings=\"{&quot;_animation&quot;:&quot;nussFadeInUp&quot;}\" data-widget_type=\"text-editor.default\">\n\t\t\t\t<div class=\"elementor-widget-container\">\n\t\t\t\t\t\t\t\t\t<p>En el Castillo de Jirafas de Chimelong, nos enorgullecemos de crear recuerdos para toda la vida. Nuestro compromiso con una hospitalidad excepcional, un dise\u00f1o innovador y un profundo respeto por la naturaleza nos han ganado un lugar especial en el coraz\u00f3n de viajeros de todo el mundo. Ya sea despertarse con una mansa jirafa observando su habitaci\u00f3n, cenar con impresionantes vistas de animales ex\u00f3ticos o explorar las inmensas maravillas del parque safari circundante, cada momento que pase aqu\u00ed est\u00e1 dise\u00f1ado para inspirar asombro y admiraci\u00f3n. Nuestro castillo es m\u00e1s que un simple lugar para alojarse: es una puerta a un mundo donde la imaginaci\u00f3n y la realidad se fusionan a la perfecci\u00f3n.<\/p>\t\t\t\t\t\t\t\t<\/div>\n\t\t\t\t<\/div>\n\t\t\t\t\t<\/div>\n\t\t<\/div>\n\t\t\t\t\t<\/div>\n\t\t<\/section>\n\t\t\t\t<section class=\"elementor-section elementor-top-section elementor-element elementor-element-7853fd5 elementor-section-gap-beside-no elementor-section-boxed elementor-section-height-default elementor-section-height-default elementor-section-column-vertical-align-stretch\" data-id=\"7853fd5\" data-element_type=\"section\" data-e-type=\"section\">\n\t\t\t\t\t\t<div class=\"elementor-container elementor-column-gap-extended\">\n\t\t\t\t\t<div class=\"elementor-column elementor-col-50 elementor-top-column elementor-element elementor-element-9a8fa64\" data-id=\"9a8fa64\" data-element_type=\"column\" data-e-type=\"column\">\n\t\t\t<div class=\"elementor-widget-wrap elementor-element-populated\">\n\t\t\t\t\t\t<div class=\"elementor-element elementor-element-6f7d3f1 elementor-invisible nuss-elementor-loading nuss-slide-in-right elementor-widget elementor-widget-image\" data-id=\"6f7d3f1\" data-element_type=\"widget\" data-e-type=\"widget\" data-settings=\"{&quot;_animation&quot;:&quot;nussSlideInRight&quot;}\" data-widget_type=\"image.default\">\n\t\t\t\t<div class=\"elementor-widget-container\">\n\t\t\t\t\t\t\t\t\t\t\t\t\t\t\t<img decoding=\"async\" width=\"1137\" height=\"853\" src=\"https:\/\/chimelonggiraffecastle.com\/wp-content\/uploads\/2025\/05\/Chimelong-Giraffe-Castle-8.webp\" class=\"attachment-full size-full wp-image-5971\" alt=\"\" srcset=\"https:\/\/chimelonggiraffecastle.com\/wp-content\/uploads\/2025\/05\/Chimelong-Giraffe-Castle-8.webp 1137w, https:\/\/chimelonggiraffecastle.com\/wp-content\/uploads\/2025\/05\/Chimelong-Giraffe-Castle-8-300x225.webp 300w, https:\/\/chimelonggiraffecastle.com\/wp-content\/uploads\/2025\/05\/Chimelong-Giraffe-Castle-8-1024x768.webp 1024w, https:\/\/chimelonggiraffecastle.com\/wp-content\/uploads\/2025\/05\/Chimelong-Giraffe-Castle-8-768x576.webp 768w, https:\/\/chimelonggiraffecastle.com\/wp-content\/uploads\/2025\/05\/Chimelong-Giraffe-Castle-8-16x12.webp 16w\" sizes=\"(max-width: 1137px) 100vw, 1137px\" \/>\t\t\t\t\t\t\t\t\t\t\t\t\t\t\t<\/div>\n\t\t\t\t<\/div>\n\t\t\t\t\t<\/div>\n\t\t<\/div>\n\t\t\t\t<div class=\"elementor-column elementor-col-50 elementor-top-column elementor-element elementor-element-abd874b\" data-id=\"abd874b\" data-element_type=\"column\" data-e-type=\"column\">\n\t\t\t<div class=\"elementor-widget-wrap elementor-element-populated\">\n\t\t\t\t\t\t<div class=\"elementor-element elementor-element-a80ff28 elementor-invisible elementor-widget elementor-widget-text-editor\" data-id=\"a80ff28\" data-element_type=\"widget\" data-e-type=\"widget\" data-settings=\"{&quot;_animation&quot;:&quot;nussFadeInUp&quot;}\" data-widget_type=\"text-editor.default\">\n\t\t\t\t<div class=\"elementor-widget-container\">\n\t\t\t\t\t\t\t\t\t<p>Entendemos que la verdadera medida de nuestro \u00e9xito reside en las historias y experiencias que comparten nuestros queridos hu\u00e9spedes. Por eso, nos complace presentar la secci\u00f3n &quot;Experiencias y Opiniones de Clientes&quot;, un espacio dedicado a las voces de quienes han entrado por nuestras puertas y vivido la magia del Castillo Jirafa de Chimelong. Desde conmovedoras historias de uni\u00f3n familiar hasta encuentros impresionantes con la fauna, estas rese\u00f1as ofrecen una visi\u00f3n de las innumerables maneras en que nuestro hotel ha marcado vidas y creado recuerdos inolvidables. Le invitamos a sumergirse en estos relatos aut\u00e9nticos, que reflejan la pasi\u00f3n y la dedicaci\u00f3n que ponemos para que cada estancia sea extraordinaria. Ya sea que est\u00e9 planeando su primera visita o recordando una aventura pasada, deje que estas historias le inspiren a descubrir, o redescubrir, el encanto incomparable del Castillo Jirafa de Chimelong.<\/p>\t\t\t\t\t\t\t\t<\/div>\n\t\t\t\t<\/div>\n\t\t\t\t\t<\/div>\n\t\t<\/div>\n\t\t\t\t\t<\/div>\n\t\t<\/section>\n\t\t<div class=\"elementor-element elementor-element-79fea99 e-flex e-con-boxed e-con e-parent\" data-id=\"79fea99\" data-element_type=\"container\" data-e-type=\"container\">\n\t\t\t\t\t<div class=\"e-con-inner\">\n\t\t\t\t<div class=\"elementor-element elementor-element-53391a28 elementor-widget elementor-widget-heading\" data-id=\"53391a28\" data-element_type=\"widget\" data-e-type=\"widget\" data-widget_type=\"heading.default\">\n\t\t\t\t<div class=\"elementor-widget-container\">\n\t\t\t\t\t<h2 class=\"elementor-heading-title elementor-size-default\">Consultar disponibilidad <\/h2>\t\t\t\t<\/div>\n\t\t\t\t<\/div>\n\t\t\t\t<div class=\"elementor-element elementor-element-6b46e698 elementor-widget elementor-widget-text-editor\" data-id=\"6b46e698\" data-element_type=\"widget\" data-e-type=\"widget\" data-widget_type=\"text-editor.default\">\n\t\t\t\t<div class=\"elementor-widget-container\">\n\t\t\t\t\t\t\t\t\t<iframe border=\"0\" src=\"https:\/\/www.trip.com\/partners\/ad\/S3756223?Allianceid=5415915&#038;SID=209983229&#038;trip_sub1=\" style=\"width:1200px;height:200px\" frameborder=\"0\" scrolling=\"no\" id=\"S3756223\"><\/iframe>\t\t\t\t\t\t\t\t<\/div>\n\t\t\t\t<\/div>\n\t\t\t\t\t<\/div>\n\t\t\t\t<\/div>\n\t\t\t\t<\/div>","protected":false},"excerpt":{"rendered":"<p>Welcome to the enchanting world of Chimelong Giraffe Castle, a truly extraordinary hotel nestled within the heart of the Chimelong Safari Park in Guangzhou, China. As one of the most unique and immersive accommodations in the world, this whimsical castle offers guests an unparalleled opportunity to connect with nature and wildlife in a way that [&hellip;]<\/p>\n","protected":false},"author":1,"featured_media":0,"parent":0,"menu_order":0,"comment_status":"closed","ping_status":"closed","template":"","meta":{"footnotes":""},"class_list":["post-2106","page","type-page","status-publish","hentry","post-no-thumbnail"],"_links":{"self":[{"href":"https:\/\/chimelonggiraffecastle.com\/es\/wp-json\/wp\/v2\/pages\/2106","targetHints":{"allow":["GET"]}}],"collection":[{"href":"https:\/\/chimelonggiraffecastle.com\/es\/wp-json\/wp\/v2\/pages"}],"about":[{"href":"https:\/\/chimelonggiraffecastle.com\/es\/wp-json\/wp\/v2\/types\/page"}],"author":[{"embeddable":true,"href":"https:\/\/chimelonggiraffecastle.com\/es\/wp-json\/wp\/v2\/users\/1"}],"replies":[{"embeddable":true,"href":"https:\/\/chimelonggiraffecastle.com\/es\/wp-json\/wp\/v2\/comments?post=2106"}],"version-history":[{"count":0,"href":"https:\/\/chimelonggiraffecastle.com\/es\/wp-json\/wp\/v2\/pages\/2106\/revisions"}],"wp:attachment":[{"href":"https:\/\/chimelonggiraffecastle.com\/es\/wp-json\/wp\/v2\/media?parent=2106"}],"curies":[{"name":"gracias","href":"https:\/\/api.w.org\/{rel}","templated":true}]}}