{"id":647,"date":"2021-03-29T02:13:52","date_gmt":"2021-03-29T02:13:52","guid":{"rendered":"http:\/\/localhost\/nuss\/?page_id=647"},"modified":"2026-02-08T06:49:05","modified_gmt":"2026-02-08T06:49:05","slug":"dienstleistungen","status":"publish","type":"page","link":"https:\/\/chimelonggiraffecastle.com\/de\/services\/","title":{"rendered":"Leistungen"},"content":{"rendered":"<div data-elementor-type=\"wp-page\" data-elementor-id=\"647\" class=\"elementor elementor-647\">\n\t\t\t\t\t\t<section class=\"elementor-section elementor-top-section elementor-element elementor-element-3353bc8 elementor-section-boxed elementor-section-gap-beside-yes elementor-section-height-default elementor-section-height-default elementor-section-column-vertical-align-stretch\" data-id=\"3353bc8\" data-element_type=\"section\" data-e-type=\"section\">\n\t\t\t\t\t\t<div class=\"elementor-container elementor-column-gap-extended\">\n\t\t\t\t\t<div class=\"elementor-column elementor-col-100 elementor-top-column elementor-element elementor-element-0a2bc64\" data-id=\"0a2bc64\" data-element_type=\"column\" data-e-type=\"column\">\n\t\t\t<div class=\"elementor-widget-wrap elementor-element-populated\">\n\t\t\t\t\t\t<div class=\"elementor-element elementor-element-447e3ef elementor-widget__width-initial elementor-invisible elementor-widget elementor-widget-text-editor\" data-id=\"447e3ef\" data-element_type=\"widget\" data-e-type=\"widget\" data-settings=\"{&quot;_animation&quot;:&quot;nussFadeInUp&quot;}\" data-widget_type=\"text-editor.default\">\n\t\t\t\t<div class=\"elementor-widget-container\">\n\t\t\t\t\t\t\t\t\t<p>Wir tun unser Bestes, um allen unseren G\u00e4sten die Dienstleistungen und Einrichtungen zu bieten, die ihren Aufenthalt unvergesslich machen.<\/p>\t\t\t\t\t\t\t\t<\/div>\n\t\t\t\t<\/div>\n\t\t\t\t\t<\/div>\n\t\t<\/div>\n\t\t\t\t\t<\/div>\n\t\t<\/section>\n\t\t<div class=\"elementor-element elementor-element-5036240 e-flex e-con-boxed e-con e-parent\" data-id=\"5036240\" data-element_type=\"container\" data-e-type=\"container\">\n\t\t\t\t\t<div class=\"e-con-inner\">\n\t\t\t\t<div class=\"elementor-element elementor-element-d3f5073 elementor-widget elementor-widget-text-editor\" data-id=\"d3f5073\" data-element_type=\"widget\" data-e-type=\"widget\" data-widget_type=\"text-editor.default\">\n\t\t\t\t<div class=\"elementor-widget-container\">\n\t\t\t\t\t\t\t\t\t<h3 class=\"qwen-markdown-heading\"><strong class=\"qwen-markdown-strong\"><span class=\"qwen-markdown-text\" data-spm-anchor-id=\"a2ty_o01.29997173.0.i2.6c715171pF1Lc2\">Eine Symphonie der Ruhe und des Dienstes: Die Kunst der Gastfreundschaft im Chimelong Giraffe Castle<\/span><\/strong><\/h3><div class=\"qwen-markdown-paragraph\"><span class=\"qwen-markdown-text\">Eingebettet in die ruhige Changlong-Stra\u00dfe Nr. 1 im Bezirk Qingcheng liegt Qingyuan \u2013 eine Region, die f\u00fcr ihre \u00fcppigen Karstlandschaften, nebelverhangenen Berge und jahrhundertealten Lingnan-Traditionen ber\u00fchmt ist. <\/span><strong class=\"qwen-markdown-strong\"><span class=\"qwen-markdown-text\">Chimelong-Giraffe-Schloss<\/span><\/strong><span class=\"qwen-markdown-text\">, nicht nur als Hotel, sondern als <\/span><em><span class=\"qwen-markdown-text\">lebende Fabel<\/span><\/em><span class=\"qwen-markdown-text\"> Erweckt durch Architektur, Natur und au\u00dfergew\u00f6hnlichen Service zum Leben. Mehr als ein Ort der Ruhe, ist es ein Erlebnisparadies, in dem Verspieltheit auf Eleganz trifft und jede Begegnung mit der Pr\u00e4zision eines Dirigenten und der Herzlichkeit eines gesch\u00e4tzten Gastgebers choreografiert wird.<\/span><\/div><div class=\"qwen-markdown-space\">\u00a0<\/div><div class=\"qwen-markdown-paragraph\"><span class=\"qwen-markdown-text\">Das Herzst\u00fcck dieses bezaubernden Refugiums ist das Engagement f\u00fcr <\/span><strong class=\"qwen-markdown-strong\"><span class=\"qwen-markdown-text\">ganzheitliche Gastfreundschaft<\/span><\/strong><span class=\"qwen-markdown-text\">Die hier angebotenen Dienstleistungen werden nicht als Stichpunkte in einer Brosch\u00fcre aufgef\u00fchrt \u2013 sie sind <\/span><em><span class=\"qwen-markdown-text\">in das Wesen der G\u00e4stereise eingewoben<\/span><\/em><span class=\"qwen-markdown-text\">, Vom ersten Anblick der turmbewehrten Silhouette des Schlosses, die sich \u00fcber die gr\u00fcnen G\u00e4rten erhebt, bis zum letzten, leisen Abschied unter dem Sternenhimmel des offenen Innenhofs des Resorts. Inspiriert von der Anmut und sanften Majest\u00e4t der Giraffe \u2013 einem Tier, das in vielen Kulturen f\u00fcr seine Weitsicht, Geduld und stille W\u00fcrde verehrt wird \u2013 verk\u00f6rpert das Resort eine erhabene und dennoch zug\u00e4ngliche Eleganz, in der Luxus nicht allein durch Opulenz, sondern durch \u2026 definiert wird. <\/span><em><span class=\"qwen-markdown-text\">Einstimmung<\/span><\/em><span class=\"qwen-markdown-text\">: auf Ihre Bed\u00fcrfnisse, Ihr Tempo, Ihre Geschichte abgestimmt.<\/span><\/div><div class=\"qwen-markdown-space\">\u00a0<\/div><h4 class=\"qwen-markdown-heading\"><strong class=\"qwen-markdown-strong\"><span class=\"qwen-markdown-text\">Die Philosophie hinter dem Service<\/span><\/strong><\/h4><div class=\"qwen-markdown-paragraph\"><span class=\"qwen-markdown-text\">Chimelong Giraffe Castle operiert unter etwas, das man als \u2026 bezeichnen k\u00f6nnte. <\/span><strong class=\"qwen-markdown-strong\"><span class=\"qwen-markdown-text\">\u201cGiraffenprinzip\u201d<\/span><\/strong><span class=\"qwen-markdown-text\">\u00dcber den Tellerrand hinausschauen, G\u00e4sten auf Augenh\u00f6he begegnen und ihnen unpr\u00e4tenti\u00f6s Perspektiven er\u00f6ffnen. Diese Philosophie pr\u00e4gt alle Abteilungen \u2013 von der Rezeption \u00fcber Housekeeping und Gastronomie bis hin zum Freizeitbereich \u2013 und zeigt sich in einem vorausschauenden, pers\u00f6nlichen und kulturell respektvollen Service. Unsere Mitarbeiter durchlaufen ein intensives Training, nicht nur in Protokoll und Effizienz, sondern auch in emotionaler Intelligenz, Storytelling und interkultureller Kommunikation. So stellen wir sicher, dass Sie sich \u2013 egal ob Sie Mandarin, Kantonesisch, Englisch oder Japanisch sprechen \u2013 bei uns wohlf\u00fchlen. <\/span><em><span class=\"qwen-markdown-text\">verstanden<\/span><\/em><span class=\"qwen-markdown-text\">, nicht nur untergebracht.<\/span><\/div><div class=\"qwen-markdown-space\">\u00a0<\/div><h4 class=\"qwen-markdown-heading\"><strong class=\"qwen-markdown-strong\"><span class=\"qwen-markdown-text\">Kernkompetenzen im Servicebereich<\/span><\/strong><\/h4><ol class=\"qwen-markdown-list\" dir=\"auto\" start=\"1\"><li><strong class=\"qwen-markdown-strong\"><span class=\"qwen-markdown-text\">Ankunfts- und \u00dcbergangsrituale<\/span><\/strong><br \/><span class=\"qwen-markdown-text\">Ihre Reise beginnt lange vor dem Check-in. Bei der Ankunft werden die G\u00e4ste nicht an einem herk\u00f6mmlichen Empfangstresen begr\u00fc\u00dft, sondern mit einem <\/span><em><span class=\"qwen-markdown-text\">Willkommen im Grove<\/span><\/em><span class=\"qwen-markdown-text\">\u2014ein schattiger Pavillon, umgeben von kunstvoll geschnittenem Bambus und saisonalen Bl\u00fcten, wo gek\u00fchlter Jasmintee oder lokale Spezialit\u00e4ten serviert werden. <\/span><em><span class=\"qwen-markdown-text\">Qingyuan-Honig-Zitrus<\/span><\/em><span class=\"qwen-markdown-text\"> Der Saft wird zusammen mit einem handbestickten Seidens\u00e4ckchen mit Osmanthus- und Sandelholzduft serviert. Ein pers\u00f6nlicher G\u00e4stebetreuer begleitet Sie w\u00e4hrend Ihres gesamten Aufenthalts und steht Ihnen als Concierge, Kulturf\u00fchrer und Erinnerungsbegleiter zur Seite. Er hilft Ihnen, die verborgenen Winkel des Resorts zu entdecken, exklusive Erlebnisse zu buchen oder einfach einen ruhigen Moment bei einer Tasse Tee auf der Dachterrasse mit Blick auf die Chimelong Wildlife World zu genie\u00dfen.<\/span><\/li><li><strong class=\"qwen-markdown-strong\"><span class=\"qwen-markdown-text\">Exzellente Unterkunft: Mehr als nur das Zimmer<\/span><\/strong><br \/><span class=\"qwen-markdown-text\">Jedes der \u00fcber 380 G\u00e4stezimmer und Suiten \u2013 einschlie\u00dflich des legend\u00e4ren <\/span><em><span class=\"qwen-markdown-text\">Giraffenblick-Suiten<\/span><\/em><span class=\"qwen-markdown-text\"> mit privaten Balkonen mit Blick auf den Wildpark \u2013 ist konzipiert als <\/span><em><span class=\"qwen-markdown-text\">Zufluchtsort der sinnlichen Harmonie<\/span><\/em><span class=\"qwen-markdown-text\">. Wahrer Luxus liegt jedoch in den unsichtbaren Details: <\/span><ul class=\"qwen-markdown-list\" dir=\"auto\"><li><strong class=\"qwen-markdown-strong\"><span class=\"qwen-markdown-text\">Intelligente Umgebungsintelligenz<\/span><\/strong><span class=\"qwen-markdown-text\">: Sprachgesteuerte Beleuchtung, Klimaregelung und Vorhangsteuerung, kalibriert auf Ihren bevorzugten zirkadianen Rhythmus (z. B. hellt der \u201cSonnenaufgangsmodus\u201d den Raum 30 Minuten vor dem Aufwachen sanft auf). <\/span><\/li><li><strong class=\"qwen-markdown-strong\"><span class=\"qwen-markdown-text\">Leinen-Alchemie<\/span><\/strong><span class=\"qwen-markdown-text\">Ma\u00dfgefertigte Baumwoll-Leinen-Mischgewebe aus der Provinz Jiangsu, gewaschen mit pflanzlichen Waschmitteln und mit Lavendeldampf gepresst. <\/span><\/li><li><strong class=\"qwen-markdown-strong\"><span class=\"qwen-markdown-text\">Nachtritual-Set<\/span><\/strong><span class=\"qwen-markdown-text\">Zu den sorgf\u00e4ltig ausgew\u00e4hlten Annehmlichkeiten f\u00fcr jeden Abend geh\u00f6rt ein mundgeblasener Glasdiffusor mit individuell zusammengestellten \u00e4therischen \u00d6lmischungen (z. B., <\/span><em><span class=\"qwen-markdown-text\">Qingyuan-Kiefer &amp; Wei\u00dfer Tee<\/span><\/em><span class=\"qwen-markdown-text\">), eine mit einem winzigen Giraffenmotiv bestickte Seiden-Augenmaske und eine handgeschriebene Notiz der Hausdame \u2013 oft mit einem Zitat aus einem klassischen chinesischen Gedicht \u00fcber Stille oder Beobachtung.<\/span><\/li><\/ul><\/li><li><strong class=\"qwen-markdown-strong\"><span class=\"qwen-markdown-text\">Kulinarisches Geschichtenerz\u00e4hlen<\/span><\/strong><br \/><span class=\"qwen-markdown-text\">Das Speisen im Chimelong Giraffe Castle geht \u00fcber die reine Nahrungsaufnahme hinaus \u2013 es ist <\/span><em><span class=\"qwen-markdown-text\">narrative Gastronomie<\/span><\/em><span class=\"qwen-markdown-text\">. Das Resort bietet vier verschiedene kulinarische Restaurants, die jeweils eine Facette des lingnanischen Erbes und globaler Raffinesse verk\u00f6rpern:<\/span><ul class=\"qwen-markdown-list\" dir=\"auto\"><li><strong class=\"qwen-markdown-strong\"><span class=\"qwen-markdown-text\">Hohe Grasterrasse<\/span><\/strong><span class=\"qwen-markdown-text\"> (Ganzt\u00e4gig ge\u00f6ffnet): Ein lichtdurchfluteter Wintergarten, in dem das Fr\u00fchst\u00fcck inmitten h\u00e4ngender Orchideen und Live-Harfenmusik serviert wird; saisonale Men\u00fcs bieten <\/span><em><span class=\"qwen-markdown-text\">Qingyuan-Flussfisch<\/span><\/em><span class=\"qwen-markdown-text\">, <\/span><em><span class=\"qwen-markdown-text\">Schwarzes Huhn aus Yangjiang<\/span><\/em><span class=\"qwen-markdown-text\">, Und <\/span><em><span class=\"qwen-markdown-text\">Ged\u00e4mpfte Reisrollen nach Guangdong-Art<\/span><\/em><span class=\"qwen-markdown-text\"> mit hausgemachter Sojasauce, die in Keramikgef\u00e4\u00dfen gereift ist.<\/span><\/li><li><strong class=\"qwen-markdown-strong\"><span class=\"qwen-markdown-text\">Hals &amp; Nektar<\/span><\/strong><span class=\"qwen-markdown-text\"> (Gehobene K\u00fcche): Ein intimes Restaurant mit 24 Pl\u00e4tzen unter der Leitung von K\u00fcchenchef Li Wei, einem Sch\u00fctzling von Sternek\u00f6chen, das Folgendes bietet: <\/span><em><span class=\"qwen-markdown-text\">\u201cVertikales Degustationsmen\u00fc\u201d<\/span><\/em><span class=\"qwen-markdown-text\"> Inspiriert von der Reise der Giraffe von der Erde zum Himmel \u2013 beginnend mit Wurzelgem\u00fcse (Erde), aufsteigend \u00fcber Waldpilze und Flussdelikatessen (mittlere Ebene), bis hin zu wolkenartigen Desserts aus essbaren Bl\u00fcten und luftigem Yamswurzelschaum (Himmel).<\/span><\/li><li><strong class=\"qwen-markdown-strong\"><span class=\"qwen-markdown-text\">Savanna Lounge<\/span><\/strong><span class=\"qwen-markdown-text\"> (Nachmittagstee &amp; Cocktails): Hier wird der Nachmittagstee auf gestaffelten Holzst\u00e4ndern in Form von Akazienb\u00e4umen serviert, und Cocktails \u2013 wie zum Beispiel der <\/span><em><span class=\"qwen-markdown-text\">Golden Hour Spritz<\/span><\/em><span class=\"qwen-markdown-text\"> (mit Osmanthuslik\u00f6r, Yuzu und prickelnder Litschi) \u2013 werden mit Live-Erz\u00e4hlsitzungen \u00fcber die \u00d6kologie der afrikanischen Savanne und die Naturschutzbem\u00fchungen Chinas kombiniert.<\/span><\/li><li><strong class=\"qwen-markdown-strong\"><span class=\"qwen-markdown-text\">Moonlight Bistro<\/span><\/strong><span class=\"qwen-markdown-text\"> (Grillen am Pool &amp; bei Nacht): Ge\u00f6ffnet bis Mitternacht, mit Holzkohlegrillfleisch, ger\u00e4uchertem Tofu und <\/span><em><span class=\"qwen-markdown-text\">Spie\u00dfe mit wilden Pilzen aus Qingyuan<\/span><\/em><span class=\"qwen-markdown-text\">, alles nach traditionellen Rezepten zubereitet <\/span><em><span class=\"qwen-markdown-text\">Zeng<\/span><\/em><span class=\"qwen-markdown-text\"> Dampfgarer und Tont\u00f6pfe.<\/span><\/li><\/ul><\/li><li><strong class=\"qwen-markdown-strong\"><span class=\"qwen-markdown-text\">Wellness als Lebensweise<\/span><\/strong><br \/><span class=\"qwen-markdown-text\">Der <\/span><strong class=\"qwen-markdown-strong\"><span class=\"qwen-markdown-text\">Giraffe Spa &amp; Wellness Pavillon<\/span><\/strong><span class=\"qwen-markdown-text\"> ist ein Zufluchtsort, der in <\/span><em><span class=\"qwen-markdown-text\">Traditionelle Chinesische Medizin (TCM)<\/span><\/em><span class=\"qwen-markdown-text\"> Prinzipien, neu interpretiert f\u00fcr moderne Vitalit\u00e4t:<\/span><ul class=\"qwen-markdown-list\" dir=\"auto\"><li><span class=\"qwen-markdown-text\">Zu den Signature-Behandlungen geh\u00f6ren die <\/span><em><span class=\"qwen-markdown-text\">\u201cLong Neck Rebalance\u201d<\/span><\/em><span class=\"qwen-markdown-text\"> (eine Ganzk\u00f6rper-Lymphdrainage mit warmen Jaderollen und <\/span><em><span class=\"qwen-markdown-text\">Du Zhong<\/span><\/em><span class=\"qwen-markdown-text\"> Kr\u00e4uter\u00f6l zur Linderung von Verspannungen in der Halswirbels\u00e4ule) und die <\/span><em><span class=\"qwen-markdown-text\">\u201cSavannen-Entgiftungsbad\u201d<\/span><\/em><span class=\"qwen-markdown-text\"> (ein mineralstoffreiches Bad, angereichert mit getrockneten <\/span><em><span class=\"qwen-markdown-text\">Huang Qi<\/span><\/em><span class=\"qwen-markdown-text\">, Gojibeeren und zersto\u00dfene Lotuskerne).<\/span><\/li><li><span class=\"qwen-markdown-text\">Das t\u00e4gliche Angebot umfasst: <\/span><em><span class=\"qwen-markdown-text\">Qi Gong im Morgengrauen<\/span><\/em><span class=\"qwen-markdown-text\"> Sitzungen auf der Meditationswiese, gef\u00fchrte Waldbadewanderungen durch den einheimischen Wald des Resorts <\/span><em><span class=\"qwen-markdown-text\">Ficus microcarpa<\/span><\/em><span class=\"qwen-markdown-text\"> Hain und <\/span><em><span class=\"qwen-markdown-text\">Klangbad-Eintauchungen<\/span><\/em><span class=\"qwen-markdown-text\"> unter Verwendung tibetischer Klangschalen und Bambus-Windspiele, die auf die Frequenz der nat\u00fcrlichen Resonanz abgestimmt sind.<\/span><\/li><\/ul><\/li><li><strong class=\"qwen-markdown-strong\"><span class=\"qwen-markdown-text\">Familien- und Abenteuerintegration<\/span><\/strong><br \/><span class=\"qwen-markdown-text\">Da viele G\u00e4ste mit Kindern \u2013 oder mit dem inneren Kind intakt \u2013 anreisen, bietet Chimelong Giraffe Castle intensive Familienangebote:<\/span><ul class=\"qwen-markdown-list\" dir=\"auto\"><li><span class=\"qwen-markdown-text\">Der <\/span><strong class=\"qwen-markdown-strong\"><span class=\"qwen-markdown-text\">Giraffe Kinderclub<\/span><\/strong><span class=\"qwen-markdown-text\"> ist kein Spielzimmer, sondern ein <\/span><em><span class=\"qwen-markdown-text\">Miniatur-\u00d6kosystem<\/span><\/em><span class=\"qwen-markdown-text\">: mit einer Baumhausbibliothek, einem Matschk\u00fcchengarten und einem \u201cTrack &amp; Trace\u201d-Schnitzeljagdprogramm, bei dem Kinder die von den Rangern in Chimelong Wildlife World angewandten F\u00e4higkeiten zur Spurensuche in Wildtieren erlernen.<\/span><\/li><li><span class=\"qwen-markdown-text\">Exklusiv <\/span><em><span class=\"qwen-markdown-text\">Safarip\u00e4sse hinter den Kulissen<\/span><\/em><span class=\"qwen-markdown-text\"> Gew\u00e4hren Sie Zugang zu von Tierpflegern geleiteten F\u00fctterungssitzungen, Tierarztbesuchen (die respektvoll beobachtet werden sollten) und sogar die M\u00f6glichkeit, bei der Vorbereitung von Besch\u00e4ftigungsspielzeug f\u00fcr die Giraffen mitzuhelfen \u2013 wodurch Empathie, Neugier und Staunen gef\u00f6rdert werden.<\/span><\/li><li><span class=\"qwen-markdown-text\">F\u00fcr Jugendliche und Erwachsene, die den Adrenalinkick suchen, bietet das Resort in Zusammenarbeit mit Chimelongs Abenteuersparte folgende Aktivit\u00e4ten an: <\/span><em><span class=\"qwen-markdown-text\">Baumkronen-Zipline-Touren<\/span><\/em><span class=\"qwen-markdown-text\">, <\/span><em><span class=\"qwen-markdown-text\">N\u00e4chtliche Tierbeobachtungssafaris<\/span><\/em><span class=\"qwen-markdown-text\">, Und <\/span><em><span class=\"qwen-markdown-text\">Tage der Freiwilligenarbeit im Naturschutz<\/span><\/em><span class=\"qwen-markdown-text\">\u2014alles koordiniert mit reibungslosem Transport und fachkundiger Einweisung.<\/span><\/li><\/ul><\/li><li><strong class=\"qwen-markdown-strong\"><span class=\"qwen-markdown-text\">Nachhaltigkeit als Dienstleistung<\/span><\/strong><br \/><span class=\"qwen-markdown-text\">Wahrer Luxus im Chimelong Giraffe Castle ist untrennbar mit Verantwortung verbunden. Jede Dienstleistung wird unter dem Gesichtspunkt der dreifachen Wertsch\u00f6pfung bewertet:<\/span><ul class=\"qwen-markdown-list\" dir=\"auto\"><li><strong class=\"qwen-markdown-strong\"><span class=\"qwen-markdown-text\">Zero-Waste-Dining<\/span><\/strong><span class=\"qwen-markdown-text\">Lebensmittelabf\u00e4lle werden vor Ort kompostiert und dem Bio-Gem\u00fcsegarten des Resorts zugef\u00fchrt; die Verpackungen sind vollst\u00e4ndig biologisch abbaubar oder wiederverwendbar (z. B. Bambusbesteck, Leinen-Servietten mit QR-Codes, die auf die Herkunft der Zutaten verweisen).<\/span><\/li><li><strong class=\"qwen-markdown-strong\"><span class=\"qwen-markdown-text\">Wassermanagement<\/span><\/strong><span class=\"qwen-markdown-text\">Die 12 Hektar gro\u00dfe Parkanlage wird durch Regenwassernutzung bew\u00e4ssert; die G\u00e4stew\u00e4scherei nutzt Ozon-basierte Systeme, wodurch der Wasserverbrauch um 601 TP3T reduziert wird.<\/span><\/li><li><strong class=\"qwen-markdown-strong\"><span class=\"qwen-markdown-text\">Integration in die Gemeinschaft<\/span><\/strong><span class=\"qwen-markdown-text\">Das Personal wird \u00fcberwiegend aus den umliegenden D\u00f6rfern rekrutiert; das Resort betreibt ein <\/span><em><span class=\"qwen-markdown-text\">\u201cHeritage Crafters Program\u201d<\/span><\/em><span class=\"qwen-markdown-text\">, indem lokale Kunsthandwerker (z. B. Bambusweber aus Qingyuan, Keramiker aus Foshan) eingeladen werden, Workshops f\u00fcr die G\u00e4ste durchzuf\u00fchren \u2013 wodurch der Service in einen kulturellen Austausch umgewandelt wird.<\/span><\/li><\/ul><\/li><li><strong class=\"qwen-markdown-strong\"><span class=\"qwen-markdown-text\">Besondere Anl\u00e4sse, gehoben<\/span><\/strong><br \/><span class=\"qwen-markdown-text\">Ob es sich nun um einen Heiratsantrag auf dem Aussichtsturm zur goldenen Stunde oder ein generations\u00fcbergreifendes Wiedersehen im privaten Rahmen handelt. <\/span><em><span class=\"qwen-markdown-text\">Akazienvilla<\/span><\/em><span class=\"qwen-markdown-text\">, oder ein Firmenausflug, der Strategie mit Ruhe verbindet, das Resort <\/span><strong class=\"qwen-markdown-strong\"><span class=\"qwen-markdown-text\">Event- und Feierstudio<\/span><\/strong><span class=\"qwen-markdown-text\"> erschafft ma\u00dfgeschneiderte Geschichten:<\/span><ul class=\"qwen-markdown-list\" dir=\"auto\"><li><span class=\"qwen-markdown-text\">Hochzeiten im Fokus <\/span><em><span class=\"qwen-markdown-text\">\u201cZwei B\u00e4ume, eine Wurzel\u201d<\/span><\/em><span class=\"qwen-markdown-text\"> Zeremonien \u2013 die die Einheit symbolisieren \u2013 bei denen Paare Setzlinge im Garten der Kontinuit\u00e4t pflanzen.<\/span><\/li><li><span class=\"qwen-markdown-text\">Geburtstage werden markiert mit <\/span><em><span class=\"qwen-markdown-text\">\u201cGiraffen-Gr\u00f6\u00dfentabellen\u201d<\/span><\/em><span class=\"qwen-markdown-text\">Eine handbemalte Schriftrolle, die das Wachstum des Gastes im Laufe der Zeit dokumentiert, wird zusammen mit einer individuell angefertigten Torte in Form eines Miniatur-Burgturms \u00fcberreicht.<\/span><\/li><li><span class=\"qwen-markdown-text\">Gesch\u00e4ftstreffen beinhalten <\/span><em><span class=\"qwen-markdown-text\">Achtsame F\u00fchrungssitzungen<\/span><\/em><span class=\"qwen-markdown-text\"> Unter der Leitung von TCM-Wellnessberatern und \u00d6koethik-Experten werden Meetings in Momente der Besinnung und Erneuerung verwandelt.<\/span><\/li><\/ul><\/li><\/ol><div class=\"qwen-markdown-space\">\u00a0<\/div><h4 class=\"qwen-markdown-heading\"><strong class=\"qwen-markdown-strong\"><span class=\"qwen-markdown-text\">Das unausgesprochene Versprechen<\/span><\/strong><\/h4><div class=\"qwen-markdown-paragraph\"><span class=\"qwen-markdown-text\">Was Chimelong Giraffe Castle wirklich auszeichnet, ist nicht das, was es <\/span><em><span class=\"qwen-markdown-text\">Angebote<\/span><\/em><span class=\"qwen-markdown-text\">, aber wie <\/span><em><span class=\"qwen-markdown-text\">Platzbedarf<\/span><\/em><span class=\"qwen-markdown-text\"> F\u00fcr Sie. Im Zeitalter des transaktionsorientierten Reisens wagt dieses Resort es, anders zu sein. <\/span><em><span class=\"qwen-markdown-text\">Beziehung<\/span><\/em><span class=\"qwen-markdown-text\">. Seine Dienstleistungen sind nicht darauf ausgelegt, zu blenden, sondern darauf, <\/span><em><span class=\"qwen-markdown-text\">vertiefen<\/span><\/em><span class=\"qwen-markdown-text\">\u2014um Sie einzuladen, langsamer zu werden, nach oben zu schauen (wie die Giraffe es tut) und sich daran zu erinnern, dass die tiefsten Freuden oft still sind: eine perfekt getimte Stille nach einem herzlichen Gespr\u00e4ch, der Duft von Regen auf warmem Stein, der wissende Blick eines Mitarbeiters, der sich an Ihre Vorliebe f\u00fcr schwachen Tee und zus\u00e4tzliche Decken erinnert.<\/span><\/div><div class=\"qwen-markdown-space\">\u00a0<\/div><div class=\"qwen-markdown-paragraph\"><span class=\"qwen-markdown-text\">Hier wird keine Dienstleistung erbracht \u2013 es ist <\/span><em><span class=\"qwen-markdown-text\">lebte<\/span><\/em><span class=\"qwen-markdown-text\">. Und in diesem Leben verweilt man nicht einfach nur im Chimelong Giraffe Castle \u2013 man wird Teil seiner fortw\u00e4hrenden Geschichte.<\/span><\/div><div class=\"qwen-markdown-space\">\u00a0<\/div><div class=\"qwen-markdown-hr\"><hr \/><\/div><div class=\"qwen-markdown-space\">\u00a0<\/div><div class=\"qwen-markdown-paragraph\" data-spm-anchor-id=\"a2ty_o01.29997173.0.i1.6c715171pF1Lc2\"><em><span class=\"qwen-markdown-text\">Das Chimelong Giraffe Castle befindet sich in der Changlong Avenue Nr. 1, Bezirk Qingcheng, Qingyuan, Provinz Guangdong, China \u2013 nur 45 Minuten vom internationalen Flughafen Guangzhou Baiyun entfernt \u2013 und l\u00e4dt Sie ein, in eine Welt einzutauchen, in der Gastfreundschaft Kunst und Halt zugleich ist und in der jeder Gast nicht nur erholt, sondern erneuert abreist.<\/span><\/em><\/div>\t\t\t\t\t\t\t\t<\/div>\n\t\t\t\t<\/div>\n\t\t\t\t\t<\/div>\n\t\t\t\t<\/div>\n\t\t\t\t<\/div>","protected":false},"excerpt":{"rendered":"<p>We do our best to offer all our guests the services and facilities to make their stay a memorable one. A Symphony of Serenity and Service: The Art of Hospitality at Chimelong Giraffe Castle Nestled along the tranquil No. 1 Changlong Avenue in Qingcheng District, Qingyuan\u2014a region celebrated for its lush karst landscapes, mist-draped mountains, [&hellip;]<\/p>\n","protected":false},"author":1,"featured_media":0,"parent":0,"menu_order":0,"comment_status":"closed","ping_status":"closed","template":"","meta":{"footnotes":""},"class_list":["post-647","page","type-page","status-publish","hentry","post-no-thumbnail"],"_links":{"self":[{"href":"https:\/\/chimelonggiraffecastle.com\/de\/wp-json\/wp\/v2\/pages\/647","targetHints":{"allow":["GET"]}}],"collection":[{"href":"https:\/\/chimelonggiraffecastle.com\/de\/wp-json\/wp\/v2\/pages"}],"about":[{"href":"https:\/\/chimelonggiraffecastle.com\/de\/wp-json\/wp\/v2\/types\/page"}],"author":[{"embeddable":true,"href":"https:\/\/chimelonggiraffecastle.com\/de\/wp-json\/wp\/v2\/users\/1"}],"replies":[{"embeddable":true,"href":"https:\/\/chimelonggiraffecastle.com\/de\/wp-json\/wp\/v2\/comments?post=647"}],"version-history":[{"count":0,"href":"https:\/\/chimelonggiraffecastle.com\/de\/wp-json\/wp\/v2\/pages\/647\/revisions"}],"wp:attachment":[{"href":"https:\/\/chimelonggiraffecastle.com\/de\/wp-json\/wp\/v2\/media?parent=647"}],"curies":[{"name":"wp","href":"https:\/\/api.w.org\/{rel}","templated":true}]}}