{"id":5266,"date":"2021-07-18T08:03:35","date_gmt":"2021-07-18T08:03:35","guid":{"rendered":"https:\/\/nuss.uxper.co\/luxury-resort\/?page_id=5266"},"modified":"2025-05-21T16:09:06","modified_gmt":"2025-05-21T16:09:06","slug":"uber-uns","status":"publish","type":"page","link":"https:\/\/chimelonggiraffecastle.com\/de\/about-us\/","title":{"rendered":"\u00dcber uns"},"content":{"rendered":"<div data-elementor-type=\"wp-page\" data-elementor-id=\"5266\" class=\"elementor elementor-5266\">\n\t\t\t\t\t\t<section class=\"elementor-section elementor-top-section elementor-element elementor-element-10416953 elementor-section-boxed elementor-section-gap-beside-yes elementor-section-height-default elementor-section-height-default elementor-section-column-vertical-align-stretch\" data-id=\"10416953\" data-element_type=\"section\" data-e-type=\"section\">\n\t\t\t\t\t\t<div class=\"elementor-container elementor-column-gap-extended\">\n\t\t\t\t\t<div class=\"elementor-column elementor-col-100 elementor-top-column elementor-element elementor-element-29c6aa8\" data-id=\"29c6aa8\" data-element_type=\"column\" data-e-type=\"column\">\n\t\t\t<div class=\"elementor-widget-wrap elementor-element-populated\">\n\t\t\t\t\t\t<div class=\"elementor-element elementor-element-7be18fe7 elementor-widget__width-initial elementor-invisible elementor-widget elementor-widget-text-editor\" data-id=\"7be18fe7\" data-element_type=\"widget\" data-e-type=\"widget\" data-settings=\"{&quot;_animation&quot;:&quot;nussFadeInUp&quot;}\" data-widget_type=\"text-editor.default\">\n\t\t\t\t<div class=\"elementor-widget-container\">\n\t\t\t\t\t\t\t\t\t<p>Willkommen in einer Welt voller Wunder und Launen im Chimelong Giraffe Castle, einer au\u00dfergew\u00f6hnlichen Themenunterkunft im Herzen des Chimelong Hotels im Guangzhou Chimelong Safari Park.<\/p>\t\t\t\t\t\t\t\t<\/div>\n\t\t\t\t<\/div>\n\t\t\t\t\t<\/div>\n\t\t<\/div>\n\t\t\t\t\t<\/div>\n\t\t<\/section>\n\t\t\t\t<section class=\"elementor-section elementor-top-section elementor-element elementor-element-7d18327f elementor-section-boxed elementor-section-gap-beside-yes elementor-section-height-default elementor-section-height-default elementor-section-column-vertical-align-stretch\" data-id=\"7d18327f\" data-element_type=\"section\" data-e-type=\"section\">\n\t\t\t\t\t\t<div class=\"elementor-container elementor-column-gap-extended\">\n\t\t\t\t\t<div class=\"elementor-column elementor-col-50 elementor-top-column elementor-element elementor-element-56533670\" data-id=\"56533670\" data-element_type=\"column\" data-e-type=\"column\">\n\t\t\t<div class=\"elementor-widget-wrap elementor-element-populated\">\n\t\t\t\t\t\t<div class=\"elementor-element elementor-element-19c3f543 elementor-invisible elementor-widget elementor-widget-text-editor\" data-id=\"19c3f543\" data-element_type=\"widget\" data-e-type=\"widget\" data-settings=\"{&quot;_animation&quot;:&quot;nussFadeInUp&quot;}\" data-widget_type=\"text-editor.default\">\n\t\t\t\t<div class=\"elementor-widget-container\">\n\t\t\t\t\t\t\t\t\t<p>Dieses einzigartige Schloss entf\u00fchrt Sie in eine magische Welt, in der die Eleganz der Giraffen und der Charme einer M\u00e4rchenfestung nahtlos miteinander verschmelzen und einen unvergesslichen Aufenthalt erm\u00f6glichen. Das Chimelong Giraffe Castle ist ideal f\u00fcr Familien, Paare und Abenteuerlustige und bietet einen einzigartigen R\u00fcckzugsort, der luxuri\u00f6sen Komfort mit dem Nervenkitzel verbindet, umgeben von den anmutigsten Riesen der Natur zu sein.<\/p>\t\t\t\t\t\t\t\t<\/div>\n\t\t\t\t<\/div>\n\t\t\t\t\t<\/div>\n\t\t<\/div>\n\t\t\t\t<div class=\"elementor-column elementor-col-50 elementor-top-column elementor-element elementor-element-30f14127\" data-id=\"30f14127\" data-element_type=\"column\" data-e-type=\"column\">\n\t\t\t<div class=\"elementor-widget-wrap elementor-element-populated\">\n\t\t\t\t\t\t<div class=\"elementor-element elementor-element-350da02e elementor-invisible nuss-elementor-loading nuss-slide-in-left elementor-widget elementor-widget-image\" data-id=\"350da02e\" data-element_type=\"widget\" data-e-type=\"widget\" data-settings=\"{&quot;_animation&quot;:&quot;nussSlideInLeft&quot;}\" data-widget_type=\"image.default\">\n\t\t\t\t<div class=\"elementor-widget-container\">\n\t\t\t\t\t\t\t\t\t\t\t\t\t\t\t<img fetchpriority=\"high\" decoding=\"async\" width=\"1137\" height=\"853\" src=\"https:\/\/chimelonggiraffecastle.com\/wp-content\/uploads\/2025\/05\/Chimelong-Giraffe-Castle-8.webp\" class=\"attachment-full size-full wp-image-5971\" alt=\"\" srcset=\"https:\/\/chimelonggiraffecastle.com\/wp-content\/uploads\/2025\/05\/Chimelong-Giraffe-Castle-8.webp 1137w, https:\/\/chimelonggiraffecastle.com\/wp-content\/uploads\/2025\/05\/Chimelong-Giraffe-Castle-8-300x225.webp 300w, https:\/\/chimelonggiraffecastle.com\/wp-content\/uploads\/2025\/05\/Chimelong-Giraffe-Castle-8-1024x768.webp 1024w, https:\/\/chimelonggiraffecastle.com\/wp-content\/uploads\/2025\/05\/Chimelong-Giraffe-Castle-8-768x576.webp 768w, https:\/\/chimelonggiraffecastle.com\/wp-content\/uploads\/2025\/05\/Chimelong-Giraffe-Castle-8-16x12.webp 16w\" sizes=\"(max-width: 1137px) 100vw, 1137px\" \/>\t\t\t\t\t\t\t\t\t\t\t\t\t\t\t<\/div>\n\t\t\t\t<\/div>\n\t\t\t\t\t<\/div>\n\t\t<\/div>\n\t\t\t\t\t<\/div>\n\t\t<\/section>\n\t\t\t\t<section class=\"elementor-section elementor-top-section elementor-element elementor-element-29fb8578 elementor-section-height-min-height elementor-section-stretched elementor-section-full_width elementor-section-items-stretch elementor-section-height-default elementor-section-column-vertical-align-stretch\" data-id=\"29fb8578\" data-element_type=\"section\" data-e-type=\"section\" data-settings=\"{&quot;stretch_section&quot;:&quot;section-stretched&quot;}\">\n\t\t\t\t\t\t<div class=\"elementor-container elementor-column-gap-no\">\n\t\t\t\t\t<div class=\"elementor-column elementor-col-50 elementor-top-column elementor-element elementor-element-40ac270b\" data-id=\"40ac270b\" data-element_type=\"column\" data-e-type=\"column\">\n\t\t\t<div class=\"elementor-widget-wrap elementor-element-populated\">\n\t\t\t\t\t\t<div class=\"elementor-element elementor-element-20872773 elementor-widget__width-initial elementor-widget-mobile__width-inherit elementor-invisible nuss-elementor-loading nuss-slide-in-right elementor-widget elementor-widget-image\" data-id=\"20872773\" data-element_type=\"widget\" data-e-type=\"widget\" data-settings=\"{&quot;_animation&quot;:&quot;nussSlideInRight&quot;}\" data-widget_type=\"image.default\">\n\t\t\t\t<div class=\"elementor-widget-container\">\n\t\t\t\t\t\t\t\t\t\t\t\t\t\t\t<img decoding=\"async\" width=\"800\" height=\"599\" src=\"https:\/\/chimelonggiraffecastle.com\/wp-content\/uploads\/2025\/05\/Chimelong-Giraffe-Castle-3.webp\" class=\"attachment-full size-full wp-image-5965\" alt=\"\" srcset=\"https:\/\/chimelonggiraffecastle.com\/wp-content\/uploads\/2025\/05\/Chimelong-Giraffe-Castle-3.webp 800w, https:\/\/chimelonggiraffecastle.com\/wp-content\/uploads\/2025\/05\/Chimelong-Giraffe-Castle-3-300x225.webp 300w, https:\/\/chimelonggiraffecastle.com\/wp-content\/uploads\/2025\/05\/Chimelong-Giraffe-Castle-3-768x575.webp 768w, https:\/\/chimelonggiraffecastle.com\/wp-content\/uploads\/2025\/05\/Chimelong-Giraffe-Castle-3-16x12.webp 16w\" sizes=\"(max-width: 800px) 100vw, 800px\" \/>\t\t\t\t\t\t\t\t\t\t\t\t\t\t\t<\/div>\n\t\t\t\t<\/div>\n\t\t\t\t\t<\/div>\n\t\t<\/div>\n\t\t\t\t<div class=\"elementor-column elementor-col-50 elementor-top-column elementor-element elementor-element-2dac103\" data-id=\"2dac103\" data-element_type=\"column\" data-e-type=\"column\">\n\t\t\t<div class=\"elementor-widget-wrap elementor-element-populated\">\n\t\t\t\t\t\t<div class=\"elementor-element elementor-element-6f1b8966 elementor-invisible elementor-widget elementor-widget-text-editor\" data-id=\"6f1b8966\" data-element_type=\"widget\" data-e-type=\"widget\" data-settings=\"{&quot;_animation&quot;:&quot;nussFadeInUp&quot;}\" data-widget_type=\"text-editor.default\">\n\t\t\t\t<div class=\"elementor-widget-container\">\n\t\t\t\t\t\t\t\t\t<p>Stellen Sie sich vor, Sie wachen auf und sehen riesige Giraffen, die anmutig direkt vor Ihrem Fenster umherstreifen. Ihre ruhige Pr\u00e4senz verleiht Ihrem Morgen ein Gef\u00fchl der Ruhe und Ehrfurcht. Das Design des Schlosses ist von der majest\u00e4tischen Sch\u00f6nheit dieser ikonischen Tiere inspiriert und besticht durch aufwendiges Giraffen-Dekor und verspielte Elemente, die G\u00e4ste jeden Alters begeistern. Jeder Winkel des Chimelong Giraffe Castle erz\u00e4hlt eine Geschichte \u2013 von der skurrilen Architektur bis hin zu den sorgf\u00e4ltig gestalteten Innenr\u00e4umen, die den Geist der afrikanischen Savanne widerspiegeln.<\/p><p>Dieses bezaubernde Schloss liegt inmitten des weitl\u00e4ufigen Gel\u00e4ndes des Guangzhou Chimelong Safari Parks, einem der bedeutendsten Wildtiergebiete Chinas, und bietet einen unvergleichlichen Zugang zu einer Welt voller Abenteuer. Verbringen Sie Ihre Tage damit, die gro\u00dfe Vielfalt exotischer Tiere, aufregende Fahrgesch\u00e4fte und faszinierende Ausstellungen des Parks zu erkunden. Kehren Sie anschlie\u00dfend f\u00fcr eine erholsame Nacht in einer traumhaften Umgebung ins Schloss zur\u00fcck. Ob Sie einen familienfreundlichen Kurzurlaub oder eine romantische Auszeit mit einem Hauch von Au\u00dfergew\u00f6hnlichem suchen \u2013 das Chimelong Giraffe Castle verspricht einen unvergesslichen und magischen Aufenthalt.<\/p>\t\t\t\t\t\t\t\t<\/div>\n\t\t\t\t<\/div>\n\t\t\t\t\t<\/div>\n\t\t<\/div>\n\t\t\t\t\t<\/div>\n\t\t<\/section>\n\t\t\t\t<section class=\"elementor-section elementor-top-section elementor-element elementor-element-9c66b57 elementor-section-height-min-height elementor-section-stretched elementor-section-full_width elementor-section-items-stretch elementor-section-height-default elementor-section-column-vertical-align-stretch\" data-id=\"9c66b57\" data-element_type=\"section\" data-e-type=\"section\" data-settings=\"{&quot;stretch_section&quot;:&quot;section-stretched&quot;}\">\n\t\t\t\t\t\t<div class=\"elementor-container elementor-column-gap-no\">\n\t\t\t\t\t<div class=\"elementor-column elementor-col-50 elementor-top-column elementor-element elementor-element-6aad332\" data-id=\"6aad332\" data-element_type=\"column\" data-e-type=\"column\">\n\t\t\t<div class=\"elementor-widget-wrap elementor-element-populated\">\n\t\t\t\t\t\t<div class=\"elementor-element elementor-element-56bb326 elementor-invisible elementor-widget elementor-widget-text-editor\" data-id=\"56bb326\" data-element_type=\"widget\" data-e-type=\"widget\" data-settings=\"{&quot;_animation&quot;:&quot;nussFadeInUp&quot;}\" data-widget_type=\"text-editor.default\">\n\t\t\t\t<div class=\"elementor-widget-container\">\n\t\t\t\t\t\t\t\t\t<p>Neben seinem faszinierenden Thema wurde das Chimelong Giraffe Castle ganz auf Ihren Komfort ausgelegt. Jedes Zimmer ist sorgf\u00e4ltig mit modernen Annehmlichkeiten ausgestattet und bietet eine perfekte Mischung aus Luxus und Komfort. Damit ist es der perfekte Ausgangspunkt f\u00fcr Ihr Safari-Abenteuer. Von der luxuri\u00f6sen Bettw\u00e4sche bis zur atemberaubenden Aussicht \u2013 jedes Detail ist darauf ausgelegt, Ihr Erlebnis zu versch\u00f6nern. Dank der au\u00dfergew\u00f6hnlichen Gastfreundschaft des Chimelong Hotels genie\u00dfen Sie erstklassigen Service und f\u00fchlen sich in dieser fantastischen Umgebung wie zu Hause.<\/p><p>F\u00fcr alle, die ein wirklich einzigartiges Urlaubserlebnis in Guangzhou suchen, ist das Chimelong Giraffe Castle ein absolutes Muss. Es ist mehr als nur eine Unterkunft \u2013 es ist eine faszinierende Reise in eine Welt, in der Natur und Fantasie aufeinandertreffen. Buchen Sie noch heute Ihren Aufenthalt und tauchen Sie ein in die Magie des Chimelong Giraffe Castle, wo die Wunder der Wildnis auf den Charme eines M\u00e4rchens treffen. Ob Familienurlaub, besondere Feier oder einfach ein einzigartiger Kurzurlaub \u2013 dieses au\u00dfergew\u00f6hnliche Schloss im Chimelong Safari Park hei\u00dft Sie mit offenen Armen und unendlichem Zauber willkommen.<\/p>\t\t\t\t\t\t\t\t<\/div>\n\t\t\t\t<\/div>\n\t\t\t\t\t<\/div>\n\t\t<\/div>\n\t\t\t\t<div class=\"elementor-column elementor-col-50 elementor-top-column elementor-element elementor-element-1de6838\" data-id=\"1de6838\" data-element_type=\"column\" data-e-type=\"column\">\n\t\t\t<div class=\"elementor-widget-wrap elementor-element-populated\">\n\t\t\t\t\t\t<div class=\"elementor-element elementor-element-c3cce95 elementor-widget__width-initial elementor-widget-mobile__width-inherit elementor-invisible nuss-elementor-loading nuss-slide-in-right elementor-widget elementor-widget-image\" data-id=\"c3cce95\" data-element_type=\"widget\" data-e-type=\"widget\" data-settings=\"{&quot;_animation&quot;:&quot;nussSlideInRight&quot;}\" data-widget_type=\"image.default\">\n\t\t\t\t<div class=\"elementor-widget-container\">\n\t\t\t\t\t\t\t\t\t\t\t\t\t\t\t<img decoding=\"async\" width=\"1137\" height=\"853\" src=\"https:\/\/chimelonggiraffecastle.com\/wp-content\/uploads\/2025\/05\/Chimelong-Giraffe-Castle-9.webp\" class=\"attachment-full size-full wp-image-5972\" alt=\"\" srcset=\"https:\/\/chimelonggiraffecastle.com\/wp-content\/uploads\/2025\/05\/Chimelong-Giraffe-Castle-9.webp 1137w, https:\/\/chimelonggiraffecastle.com\/wp-content\/uploads\/2025\/05\/Chimelong-Giraffe-Castle-9-300x225.webp 300w, https:\/\/chimelonggiraffecastle.com\/wp-content\/uploads\/2025\/05\/Chimelong-Giraffe-Castle-9-1024x768.webp 1024w, https:\/\/chimelonggiraffecastle.com\/wp-content\/uploads\/2025\/05\/Chimelong-Giraffe-Castle-9-768x576.webp 768w, https:\/\/chimelonggiraffecastle.com\/wp-content\/uploads\/2025\/05\/Chimelong-Giraffe-Castle-9-16x12.webp 16w\" sizes=\"(max-width: 1137px) 100vw, 1137px\" \/>\t\t\t\t\t\t\t\t\t\t\t\t\t\t\t<\/div>\n\t\t\t\t<\/div>\n\t\t\t\t\t<\/div>\n\t\t<\/div>\n\t\t\t\t\t<\/div>\n\t\t<\/section>\n\t\t\t\t<section class=\"elementor-section elementor-top-section elementor-element elementor-element-2092b7d0 elementor-section-stretched elementor-section-boxed elementor-section-gap-beside-yes elementor-section-height-default elementor-section-height-default elementor-section-column-vertical-align-stretch\" data-id=\"2092b7d0\" data-element_type=\"section\" data-e-type=\"section\" data-settings=\"{&quot;background_background&quot;:&quot;classic&quot;,&quot;stretch_section&quot;:&quot;section-stretched&quot;}\">\n\t\t\t\t\t\t<div class=\"elementor-container elementor-column-gap-extended\">\n\t\t\t\t\t<div class=\"elementor-column elementor-col-100 elementor-top-column elementor-element elementor-element-be69d75\" data-id=\"be69d75\" data-element_type=\"column\" data-e-type=\"column\">\n\t\t\t<div class=\"elementor-widget-wrap elementor-element-populated\">\n\t\t\t\t\t\t<div class=\"elementor-element elementor-element-3562ee5 elementor-widget elementor-widget-text-editor\" data-id=\"3562ee5\" data-element_type=\"widget\" data-e-type=\"widget\" data-widget_type=\"text-editor.default\">\n\t\t\t\t<div class=\"elementor-widget-container\">\n\t\t\t\t\t\t\t\t\t<iframe border=\"0\" src=\"https:\/\/www.trip.com\/partners\/ad\/S3756223?Allianceid=5415915&#038;SID=209983229&#038;trip_sub1=\" style=\"width:1200px;height:200px\" frameborder=\"0\" scrolling=\"no\" id=\"S3756223\"><\/iframe>\t\t\t\t\t\t\t\t<\/div>\n\t\t\t\t<\/div>\n\t\t\t\t\t<\/div>\n\t\t<\/div>\n\t\t\t\t\t<\/div>\n\t\t<\/section>\n\t\t<div class=\"elementor-element elementor-element-7009371 e-flex e-con-boxed e-con e-parent\" data-id=\"7009371\" data-element_type=\"container\" data-e-type=\"container\">\n\t\t\t\t\t<div class=\"e-con-inner\">\n\t\t\t\t<div class=\"elementor-element elementor-element-fb8286d elementor-widget elementor-widget-text-editor\" data-id=\"fb8286d\" data-element_type=\"widget\" data-e-type=\"widget\" data-widget_type=\"text-editor.default\">\n\t\t\t\t<div class=\"elementor-widget-container\">\n\t\t\t\t\t\t\t\t\t<p><strong>Warum sollten Sie sich f\u00fcr das Chimelong Giraffe Castle entscheiden?<\/strong><\/p><ul><li>Einzigartige Unterk\u00fcnfte mit Giraffenthema f\u00fcr einen unvergesslichen Aufenthalt.<\/li><li>N\u00e4he zu den Hauptattraktionen des Guangzhou Chimelong Safari Park.<\/li><li>Perfekt f\u00fcr Familienurlaube, romantische Kurztrips und Abenteuerlustige.<\/li><li>Luxuri\u00f6se Annehmlichkeiten gepaart mit einer magischen, von der Natur inspirierten Atmosph\u00e4re.<\/li><\/ul><p>Begeben Sie sich auf eine Reise zum Chimelong-Giraffe-Schloss und schaffen Sie unvergessliche Erinnerungen. Ihr m\u00e4rchenhaftes Abenteuer erwartet Sie im Herzen von Guangzhou!<\/p>\t\t\t\t\t\t\t\t<\/div>\n\t\t\t\t<\/div>\n\t\t\t\t\t<\/div>\n\t\t\t\t<\/div>\n\t\t\t\t<\/div>","protected":false},"excerpt":{"rendered":"<p>Welcome to a world of wonder and whimsy at Chimelong Giraffe Castle, an extraordinary themed accommodation nestled within the heart of Chimelong Hotel at Guangzhou Chimelong Safari Park. This one-of-a-kind castle transports you into a magical realm where the elegance of giraffes and the charm of a fairytale fortress blend seamlessly to create an unforgettable [&hellip;]<\/p>\n","protected":false},"author":1,"featured_media":0,"parent":0,"menu_order":0,"comment_status":"closed","ping_status":"closed","template":"","meta":{"footnotes":""},"class_list":["post-5266","page","type-page","status-publish","hentry","post-no-thumbnail"],"_links":{"self":[{"href":"https:\/\/chimelonggiraffecastle.com\/de\/wp-json\/wp\/v2\/pages\/5266","targetHints":{"allow":["GET"]}}],"collection":[{"href":"https:\/\/chimelonggiraffecastle.com\/de\/wp-json\/wp\/v2\/pages"}],"about":[{"href":"https:\/\/chimelonggiraffecastle.com\/de\/wp-json\/wp\/v2\/types\/page"}],"author":[{"embeddable":true,"href":"https:\/\/chimelonggiraffecastle.com\/de\/wp-json\/wp\/v2\/users\/1"}],"replies":[{"embeddable":true,"href":"https:\/\/chimelonggiraffecastle.com\/de\/wp-json\/wp\/v2\/comments?post=5266"}],"version-history":[{"count":0,"href":"https:\/\/chimelonggiraffecastle.com\/de\/wp-json\/wp\/v2\/pages\/5266\/revisions"}],"wp:attachment":[{"href":"https:\/\/chimelonggiraffecastle.com\/de\/wp-json\/wp\/v2\/media?parent=5266"}],"curies":[{"name":"wp","href":"https:\/\/api.w.org\/{rel}","templated":true}]}}