{"id":2108,"date":"2021-03-26T06:46:16","date_gmt":"2021-03-26T06:46:16","guid":{"rendered":"http:\/\/localhost\/nuss\/?page_id=437"},"modified":"2025-05-19T15:28:51","modified_gmt":"2025-05-19T15:28:51","slug":"spa","status":"publish","type":"page","link":"https:\/\/chimelonggiraffecastle.com\/de\/spa\/","title":{"rendered":"Spa"},"content":{"rendered":"<div data-elementor-type=\"wp-page\" data-elementor-id=\"2108\" class=\"elementor elementor-2108\">\n\t\t\t\t\t\t<section class=\"elementor-section elementor-top-section elementor-element elementor-element-e56a0cd elementor-section-boxed elementor-section-gap-beside-yes elementor-section-height-default elementor-section-height-default elementor-section-column-vertical-align-stretch\" data-id=\"e56a0cd\" data-element_type=\"section\" data-e-type=\"section\">\n\t\t\t\t\t\t<div class=\"elementor-container elementor-column-gap-extended\">\n\t\t\t\t\t<div class=\"elementor-column elementor-col-100 elementor-top-column elementor-element elementor-element-0b4465f\" data-id=\"0b4465f\" data-element_type=\"column\" data-e-type=\"column\">\n\t\t\t<div class=\"elementor-widget-wrap elementor-element-populated\">\n\t\t\t\t\t\t<div class=\"elementor-element elementor-element-c5bfb65 elementor-widget__width-initial elementor-invisible elementor-widget elementor-widget-text-editor\" data-id=\"c5bfb65\" data-element_type=\"widget\" data-e-type=\"widget\" data-settings=\"{&quot;_animation&quot;:&quot;nussFadeInUp&quot;}\" data-widget_type=\"text-editor.default\">\n\t\t\t\t<div class=\"elementor-widget-container\">\n\t\t\t\t\t\t\t\t\t<p>Entfliehen Sie in eine Welt der Ruhe und Erholung in den luxuri\u00f6sen Spa- und Wellnesseinrichtungen des Chimelong Hotels, perfekt gelegen in der bezaubernden Umgebung des Guangzhou Chimelong Safari Parks.<\/p>\t\t\t\t\t\t\t\t<\/div>\n\t\t\t\t<\/div>\n\t\t\t\t\t<\/div>\n\t\t<\/div>\n\t\t\t\t\t<\/div>\n\t\t<\/section>\n\t\t<div class=\"elementor-element elementor-element-03661e1 e-flex e-con-boxed e-con e-parent\" data-id=\"03661e1\" data-element_type=\"container\" data-e-type=\"container\">\n\t\t\t\t\t<div class=\"e-con-inner\">\n\t\t<div class=\"elementor-element elementor-element-dabecee e-con-full e-flex e-con e-child\" data-id=\"dabecee\" data-element_type=\"container\" data-e-type=\"container\">\n\t\t\t\t<div class=\"elementor-element elementor-element-fb7eb9b elementor-widget elementor-widget-image\" data-id=\"fb7eb9b\" data-element_type=\"widget\" data-e-type=\"widget\" data-widget_type=\"image.default\">\n\t\t\t\t<div class=\"elementor-widget-container\">\n\t\t\t\t\t\t\t\t\t\t\t\t\t\t\t<img decoding=\"async\" src=\"http:\/\/chimelongsafaripark.com\/wp-content\/uploads\/2025\/05\/chimelongsafaripark-32.webp\" title=\"\" alt=\"\" loading=\"lazy\" \/>\t\t\t\t\t\t\t\t\t\t\t\t\t\t\t<\/div>\n\t\t\t\t<\/div>\n\t\t\t\t<\/div>\n\t\t<div class=\"elementor-element elementor-element-e7df689 e-con-full e-flex e-con e-child\" data-id=\"e7df689\" data-element_type=\"container\" data-e-type=\"container\">\n\t\t\t\t<div class=\"elementor-element elementor-element-5deba31 elementor-widget elementor-widget-text-editor\" data-id=\"5deba31\" data-element_type=\"widget\" data-e-type=\"widget\" data-widget_type=\"text-editor.default\">\n\t\t\t\t<div class=\"elementor-widget-container\">\n\t\t\t\t\t\t\t\t\t<p>Eingebettet in \u00fcppiges Gr\u00fcn und die ruhige Atmosph\u00e4re eines der bedeutendsten Naturschutzgebiete Chinas bietet unser hochmodernes Spa eine Oase der Ruhe, in der Sie nach einem aufregenden Tag voller Safari-Abenteuer entspannen, neue Kraft tanken und Ihre innere Harmonie wiederfinden k\u00f6nnen. Ob Sie m\u00fcder Reisender, Naturliebhaber oder einfach nur auf der Suche nach einem erholsamen R\u00fcckzugsort sind \u2013 unser Wellnesscenter bietet Ihnen ein unvergleichliches Erlebnis der Entspannung und des ganzheitlichen Wohlbefindens.<\/p><p>Im Spa &amp; Wellness des Chimelong Hotels glauben wir an die transformierende Kraft der Selbstf\u00fcrsorge. Unser gro\u00dfz\u00fcgiger Spa erstreckt sich \u00fcber einen wundersch\u00f6n gestalteten Raum, der moderne Eleganz mit wohltuenden Naturelementen verbindet und eine Oase der Ruhe schafft, die Stress sofort verschwinden l\u00e4sst. Vom ersten Moment an werden Sie vom sanften Duft \u00e4therischer \u00d6le, beruhigender Musik und einer warmen, einladenden Atmosph\u00e4re begr\u00fc\u00dft, die puren Genuss verspricht. Unsere hochqualifizierten Therapeuten, die sich mit alten und modernen Heiltechniken auskennen, stimmen jede Behandlung individuell auf Ihre Bed\u00fcrfnisse ab und sorgen so f\u00fcr ein individuelles Wellnesserlebnis.<\/p>\t\t\t\t\t\t\t\t<\/div>\n\t\t\t\t<\/div>\n\t\t\t\t<\/div>\n\t\t\t\t\t<\/div>\n\t\t\t\t<\/div>\n\t\t<div class=\"elementor-element elementor-element-5f002a2 e-flex e-con-boxed e-con e-parent\" data-id=\"5f002a2\" data-element_type=\"container\" data-e-type=\"container\">\n\t\t\t\t\t<div class=\"e-con-inner\">\n\t\t<div class=\"elementor-element elementor-element-b5e7ce1 e-con-full e-flex e-con e-child\" data-id=\"b5e7ce1\" data-element_type=\"container\" data-e-type=\"container\">\n\t\t\t\t<div class=\"elementor-element elementor-element-923e6f1 elementor-widget elementor-widget-text-editor\" data-id=\"923e6f1\" data-element_type=\"widget\" data-e-type=\"widget\" data-widget_type=\"text-editor.default\">\n\t\t\t\t<div class=\"elementor-widget-container\">\n\t\t\t\t\t\t\t\t\t<p>Unser umfangreiches Angebot bietet f\u00fcr jeden Geschmack etwas: von revitalisierenden Massagen und regenerierenden Gesichtsbehandlungen bis hin zu speziellen K\u00f6rperbehandlungen, inspiriert von der traditionellen chinesischen Medizin und globalen Wellness-Praktiken. G\u00f6nnen Sie sich eine einzigartige Hot-Stone-Massage, um Verspannungen zu l\u00f6sen, erleben Sie die entgiftende Wirkung einer Kr\u00e4uterpackung oder g\u00f6nnen Sie sich eine individuelle Gesichtsbehandlung, die Ihre Haut vor Vitalit\u00e4t strahlen l\u00e4sst. F\u00fcr alle, die tiefere Entspannung suchen, bieten unsere Aromatherapie-Sitzungen und Meditationskurse die perfekte Auszeit und harmonisieren K\u00f6rper, Geist und Seele.<\/p><p>Neben individuellen Behandlungen bieten unsere Wellnesseinrichtungen zahlreiche Annehmlichkeiten f\u00fcr ein rundum gelungenes Erlebnis. Entspannen Sie sich in unseren ruhigen Thermalsuiten mit Saunen, Dampfb\u00e4dern und belebenden Hydrotherapie-Pools, die m\u00fcde Muskeln entspannen und die Durchblutung f\u00f6rdern. Nehmen Sie ein Bad in unserem Entspannungspool mit atemberaubendem Blick auf die umliegende Landschaft oder finden Sie Ruhe in unseren ruhigen Meditationsg\u00e4rten, wo die fernen Kl\u00e4nge der Natur Ihre Suche nach innerer Ruhe perfekt begleiten. F\u00fcr Fitnessbegeisterte bietet unser voll ausgestattetes Fitnessstudio modernste Ger\u00e4te und individuelle Trainingseinheiten, die Sie w\u00e4hrend Ihres Aufenthalts fit halten.<\/p>\t\t\t\t\t\t\t\t<\/div>\n\t\t\t\t<\/div>\n\t\t\t\t<\/div>\n\t\t<div class=\"elementor-element elementor-element-6406e30 e-con-full e-flex e-con e-child\" data-id=\"6406e30\" data-element_type=\"container\" data-e-type=\"container\">\n\t\t\t\t<div class=\"elementor-element elementor-element-7c7fea9 elementor-widget elementor-widget-image\" data-id=\"7c7fea9\" data-element_type=\"widget\" data-e-type=\"widget\" data-widget_type=\"image.default\">\n\t\t\t\t<div class=\"elementor-widget-container\">\n\t\t\t\t\t\t\t\t\t\t\t\t\t\t\t<img decoding=\"async\" src=\"http:\/\/chimelongsafaripark.com\/wp-content\/uploads\/2025\/05\/chimelongsafaripark-7.webp\" title=\"\" alt=\"\" loading=\"lazy\" \/>\t\t\t\t\t\t\t\t\t\t\t\t\t\t\t<\/div>\n\t\t\t\t<\/div>\n\t\t\t\t<\/div>\n\t\t\t\t\t<\/div>\n\t\t\t\t<\/div>\n\t\t<div class=\"elementor-element elementor-element-94692c6 e-flex e-con-boxed e-con e-parent\" data-id=\"94692c6\" data-element_type=\"container\" data-e-type=\"container\">\n\t\t\t\t\t<div class=\"e-con-inner\">\n\t\t\t\t<div class=\"elementor-element elementor-element-c697a7f elementor-widget elementor-widget-text-editor\" data-id=\"c697a7f\" data-element_type=\"widget\" data-e-type=\"widget\" data-widget_type=\"text-editor.default\">\n\t\t\t\t<div class=\"elementor-widget-container\">\n\t\t\t\t\t\t\t\t\t<p>Im Chimelong Hotel legen wir Wert auf Nachhaltigkeit und ganzheitliche Gesundheit und verwenden, wann immer m\u00f6glich, umweltfreundliche Produkte und Bio-Zutaten in unseren Behandlungen. Unsere Wellnessprogramme umfassen auch Ern\u00e4hrungsberatung und Wellness-Workshops, die Ihnen helfen, auch nach Ihrem Besuch einen ausgewogenen Lebensstil zu pflegen. Ob Kurzurlaub oder ausgedehnter Wellnessurlaub \u2013 unsere Spa- und Wellnesseinrichtungen erg\u00e4nzen die erlebnisreiche Atmosph\u00e4re des Chimelong Safari Parks perfekt und bieten eine harmonische Mischung aus Abenteuer und Entspannung.<\/p><p>Unser Spa liegt verkehrsg\u00fcnstig im Chimelong Resort und ist sowohl f\u00fcr Hotelg\u00e4ste als auch Tagesg\u00e4ste leicht erreichbar. Es ist der ideale Zwischenstopp w\u00e4hrend Ihres Guangzhou-Urlaubs. G\u00f6nnen Sie sich einen Tag voller Verw\u00f6hnung oder schenken Sie einem geliebten Menschen ein Spa-Paket f\u00fcr ein unvergessliches Erlebnis. Buchen Sie noch heute Ihren Termin und entdecken Sie, warum die Spa- und Wellnesseinrichtungen des Chimelong Hotels als Oase der Ruhe inmitten der Natur gelten. Wir begleiten Sie auf eine Reise der Erneuerung, bei der der Alltagsstress hinter Ihnen verschwindet und die Sch\u00f6nheit des Wohlbefindens im Mittelpunkt steht. Kommen Sie, entspannen Sie sich und entdecken Sie sich selbst im Chimelong Hotel \u2013 Ihrem ultimativen Ziel f\u00fcr Luxus und Wellness in der N\u00e4he des Guangzhou Chimelong Safari Parks!<\/p>\t\t\t\t\t\t\t\t<\/div>\n\t\t\t\t<\/div>\n\t\t\t\t\t<\/div>\n\t\t\t\t<\/div>\n\t\t<div class=\"elementor-element elementor-element-70bd3e6 e-flex e-con-boxed e-con e-parent\" data-id=\"70bd3e6\" data-element_type=\"container\" data-e-type=\"container\">\n\t\t\t\t\t<div class=\"e-con-inner\">\n\t\t\t\t<div class=\"elementor-element elementor-element-908b4a8 elementor-widget elementor-widget-nuss-image-gallery\" data-id=\"908b4a8\" data-element_type=\"widget\" data-e-type=\"widget\" data-widget_type=\"nuss-image-gallery.default\">\n\t\t\t\t<div class=\"elementor-widget-container\">\n\t\t\t\t\t\t\t<div class=\"nuss-grid-wrapper\" data-grid=\"{&quot;type&quot;:&quot;grid&quot;,&quot;ratio&quot;:null,&quot;columns&quot;:3,&quot;gutter&quot;:30}\">\r\n\t\t\t<div class=\"nuss-grid lazy-grid\">\r\n\t\t\t\t<div class=\"grid-sizer\"><\/div>\r\n\r\n\t\t\t\t\t\t\t\t\t\t\t\t<div class=\"grid-item\">\r\n\t\t\t\t\t\t<div class=\"nuss-box\">\t\t<div class=\"nuss-image image\">\r\n\t\t\t\t\t<\/div>\r\n\t\t\t\t<\/div>\t\t\t\t\t<\/div>\r\n\t\t\t\t\t\t<div class=\"grid-item\">\r\n\t\t\t\t\t\t<div class=\"nuss-box\">\t\t<div class=\"nuss-image image\">\r\n\t\t\t\t\t<\/div>\r\n\t\t\t\t<\/div>\t\t\t\t\t<\/div>\r\n\t\t\t\t\t\t<div class=\"grid-item\">\r\n\t\t\t\t\t\t<div class=\"nuss-box\">\t\t<div class=\"nuss-image image\">\r\n\t\t\t\t\t<\/div>\r\n\t\t\t\t<\/div>\t\t\t\t\t<\/div>\r\n\t\t\t\t\t\t<div class=\"grid-item\">\r\n\t\t\t\t\t\t<div class=\"nuss-box\">\t\t<div class=\"nuss-image image\">\r\n\t\t\t\t\t<\/div>\r\n\t\t\t\t<\/div>\t\t\t\t\t<\/div>\r\n\t\t\t\t\t\t<div class=\"grid-item\">\r\n\t\t\t\t\t\t<div class=\"nuss-box\">\t\t<div class=\"nuss-image image\">\r\n\t\t\t\t\t<\/div>\r\n\t\t\t\t<\/div>\t\t\t\t\t<\/div>\r\n\t\t\t\t\t\t<div class=\"grid-item\">\r\n\t\t\t\t\t\t<div class=\"nuss-box\">\t\t<div class=\"nuss-image image\">\r\n\t\t\t\t\t<\/div>\r\n\t\t\t\t<\/div>\t\t\t\t\t<\/div>\r\n\t\t\t\t\t\t<div class=\"grid-item\">\r\n\t\t\t\t\t\t<div class=\"nuss-box\">\t\t<div class=\"nuss-image image\">\r\n\t\t\t\t\t<\/div>\r\n\t\t\t\t<\/div>\t\t\t\t\t<\/div>\r\n\t\t\t\t\t\t<div class=\"grid-item\">\r\n\t\t\t\t\t\t<div class=\"nuss-box\">\t\t<div class=\"nuss-image image\">\r\n\t\t\t\t\t<\/div>\r\n\t\t\t\t<\/div>\t\t\t\t\t<\/div>\r\n\t\t\t\t\t\t<div class=\"grid-item\">\r\n\t\t\t\t\t\t<div class=\"nuss-box\">\t\t<div class=\"nuss-image image\">\r\n\t\t\t\t\t<\/div>\r\n\t\t\t\t<\/div>\t\t\t\t\t<\/div>\r\n\t\t\t\t\t\t\t\r\n\t\t\t<\/div>\r\n\t\t<\/div>\r\n\t\t\t\t\t\t<\/div>\n\t\t\t\t<\/div>\n\t\t\t\t\t<\/div>\n\t\t\t\t<\/div>\n\t\t<div class=\"elementor-element elementor-element-73867ef3 e-flex e-con-boxed e-con e-parent\" data-id=\"73867ef3\" data-element_type=\"container\" data-e-type=\"container\">\n\t\t\t\t\t<div class=\"e-con-inner\">\n\t\t\t\t<div class=\"elementor-element elementor-element-71c2f960 elementor-widget elementor-widget-heading\" data-id=\"71c2f960\" data-element_type=\"widget\" data-e-type=\"widget\" data-widget_type=\"heading.default\">\n\t\t\t\t<div class=\"elementor-widget-container\">\n\t\t\t\t\t<h2 class=\"elementor-heading-title elementor-size-default\">Verf\u00fcgbarkeit pr\u00fcfen <\/h2>\t\t\t\t<\/div>\n\t\t\t\t<\/div>\n\t\t\t\t<div class=\"elementor-element elementor-element-770a259d elementor-widget elementor-widget-text-editor\" data-id=\"770a259d\" data-element_type=\"widget\" data-e-type=\"widget\" data-widget_type=\"text-editor.default\">\n\t\t\t\t<div class=\"elementor-widget-container\">\n\t\t\t\t\t\t\t\t\t<iframe border=\"0\" src=\"https:\/\/www.trip.com\/partners\/ad\/S3711941?Allianceid=5415915&#038;SID=209793774&#038;trip_sub1=\" style=\"width:900px;height:200px\" frameborder=\"0\" scrolling=\"no\" id=\"S3711941\"><\/iframe>\t\t\t\t\t\t\t\t<\/div>\n\t\t\t\t<\/div>\n\t\t\t\t\t<\/div>\n\t\t\t\t<\/div>\n\t\t\t\t<\/div>","protected":false},"excerpt":{"rendered":"<p>Escape into a world of tranquility and rejuvenation at the luxurious Spa &amp; Wellness facilities of Chimelong Hotel, perfectly situated within the enchanting surroundings of Guangzhou Chimelong Safari Park. Nestled amidst lush greenery and the serene ambiance of one of China\u2019s premier wildlife destinations, our state-of-the-art spa offers a sanctuary of peace where you can [&hellip;]<\/p>\n","protected":false},"author":1,"featured_media":0,"parent":0,"menu_order":0,"comment_status":"closed","ping_status":"closed","template":"","meta":{"footnotes":""},"class_list":["post-2108","page","type-page","status-publish","hentry","post-no-thumbnail"],"_links":{"self":[{"href":"https:\/\/chimelonggiraffecastle.com\/de\/wp-json\/wp\/v2\/pages\/2108","targetHints":{"allow":["GET"]}}],"collection":[{"href":"https:\/\/chimelonggiraffecastle.com\/de\/wp-json\/wp\/v2\/pages"}],"about":[{"href":"https:\/\/chimelonggiraffecastle.com\/de\/wp-json\/wp\/v2\/types\/page"}],"author":[{"embeddable":true,"href":"https:\/\/chimelonggiraffecastle.com\/de\/wp-json\/wp\/v2\/users\/1"}],"replies":[{"embeddable":true,"href":"https:\/\/chimelonggiraffecastle.com\/de\/wp-json\/wp\/v2\/comments?post=2108"}],"version-history":[{"count":0,"href":"https:\/\/chimelonggiraffecastle.com\/de\/wp-json\/wp\/v2\/pages\/2108\/revisions"}],"wp:attachment":[{"href":"https:\/\/chimelonggiraffecastle.com\/de\/wp-json\/wp\/v2\/media?parent=2108"}],"curies":[{"name":"wp","href":"https:\/\/api.w.org\/{rel}","templated":true}]}}